{"id":130,"date":"2019-03-18T20:58:09","date_gmt":"2019-03-18T20:58:09","guid":{"rendered":"http:\/\/www.berlin-turbo.de\/?page_id=130"},"modified":"2019-03-18T20:58:09","modified_gmt":"2019-03-18T20:58:09","slug":"erklaerung-einwilligung-gdpr","status":"publish","type":"page","link":"https:\/\/www.turbo-fahrschule.com\/ar\/erklaerung-einwilligung-gdpr","title":{"rendered":"Erkl\u00e4rung &#8211; Einwilligung (GDPR)"},"content":{"rendered":"<p><strong>E R K L \u00c4 R U N G<\/strong><br \/>\nEinwilligung zur Verwendung personenbezogener Daten f\u00fcr Werbezwecke gem\u00e4\u00df Datenschutz-Grundverordnung (DSGVO)<\/p>\n<p>Mit der Annahme dieser Erkl\u00e4rung gebe ich dem Unternehmen Lo\u0161injska Plovidba Turizam d.o.o. die Einwilligung, meine personenbezogenen Daten &#8211; Telefonnummer und E-Mail-Adresse (im Weiteren: personenbezogene Daten) zu erheben und sie so zu verarbeiten, dass ich unter der Telefonnummer und E-Mail-Adresse zu Werbezwecken informiert werde (Sonderangebote, Rabatte, Neuigkeiten im Angebot, Treuekarte &#8230;).<\/p>\n<p>Diese personenbezogenen Daten d\u00fcrfen nur f\u00fcr die angegebenen Zwecke verwendet werden.Der Verantwortliche f\u00fcr die personenbezogenen Daten ist Lo\u0161injska Plovidba Turizam d.o.o. unter der Adresse Lo\u0161injskih brodograditelja 47, Mali Lo\u0161inj, Kroatien.Der Auftragsverarbeiter unternimmt alle technischen und organisatorischen Ma\u00dfnahmen zum Schutz personenbezogener Daten. Der Auftragsverarbeiter speichert meine personenbezogenen Daten bis zum R\u00fcckruf dieser Einwilligung.Ich gebe die betreffende Einwilligung freiwillig ab und best\u00e4tige mit ihrer Annahme, dass ich damit vertraut bin, dass ich die Einwilligung jederzeit zur\u00fcckziehen kann, ohne Nachteile zu erleiden. Ich bin auch damit vertraut, dass ich gem\u00e4\u00df Datenschutz-Grundverordnung unter bestimmten Bedingungen mein Recht aus\u00fcben kann, eine Best\u00e4tigung der Verarbeitung zu erhalten, meine personenbezogenen Daten einzusehen, zu korrigieren oder zu \u00e4ndern, mich \u00fcber eine weitere oder \u00fcberm\u00e4\u00dfige Verarbeitung zu beschweren, eine unrechtm\u00e4\u00dfige Verarbeitung zu blockieren, die L\u00f6schung meiner personenbezogenen Daten anzufordern und eine Kopie der personenbezogenen Daten zur Weitergabe an einen anderen Auftragsverarbeiter zu erhalten.<\/p>\n<p>Ich best\u00e4tige hiermit, dass ich vom Auftragsverarbeiter informiert wurde, dass ich alle anderen f\u00fcr die Verarbeitung meiner personenbezogenen Daten relevanten Informationen auf Anfrage an die E-Mail-Adresse privacy@losinia.hr erhalten kann.Sie k\u00f6nnen die Einwilligung an der gleichen Adresse widerrufen.Gegen die Verarbeitung personenbezogener Daten zu diesen Zwecken kann jederzeit Beschwerde eingereicht und die Zustimmung widerrufen werden.Durch Annahme dieser Erkl\u00e4rung und Bereitstellung Ihrer personenbezogenen Daten best\u00e4tigen Sie, dass Sie die Erkl\u00e4rung gelesen und verstanden haben und dass Sie Lo\u0161injska Plovidba Turizam d.o.o. als Auftragsverarbeiter erlauben, Ihre personenbezogenen Daten f\u00fcr die Zwecke der Marktforschung und Zusendung von Informationen, Angeboten und Werbematerial zu verarbeiten und zu nutzen.<\/p>\n<p>Sie erkl\u00e4ren hiermit ausdr\u00fccklich, dass Sie \u00e4lter als 18 sind und rechtlich f\u00e4hig sind, der Verarbeitung personenbezogener Daten, wie es in dieser Erkl\u00e4rung angegeben ist, zuzustimmen.<\/p>","protected":false},"excerpt":{"rendered":"<p>E R K L \u00c4 R U N G Einwilligung zur Verwendung personenbezogener Daten f\u00fcr Werbezwecke gem\u00e4\u00df Datenschutz-Grundverordnung (DSGVO) Mit [&hellip;]<\/p>","protected":false},"author":1,"featured_media":0,"parent":0,"menu_order":0,"comment_status":"closed","ping_status":"closed","template":"","meta":{"_uag_custom_page_level_css":"","site-sidebar-layout":"default","site-content-layout":"","ast-site-content-layout":"default","site-content-style":"default","site-sidebar-style":"default","ast-global-header-display":"","ast-banner-title-visibility":"","ast-main-header-display":"","ast-hfb-above-header-display":"","ast-hfb-below-header-display":"","ast-hfb-mobile-header-display":"","site-post-title":"","ast-breadcrumbs-content":"","ast-featured-img":"","footer-sml-layout":"","ast-disable-related-posts":"","theme-transparent-header-meta":"","adv-header-id-meta":"","stick-header-meta":"","header-above-stick-meta":"","header-main-stick-meta":"","header-below-stick-meta":"","astra-migrate-meta-layouts":"default","ast-page-background-enabled":"default","ast-page-background-meta":{"desktop":{"background-color":"var(--ast-global-color-5)","background-image":"","background-repeat":"repeat","background-position":"center center","background-size":"auto","background-attachment":"scroll","background-type":"","background-media":"","overlay-type":"","overlay-color":"","overlay-opacity":"","overlay-gradient":""},"tablet":{"background-color":"","background-image":"","background-repeat":"repeat","background-position":"center center","background-size":"auto","background-attachment":"scroll","background-type":"","background-media":"","overlay-type":"","overlay-color":"","overlay-opacity":"","overlay-gradient":""},"mobile":{"background-color":"","background-image":"","background-repeat":"repeat","background-position":"center center","background-size":"auto","background-attachment":"scroll","background-type":"","background-media":"","overlay-type":"","overlay-color":"","overlay-opacity":"","overlay-gradient":""}},"ast-content-background-meta":{"desktop":{"background-color":"var(--ast-global-color-4)","background-image":"","background-repeat":"repeat","background-position":"center center","background-size":"auto","background-attachment":"scroll","background-type":"","background-media":"","overlay-type":"","overlay-color":"","overlay-opacity":"","overlay-gradient":""},"tablet":{"background-color":"var(--ast-global-color-4)","background-image":"","background-repeat":"repeat","background-position":"center center","background-size":"auto","background-attachment":"scroll","background-type":"","background-media":"","overlay-type":"","overlay-color":"","overlay-opacity":"","overlay-gradient":""},"mobile":{"background-color":"var(--ast-global-color-4)","background-image":"","background-repeat":"repeat","background-position":"center center","background-size":"auto","background-attachment":"scroll","background-type":"","background-media":"","overlay-type":"","overlay-color":"","overlay-opacity":"","overlay-gradient":""}},"footnotes":""},"class_list":["post-130","page","type-page","status-publish","hentry"],"yoast_head":"<!-- This site is optimized with the Yoast SEO Premium plugin v26.8 (Yoast SEO v26.8) - https:\/\/yoast.com\/product\/yoast-seo-premium-wordpress\/ -->\n<title>Erkl\u00e4rung - Einwilligung (GDPR) - Turbo-Fahrschule Berlin<\/title>\n<meta name=\"robots\" content=\"index, follow, max-snippet:-1, max-image-preview:large, max-video-preview:-1\" \/>\n<link rel=\"canonical\" href=\"https:\/\/www.turbo-fahrschule.com\/ar\/erklaerung-einwilligung-gdpr\/\" \/>\n<meta property=\"og:locale\" content=\"ar_AR\" \/>\n<meta property=\"og:type\" content=\"article\" \/>\n<meta property=\"og:title\" content=\"Erkl\u00e4rung - Einwilligung (GDPR)\" \/>\n<meta property=\"og:description\" content=\"E R K L \u00c4 R U N G Einwilligung zur Verwendung personenbezogener Daten f\u00fcr Werbezwecke gem\u00e4\u00df Datenschutz-Grundverordnung (DSGVO) Mit [&hellip;]\" \/>\n<meta property=\"og:url\" content=\"https:\/\/www.turbo-fahrschule.com\/ar\/erklaerung-einwilligung-gdpr\/\" \/>\n<meta property=\"og:site_name\" content=\"Turbo-Fahrschule Berlin\" \/>\n<meta property=\"article:publisher\" content=\"https:\/\/www.facebook.com\/TurboFahrschule\/\" \/>\n<meta property=\"og:image\" content=\"https:\/\/www.turbo-fahrschule.com\/wp-content\/uploads\/2021\/05\/Logo.jpeg-Kopie-2.jpg\" \/>\n\t<meta property=\"og:image:width\" content=\"2301\" \/>\n\t<meta property=\"og:image:height\" content=\"2283\" \/>\n\t<meta property=\"og:image:type\" content=\"image\/jpeg\" \/>\n<meta name=\"twitter:card\" content=\"summary_large_image\" \/>\n<meta name=\"twitter:label1\" content=\"\u0648\u0642\u062a \u0627\u0644\u0642\u0631\u0627\u0621\u0629 \u0627\u0644\u0645\u064f\u0642\u062f\u0651\u0631\" \/>\n\t<meta name=\"twitter:data1\" content=\"\u062f\u0642\u064a\u0642\u062a\u0627\u0646\" \/>\n<script type=\"application\/ld+json\" class=\"yoast-schema-graph\">{\"@context\":\"https:\/\/schema.org\",\"@graph\":[{\"@type\":\"WebPage\",\"@id\":\"https:\/\/www.turbo-fahrschule.com\/erklaerung-einwilligung-gdpr\",\"url\":\"https:\/\/www.turbo-fahrschule.com\/erklaerung-einwilligung-gdpr\",\"name\":\"Erkl\u00e4rung - Einwilligung (GDPR) - Turbo-Fahrschule Berlin\",\"isPartOf\":{\"@id\":\"https:\/\/www.turbo-fahrschule.com\/#website\"},\"datePublished\":\"2019-03-18T20:58:09+00:00\",\"breadcrumb\":{\"@id\":\"https:\/\/www.turbo-fahrschule.com\/erklaerung-einwilligung-gdpr#breadcrumb\"},\"inLanguage\":\"ar\",\"potentialAction\":[{\"@type\":\"ReadAction\",\"target\":[\"https:\/\/www.turbo-fahrschule.com\/erklaerung-einwilligung-gdpr\"]}]},{\"@type\":\"BreadcrumbList\",\"@id\":\"https:\/\/www.turbo-fahrschule.com\/erklaerung-einwilligung-gdpr#breadcrumb\",\"itemListElement\":[{\"@type\":\"ListItem\",\"position\":1,\"name\":\"Startseite\",\"item\":\"https:\/\/www.turbo-fahrschule.com\/\"},{\"@type\":\"ListItem\",\"position\":2,\"name\":\"Erkl\u00e4rung &#8211; Einwilligung (GDPR)\"}]},{\"@type\":\"WebSite\",\"@id\":\"https:\/\/www.turbo-fahrschule.com\/#website\",\"url\":\"https:\/\/www.turbo-fahrschule.com\/\",\"name\":\"Turbo Fahrschule Berlin\",\"description\":\"mehr als 35 Jahre Erfahrungen\",\"publisher\":{\"@id\":\"https:\/\/www.turbo-fahrschule.com\/#organization\"},\"potentialAction\":[{\"@type\":\"SearchAction\",\"target\":{\"@type\":\"EntryPoint\",\"urlTemplate\":\"https:\/\/www.turbo-fahrschule.com\/?s={search_term_string}\"},\"query-input\":{\"@type\":\"PropertyValueSpecification\",\"valueRequired\":true,\"valueName\":\"search_term_string\"}}],\"inLanguage\":\"ar\"},{\"@type\":\"Organization\",\"@id\":\"https:\/\/www.turbo-fahrschule.com\/#organization\",\"name\":\"Turbo Fahrschule Berlin\",\"url\":\"https:\/\/www.turbo-fahrschule.com\/\",\"logo\":{\"@type\":\"ImageObject\",\"inLanguage\":\"ar\",\"@id\":\"https:\/\/www.turbo-fahrschule.com\/#\/schema\/logo\/image\/\",\"url\":\"https:\/\/www.turbo-fahrschule.com\/wp-content\/uploads\/2021\/05\/Logo.jpeg-Kopie-2.jpg\",\"contentUrl\":\"https:\/\/www.turbo-fahrschule.com\/wp-content\/uploads\/2021\/05\/Logo.jpeg-Kopie-2.jpg\",\"width\":2301,\"height\":2283,\"caption\":\"Turbo Fahrschule Berlin\"},\"image\":{\"@id\":\"https:\/\/www.turbo-fahrschule.com\/#\/schema\/logo\/image\/\"},\"sameAs\":[\"https:\/\/www.facebook.com\/TurboFahrschule\/\"]}]}<\/script>\n<!-- \/ Yoast SEO Premium plugin. -->","yoast_head_json":{"title":"Erkl\u00e4rung - Einwilligung (GDPR) - Turbo-Fahrschule Berlin","robots":{"index":"index","follow":"follow","max-snippet":"max-snippet:-1","max-image-preview":"max-image-preview:large","max-video-preview":"max-video-preview:-1"},"canonical":"https:\/\/www.turbo-fahrschule.com\/ar\/erklaerung-einwilligung-gdpr\/","og_locale":"ar_AR","og_type":"article","og_title":"Erkl\u00e4rung - Einwilligung (GDPR)","og_description":"E R K L \u00c4 R U N G Einwilligung zur Verwendung personenbezogener Daten f\u00fcr Werbezwecke gem\u00e4\u00df Datenschutz-Grundverordnung (DSGVO) Mit [&hellip;]","og_url":"https:\/\/www.turbo-fahrschule.com\/ar\/erklaerung-einwilligung-gdpr\/","og_site_name":"Turbo-Fahrschule Berlin","article_publisher":"https:\/\/www.facebook.com\/TurboFahrschule\/","og_image":[{"width":2301,"height":2283,"url":"https:\/\/www.turbo-fahrschule.com\/wp-content\/uploads\/2021\/05\/Logo.jpeg-Kopie-2.jpg","type":"image\/jpeg"}],"twitter_card":"summary_large_image","twitter_misc":{"\u0648\u0642\u062a \u0627\u0644\u0642\u0631\u0627\u0621\u0629 \u0627\u0644\u0645\u064f\u0642\u062f\u0651\u0631":"\u062f\u0642\u064a\u0642\u062a\u0627\u0646"},"schema":{"@context":"https:\/\/schema.org","@graph":[{"@type":"WebPage","@id":"https:\/\/www.turbo-fahrschule.com\/erklaerung-einwilligung-gdpr","url":"https:\/\/www.turbo-fahrschule.com\/erklaerung-einwilligung-gdpr","name":"Erkl\u00e4rung - Einwilligung (GDPR) - Turbo-Fahrschule Berlin","isPartOf":{"@id":"https:\/\/www.turbo-fahrschule.com\/#website"},"datePublished":"2019-03-18T20:58:09+00:00","breadcrumb":{"@id":"https:\/\/www.turbo-fahrschule.com\/erklaerung-einwilligung-gdpr#breadcrumb"},"inLanguage":"ar","potentialAction":[{"@type":"ReadAction","target":["https:\/\/www.turbo-fahrschule.com\/erklaerung-einwilligung-gdpr"]}]},{"@type":"BreadcrumbList","@id":"https:\/\/www.turbo-fahrschule.com\/erklaerung-einwilligung-gdpr#breadcrumb","itemListElement":[{"@type":"ListItem","position":1,"name":"Startseite","item":"https:\/\/www.turbo-fahrschule.com\/"},{"@type":"ListItem","position":2,"name":"Erkl\u00e4rung &#8211; Einwilligung (GDPR)"}]},{"@type":"WebSite","@id":"https:\/\/www.turbo-fahrschule.com\/#website","url":"https:\/\/www.turbo-fahrschule.com\/","name":"Turbo Fahrschule Berlin","description":"mehr als 35 Jahre Erfahrungen","publisher":{"@id":"https:\/\/www.turbo-fahrschule.com\/#organization"},"potentialAction":[{"@type":"SearchAction","target":{"@type":"EntryPoint","urlTemplate":"https:\/\/www.turbo-fahrschule.com\/?s={search_term_string}"},"query-input":{"@type":"PropertyValueSpecification","valueRequired":true,"valueName":"search_term_string"}}],"inLanguage":"ar"},{"@type":"Organization","@id":"https:\/\/www.turbo-fahrschule.com\/#organization","name":"Turbo Fahrschule Berlin","url":"https:\/\/www.turbo-fahrschule.com\/","logo":{"@type":"ImageObject","inLanguage":"ar","@id":"https:\/\/www.turbo-fahrschule.com\/#\/schema\/logo\/image\/","url":"https:\/\/www.turbo-fahrschule.com\/wp-content\/uploads\/2021\/05\/Logo.jpeg-Kopie-2.jpg","contentUrl":"https:\/\/www.turbo-fahrschule.com\/wp-content\/uploads\/2021\/05\/Logo.jpeg-Kopie-2.jpg","width":2301,"height":2283,"caption":"Turbo Fahrschule Berlin"},"image":{"@id":"https:\/\/www.turbo-fahrschule.com\/#\/schema\/logo\/image\/"},"sameAs":["https:\/\/www.facebook.com\/TurboFahrschule\/"]}]}},"spectra_custom_meta":{"classic-editor-remember":["classic-editor"],"_edit_lock":["1620046390:3"],"_edit_last":["1"],"_wp_page_template":["default"],"_heateor_sss_meta":["a:2:{s:7:\"sharing\";i:0;s:16:\"vertical_sharing\";i:0;}"],"_uag_page_assets":["a:9:{s:3:\"css\";s:0:\"\";s:2:\"js\";s:0:\"\";s:18:\"current_block_list\";a:0:{}s:8:\"uag_flag\";b:0;s:11:\"uag_version\";s:10:\"1774360284\";s:6:\"gfonts\";a:0:{}s:10:\"gfonts_url\";s:0:\"\";s:12:\"gfonts_files\";a:0:{}s:14:\"uag_faq_layout\";b:0;}"]},"uagb_featured_image_src":{"full":false,"thumbnail":false,"medium":false,"medium_large":false,"large":false,"1536x1536":false,"2048x2048":false,"trp-custom-language-flag":false},"uagb_author_info":{"display_name":"Modeer","author_link":"https:\/\/www.turbo-fahrschule.com\/ar\/author\/modeer"},"uagb_comment_info":0,"uagb_excerpt":"E R K L \u00c4 R U N G Einwilligung zur Verwendung personenbezogener Daten f\u00fcr Werbezwecke gem\u00e4\u00df Datenschutz-Grundverordnung (DSGVO) Mit [&hellip;]","_links":{"self":[{"href":"https:\/\/www.turbo-fahrschule.com\/ar\/wp-json\/wp\/v2\/pages\/130","targetHints":{"allow":["GET"]}}],"collection":[{"href":"https:\/\/www.turbo-fahrschule.com\/ar\/wp-json\/wp\/v2\/pages"}],"about":[{"href":"https:\/\/www.turbo-fahrschule.com\/ar\/wp-json\/wp\/v2\/types\/page"}],"author":[{"embeddable":true,"href":"https:\/\/www.turbo-fahrschule.com\/ar\/wp-json\/wp\/v2\/users\/1"}],"replies":[{"embeddable":true,"href":"https:\/\/www.turbo-fahrschule.com\/ar\/wp-json\/wp\/v2\/comments?post=130"}],"version-history":[{"count":1,"href":"https:\/\/www.turbo-fahrschule.com\/ar\/wp-json\/wp\/v2\/pages\/130\/revisions"}],"predecessor-version":[{"id":131,"href":"https:\/\/www.turbo-fahrschule.com\/ar\/wp-json\/wp\/v2\/pages\/130\/revisions\/131"}],"wp:attachment":[{"href":"https:\/\/www.turbo-fahrschule.com\/ar\/wp-json\/wp\/v2\/media?parent=130"}],"curies":[{"name":"wp","href":"https:\/\/api.w.org\/{rel}","templated":true}]}}