{"id":179,"date":"2020-07-23T10:48:54","date_gmt":"2020-07-23T10:48:54","guid":{"rendered":"http:\/\/www.turbo-fahrschule.com\/?page_id=179"},"modified":"2025-12-13T09:39:26","modified_gmt":"2025-12-13T09:39:26","slug":"b196","status":"publish","type":"page","link":"https:\/\/www.turbo-fahrschule.com\/ar\/b196","title":{"rendered":"B 196 Motorradfahren"},"content":{"rendered":"<h2 style=\"text-align: center;\"><a href=\"https:\/\/www.clickclickdrive.de\/partner\/student-registration\/91dfe206687f4df28fb9241533d12b73\" target=\"_blank\" rel=\"noopener\">zur online Anmeldung<\/a><\/h2>\n<p>\n\n\n\n<h2 style=\"text-align: center;\">Motorradfahren ohne Pr\u00fcfung!<br \/>Der n\u00e4chste Theorieunterricht beginnt ab 20.02.2026<\/h2>\n<p style=\"text-align: center;\"><strong>(Die Fahrstunden k\u00f6nnen fr\u00fcher beginnen)<\/strong><\/p>\n<p style=\"text-align: center;\"><strong>Bitte telefonisch oder hier &gt;&gt; <a href=\"\/ar\/_wp_link_placeholder\/\" data-wplink-edit=\"true\">online anmelden <\/a><\/strong><\/p>\n<div style=\"width: 848px;\" class=\"wp-video\"><video class=\"wp-video-shortcode\" id=\"video-179-1\" width=\"848\" height=\"480\" autoplay preload=\"metadata\" controls=\"controls\"><source type=\"video\/mp4\" src=\"http:\/\/www.turbo-fahrschule.com\/wp-content\/uploads\/2022\/04\/TurboFahrschule-Motoradfahren.mp4?_=1\" \/><a href=\"http:\/\/www.turbo-fahrschule.com\/wp-content\/uploads\/2022\/04\/TurboFahrschule-Motoradfahren.mp4\">http:\/\/www.turbo-fahrschule.com\/wp-content\/uploads\/2022\/04\/TurboFahrschule-Motoradfahren.mp4<\/a><\/video><\/div>\n<h3 style=\"text-align: center;\">Kosten: \u20ac599<\/h3>\n<p style=\"text-align: center;\"><strong>Inklusive: 4x 90 Minuten Theorie + 5x 90 Minuten praktisches Fahren.<\/strong><\/p>\n<h3 id=\"headline_1_0\" style=\"text-align: center;\">Voraussetzungen<\/h3>\n<p style=\"text-align: center;\">Die Fahrerlaubnis der Klasse B kann mit der Schl\u00fcsselzahl 196 erteilt werden, wenn:<\/p>\n<ol>\n<li style=\"text-align: left;\">der Inhaber ununterbrochen seit den letzten <strong>5 Jahren<\/strong> (oder l\u00e4nger) eine deutsche Fahrerlaubnis bzw. der <strong>Klasse B<\/strong> besitzt. Der Besitz einer Fahrerlaubnis aus einem EU oder EWR Staat kann Ber\u00fccksichtigung finden. Die Pr\u00fcfung wird von der Fahrerlaubnisbeh\u00f6rde vollzogen.<\/li>\n<li style=\"text-align: left;\">der Antragsteller bei der Erteilung das <strong>Mindestalters<\/strong> von <strong>25 Jahren<\/strong> erreicht hat.<\/li>\n<li style=\"text-align: left;\">ein Nachweis (gem\u00e4\u00df Anlage 7b FeV) der erfolgreichen Teilnahme an einer \u201eFahrschulung\u201c von mind. neun Unterrichtseinheiten (UE) von jeweils 90 Minuten (Theorie mind. vier und Praxis mind. f\u00fcnf UE) vorliegt.<\/li>\n<li style=\"text-align: left;\">zwischen Fahrschulung und Eintragung max. ein Jahr liegen.<\/li>\n<\/ol>\n<p style=\"text-align: center;\">Inhaber einer Fahrerlaubnis der Klasse B 196 sind berechtigt neben den Fahrzeugen der Klasse B auch Kraftr\u00e4der (mit Beiwagen) der Klasse A1 (Hubraum 125 cm3, einer Motorleistung von nicht mehr als 11 kW, bei denen das Verh\u00e4ltnis der Leistung zum Gewicht 0,1 kW\/kg nicht \u00fcbersteigt) zu f\u00fchren. Die f\u00fcr die Klasse A1 vorgeschriebene Ausbildung muss nicht vollst\u00e4ndig durchlaufen werden. Eine theoretische und praktische Pr\u00fcfung muss nicht ablegt werden.<\/p>\n<p style=\"text-align: center;\">Die Eintragung berechtigt nur zum Fahren innerhalb der Bundesrepublik.<\/p>\n<p style=\"text-align: center;\">Mit der Eintragung dieser Schl\u00fcsselzahl wird keine Fahrerlaubnis der Klasse A1 erworben! Eine Erweiterung auf die Klasse A2 nach \u00a7 15 Absatz 3 FeV ist nicht m\u00f6glich.<\/p>\n<h3 id=\"headline_1_1\" style=\"text-align: center;\">Fahrerschulung<\/h3>\n<p style=\"text-align: center;\">Voraussetzung f\u00fcr die Erteilung der Fahrerlaubnis mit der Schl\u00fcsselzahl 196 ist die erfolgreiche Teilnahme an einer Fahrerschulung von mindestens neun Stunden in einer Fahrschule.<\/p>\n<p style=\"text-align: center;\">Nach Abschluss der Fahrerschulung hat die Fahrschule dem Teilnehmer eine Bescheinigung \u00fcber die erfolgreiche Teilnahme gem\u00e4\u00df Anlage 7b FeV auszustellen.<\/p>\n<h3 id=\"headline_1_2\" style=\"text-align: center;\">Antragstellung<\/h3>\n<p style=\"text-align: center;\">Die Eintragung der Schl\u00fcsselzahl 196 erfolgt unter Vorlage eines Identit\u00e4tsnachweises, des Nachweises der erfolgreichen Teilnahme an einer \u201eFahrschulung\u201c und eines aktuellen biometrischen Lichtbildes.<\/p>\n<p style=\"text-align: center;\">Die Geb\u00fchr beim Amt betr\u00e4gt <strong>37,30 \u20ac<\/strong>.<\/p>\n\n\n<\/p>\n<p>\n\n\n<\/p>","protected":false},"excerpt":{"rendered":"<p>zur online Anmeldung Motorradfahren ohne Pr\u00fcfung!Der n\u00e4chste Theorieunterricht beginnt ab 20.02.2026 (Die Fahrstunden k\u00f6nnen fr\u00fcher beginnen) Bitte telefonisch oder hier [&hellip;]<\/p>","protected":false},"author":1,"featured_media":0,"parent":0,"menu_order":0,"comment_status":"closed","ping_status":"closed","template":"","meta":{"_uag_custom_page_level_css":"","site-sidebar-layout":"default","site-content-layout":"","ast-site-content-layout":"default","site-content-style":"default","site-sidebar-style":"default","ast-global-header-display":"","ast-banner-title-visibility":"","ast-main-header-display":"","ast-hfb-above-header-display":"","ast-hfb-below-header-display":"","ast-hfb-mobile-header-display":"","site-post-title":"","ast-breadcrumbs-content":"","ast-featured-img":"","footer-sml-layout":"","ast-disable-related-posts":"","theme-transparent-header-meta":"","adv-header-id-meta":"","stick-header-meta":"","header-above-stick-meta":"","header-main-stick-meta":"","header-below-stick-meta":"","astra-migrate-meta-layouts":"default","ast-page-background-enabled":"default","ast-page-background-meta":{"desktop":{"background-color":"var(--ast-global-color-5)","background-image":"","background-repeat":"repeat","background-position":"center center","background-size":"auto","background-attachment":"scroll","background-type":"","background-media":"","overlay-type":"","overlay-color":"","overlay-opacity":"","overlay-gradient":""},"tablet":{"background-color":"","background-image":"","background-repeat":"repeat","background-position":"center center","background-size":"auto","background-attachment":"scroll","background-type":"","background-media":"","overlay-type":"","overlay-color":"","overlay-opacity":"","overlay-gradient":""},"mobile":{"background-color":"","background-image":"","background-repeat":"repeat","background-position":"center center","background-size":"auto","background-attachment":"scroll","background-type":"","background-media":"","overlay-type":"","overlay-color":"","overlay-opacity":"","overlay-gradient":""}},"ast-content-background-meta":{"desktop":{"background-color":"var(--ast-global-color-4)","background-image":"","background-repeat":"repeat","background-position":"center center","background-size":"auto","background-attachment":"scroll","background-type":"","background-media":"","overlay-type":"","overlay-color":"","overlay-opacity":"","overlay-gradient":""},"tablet":{"background-color":"var(--ast-global-color-4)","background-image":"","background-repeat":"repeat","background-position":"center center","background-size":"auto","background-attachment":"scroll","background-type":"","background-media":"","overlay-type":"","overlay-color":"","overlay-opacity":"","overlay-gradient":""},"mobile":{"background-color":"var(--ast-global-color-4)","background-image":"","background-repeat":"repeat","background-position":"center center","background-size":"auto","background-attachment":"scroll","background-type":"","background-media":"","overlay-type":"","overlay-color":"","overlay-opacity":"","overlay-gradient":""}},"footnotes":""},"class_list":["post-179","page","type-page","status-publish","hentry"],"yoast_head":"<!-- This site is optimized with the Yoast SEO Premium plugin v26.8 (Yoast SEO v26.8) - https:\/\/yoast.com\/product\/yoast-seo-premium-wordpress\/ -->\n<title>B 196 Motorradfahren - Turbo-Fahrschule Berlin<\/title>\n<meta name=\"robots\" content=\"index, follow, max-snippet:-1, max-image-preview:large, max-video-preview:-1\" \/>\n<link rel=\"canonical\" href=\"https:\/\/www.turbo-fahrschule.com\/ar\/b196\/\" \/>\n<meta property=\"og:locale\" content=\"ar_AR\" \/>\n<meta property=\"og:type\" content=\"article\" \/>\n<meta property=\"og:title\" content=\"B 196 Motorradfahren\" \/>\n<meta property=\"og:description\" content=\"zur online Anmeldung Motorradfahren ohne Pr\u00fcfung!Der n\u00e4chste Theorieunterricht beginnt ab 20.02.2026 (Die Fahrstunden k\u00f6nnen fr\u00fcher beginnen) Bitte telefonisch oder hier [&hellip;]\" \/>\n<meta property=\"og:url\" content=\"https:\/\/www.turbo-fahrschule.com\/ar\/b196\/\" \/>\n<meta property=\"og:site_name\" content=\"Turbo-Fahrschule Berlin\" \/>\n<meta property=\"article:publisher\" content=\"https:\/\/www.facebook.com\/TurboFahrschule\/\" \/>\n<meta property=\"article:modified_time\" content=\"2025-12-13T09:39:26+00:00\" \/>\n<meta property=\"og:image\" content=\"https:\/\/www.turbo-fahrschule.com\/wp-content\/uploads\/2021\/05\/Logo.jpeg-Kopie-2.jpg\" \/>\n\t<meta property=\"og:image:width\" content=\"2301\" \/>\n\t<meta property=\"og:image:height\" content=\"2283\" \/>\n\t<meta property=\"og:image:type\" content=\"image\/jpeg\" \/>\n<meta name=\"twitter:card\" content=\"summary_large_image\" \/>\n<meta name=\"twitter:label1\" content=\"\u0648\u0642\u062a \u0627\u0644\u0642\u0631\u0627\u0621\u0629 \u0627\u0644\u0645\u064f\u0642\u062f\u0651\u0631\" \/>\n\t<meta name=\"twitter:data1\" content=\"\u062f\u0642\u064a\u0642\u062a\u0627\u0646\" \/>\n<script type=\"application\/ld+json\" class=\"yoast-schema-graph\">{\"@context\":\"https:\/\/schema.org\",\"@graph\":[{\"@type\":\"WebPage\",\"@id\":\"https:\/\/www.turbo-fahrschule.com\/b196\",\"url\":\"https:\/\/www.turbo-fahrschule.com\/b196\",\"name\":\"B 196 Motorradfahren - Turbo-Fahrschule Berlin\",\"isPartOf\":{\"@id\":\"https:\/\/www.turbo-fahrschule.com\/#website\"},\"datePublished\":\"2020-07-23T10:48:54+00:00\",\"dateModified\":\"2025-12-13T09:39:26+00:00\",\"breadcrumb\":{\"@id\":\"https:\/\/www.turbo-fahrschule.com\/b196#breadcrumb\"},\"inLanguage\":\"ar\",\"potentialAction\":[{\"@type\":\"ReadAction\",\"target\":[\"https:\/\/www.turbo-fahrschule.com\/b196\"]}]},{\"@type\":\"BreadcrumbList\",\"@id\":\"https:\/\/www.turbo-fahrschule.com\/b196#breadcrumb\",\"itemListElement\":[{\"@type\":\"ListItem\",\"position\":1,\"name\":\"Startseite\",\"item\":\"https:\/\/www.turbo-fahrschule.com\/\"},{\"@type\":\"ListItem\",\"position\":2,\"name\":\"B 196 Motorradfahren\"}]},{\"@type\":\"WebSite\",\"@id\":\"https:\/\/www.turbo-fahrschule.com\/#website\",\"url\":\"https:\/\/www.turbo-fahrschule.com\/\",\"name\":\"Turbo Fahrschule Berlin\",\"description\":\"mehr als 35 Jahre Erfahrungen\",\"publisher\":{\"@id\":\"https:\/\/www.turbo-fahrschule.com\/#organization\"},\"potentialAction\":[{\"@type\":\"SearchAction\",\"target\":{\"@type\":\"EntryPoint\",\"urlTemplate\":\"https:\/\/www.turbo-fahrschule.com\/?s={search_term_string}\"},\"query-input\":{\"@type\":\"PropertyValueSpecification\",\"valueRequired\":true,\"valueName\":\"search_term_string\"}}],\"inLanguage\":\"ar\"},{\"@type\":\"Organization\",\"@id\":\"https:\/\/www.turbo-fahrschule.com\/#organization\",\"name\":\"Turbo Fahrschule Berlin\",\"url\":\"https:\/\/www.turbo-fahrschule.com\/\",\"logo\":{\"@type\":\"ImageObject\",\"inLanguage\":\"ar\",\"@id\":\"https:\/\/www.turbo-fahrschule.com\/#\/schema\/logo\/image\/\",\"url\":\"https:\/\/www.turbo-fahrschule.com\/wp-content\/uploads\/2021\/05\/Logo.jpeg-Kopie-2.jpg\",\"contentUrl\":\"https:\/\/www.turbo-fahrschule.com\/wp-content\/uploads\/2021\/05\/Logo.jpeg-Kopie-2.jpg\",\"width\":2301,\"height\":2283,\"caption\":\"Turbo Fahrschule Berlin\"},\"image\":{\"@id\":\"https:\/\/www.turbo-fahrschule.com\/#\/schema\/logo\/image\/\"},\"sameAs\":[\"https:\/\/www.facebook.com\/TurboFahrschule\/\"]}]}<\/script>\n<!-- \/ Yoast SEO Premium plugin. -->","yoast_head_json":{"title":"B 196 Motorradfahren - Turbo-Fahrschule Berlin","robots":{"index":"index","follow":"follow","max-snippet":"max-snippet:-1","max-image-preview":"max-image-preview:large","max-video-preview":"max-video-preview:-1"},"canonical":"https:\/\/www.turbo-fahrschule.com\/ar\/b196\/","og_locale":"ar_AR","og_type":"article","og_title":"B 196 Motorradfahren","og_description":"zur online Anmeldung Motorradfahren ohne Pr\u00fcfung!Der n\u00e4chste Theorieunterricht beginnt ab 20.02.2026 (Die Fahrstunden k\u00f6nnen fr\u00fcher beginnen) Bitte telefonisch oder hier [&hellip;]","og_url":"https:\/\/www.turbo-fahrschule.com\/ar\/b196\/","og_site_name":"Turbo-Fahrschule Berlin","article_publisher":"https:\/\/www.facebook.com\/TurboFahrschule\/","article_modified_time":"2025-12-13T09:39:26+00:00","og_image":[{"width":2301,"height":2283,"url":"https:\/\/www.turbo-fahrschule.com\/wp-content\/uploads\/2021\/05\/Logo.jpeg-Kopie-2.jpg","type":"image\/jpeg"}],"twitter_card":"summary_large_image","twitter_misc":{"\u0648\u0642\u062a \u0627\u0644\u0642\u0631\u0627\u0621\u0629 \u0627\u0644\u0645\u064f\u0642\u062f\u0651\u0631":"\u062f\u0642\u064a\u0642\u062a\u0627\u0646"},"schema":{"@context":"https:\/\/schema.org","@graph":[{"@type":"WebPage","@id":"https:\/\/www.turbo-fahrschule.com\/b196","url":"https:\/\/www.turbo-fahrschule.com\/b196","name":"B 196 Motorradfahren - Turbo-Fahrschule Berlin","isPartOf":{"@id":"https:\/\/www.turbo-fahrschule.com\/#website"},"datePublished":"2020-07-23T10:48:54+00:00","dateModified":"2025-12-13T09:39:26+00:00","breadcrumb":{"@id":"https:\/\/www.turbo-fahrschule.com\/b196#breadcrumb"},"inLanguage":"ar","potentialAction":[{"@type":"ReadAction","target":["https:\/\/www.turbo-fahrschule.com\/b196"]}]},{"@type":"BreadcrumbList","@id":"https:\/\/www.turbo-fahrschule.com\/b196#breadcrumb","itemListElement":[{"@type":"ListItem","position":1,"name":"Startseite","item":"https:\/\/www.turbo-fahrschule.com\/"},{"@type":"ListItem","position":2,"name":"B 196 Motorradfahren"}]},{"@type":"WebSite","@id":"https:\/\/www.turbo-fahrschule.com\/#website","url":"https:\/\/www.turbo-fahrschule.com\/","name":"Turbo Fahrschule Berlin","description":"mehr als 35 Jahre Erfahrungen","publisher":{"@id":"https:\/\/www.turbo-fahrschule.com\/#organization"},"potentialAction":[{"@type":"SearchAction","target":{"@type":"EntryPoint","urlTemplate":"https:\/\/www.turbo-fahrschule.com\/?s={search_term_string}"},"query-input":{"@type":"PropertyValueSpecification","valueRequired":true,"valueName":"search_term_string"}}],"inLanguage":"ar"},{"@type":"Organization","@id":"https:\/\/www.turbo-fahrschule.com\/#organization","name":"Turbo Fahrschule Berlin","url":"https:\/\/www.turbo-fahrschule.com\/","logo":{"@type":"ImageObject","inLanguage":"ar","@id":"https:\/\/www.turbo-fahrschule.com\/#\/schema\/logo\/image\/","url":"https:\/\/www.turbo-fahrschule.com\/wp-content\/uploads\/2021\/05\/Logo.jpeg-Kopie-2.jpg","contentUrl":"https:\/\/www.turbo-fahrschule.com\/wp-content\/uploads\/2021\/05\/Logo.jpeg-Kopie-2.jpg","width":2301,"height":2283,"caption":"Turbo Fahrschule Berlin"},"image":{"@id":"https:\/\/www.turbo-fahrschule.com\/#\/schema\/logo\/image\/"},"sameAs":["https:\/\/www.facebook.com\/TurboFahrschule\/"]}]}},"spectra_custom_meta":{"classic-editor-remember":["classic-editor"],"_edit_lock":["1765618773:2"],"_edit_last":["2"],"_wp_page_template":["default"],"_heateor_sss_meta":["a:2:{s:7:\"sharing\";i:0;s:16:\"vertical_sharing\";i:0;}"],"_yoast_wpseo_content_score":["90"],"_yoast_wpseo_focuskeywords":["[]"],"_yoast_wpseo_keywordsynonyms":["[\"\"]"],"_yoast_wpseo_estimated-reading-time-minutes":["2"],"_elementor_template_type":["wp-page"],"_elementor_version":["3.18.2"],"_elementor_pro_version":["3.10.3"],"_elementor_data":["[{\"id\":\"384ff9d3\",\"elType\":\"section\",\"settings\":[],\"elements\":[{\"id\":\"7c11838a\",\"elType\":\"column\",\"settings\":{\"_column_size\":100},\"elements\":[{\"id\":\"e56e082\",\"elType\":\"widget\",\"settings\":{\"editor\":\"<h2 style=\\\"text-align: center;\\\"><a href=\\\"https:\\\/\\\/www.clickclickdrive.de\\\/partner\\\/student-registration\\\/91dfe206687f4df28fb9241533d12b73\\\" target=\\\"_blank\\\" rel=\\\"noopener\\\">zur online Anmeldung<\\\/a><\\\/h2>\\n<p><!-- wp:image {\\\"align\\\":\\\"center\\\",\\\"id\\\":372,\\\"sizeSlug\\\":\\\"large\\\",\\\"linkDestination\\\":\\\"custom\\\",\\\"className\\\":\\\"is-style-default\\\"} --><\\\/p>\\n<figure class=\\\"wp-block-image aligncenter size-large is-style-default\\\"><\\\/figure>\\n<p><!-- \\\/wp:image --><\\\/p>\",\"_border_border\":\"dashed\",\"_border_color\":\"#17B31C\",\"__globals__\":{\"_border_color\":\"\",\"text_color\":\"globals\\\/colors?id=secondary\"},\"text_shadow_text_shadow_type\":\"yes\",\"text_shadow_text_shadow\":{\"horizontal\":0,\"vertical\":0,\"blur\":24,\"color\":\"rgba(0,0,0,0.3)\"},\"_background_background\":\"classic\",\"_background_color\":\"#C5FF9A\",\"_border_width\":{\"unit\":\"px\",\"top\":\"14\",\"right\":\"14\",\"bottom\":\"14\",\"left\":\"14\",\"isLinked\":true},\"sticky\":\"top\",\"align\":\"center\",\"_margin\":{\"unit\":\"px\",\"top\":\"0\",\"right\":\"0\",\"bottom\":\"0\",\"left\":\"0\",\"isLinked\":true},\"_padding\":{\"unit\":\"px\",\"top\":\"0\",\"right\":\"0\",\"bottom\":\"0\",\"left\":\"0\",\"isLinked\":true},\"_transform_scale_popover\":\"transform\",\"_transform_skew_popover\":\"transform\",\"_transform_skewX_effect\":{\"unit\":\"px\",\"size\":180,\"sizes\":[]}},\"elements\":[],\"widgetType\":\"text-editor\"},{\"id\":\"51be986a\",\"elType\":\"widget\",\"settings\":{\"editor\":\"<div class=\\\"html5-header header\\\">\\n<h2 class=\\\"title\\\" style=\\\"text-align: center;\\\">Motorradfahren ohne Pr\\u00fcfung!<br \\\/><span style=\\\"color: #339966;\\\">Der n\\u00e4chste Theorieunterricht beginnt ab 01.03.2024<\\\/span><\\\/h2>\\n<p style=\\\"text-align: center;\\\"><strong><span style=\\\"color: #ff0000;\\\">(Die Fahrstunden k\\u00f6nnen fr\\u00fcher beginnen)<\\\/span><\\\/strong><\\\/p>\\n<p style=\\\"text-align: center;\\\"><strong>Bitte telefonisch oder hier &gt;&gt; <a href=\\\"_wp_link_placeholder\\\" data-wplink-edit=\\\"true\\\">online anmelden <\\\/a><\\\/strong><\\\/p>\\n<p>[video width=\\\"848\\\" height=\\\"480\\\" mp4=\\\"http:\\\/\\\/www.turbo-fahrschule.com\\\/wp-content\\\/uploads\\\/2022\\\/04\\\/TurboFahrschule-Motoradfahren.mp4\\\" autoplay=\\\"true\\\"][\\\/video]<\\\/p>\\n<\\\/div>\\n<div class=\\\"html5-section body\\\">\\n<div class=\\\"html5-section block modul-text_bild\\\">\\n<div class=\\\"html5-header header\\\">\\n<h3 style=\\\"text-align: center;\\\">Kosten: \\u20ac599<\\\/h3>\\n<p style=\\\"text-align: center;\\\"><strong>Inklusive: 4x 90 Minuten Theorie + 5x 90 Minuten praktisches Fahren.<\\\/strong><\\\/p>\\n<h3 id=\\\"headline_1_0\\\" class=\\\"title\\\" style=\\\"text-align: center;\\\">Voraussetzungen<\\\/h3>\\n<\\\/div>\\n<div class=\\\"html5-section body\\\">\\n<div class=\\\"text \\\">\\n<div class=\\\"textile\\\">\\n<p style=\\\"text-align: center;\\\">Die Fahrerlaubnis der Klasse B kann mit der Schl\\u00fcsselzahl 196 erteilt werden, wenn:<\\\/p>\\n<ol>\\n<li style=\\\"text-align: left;\\\">der Inhaber ununterbrochen seit den letzten <strong>5 Jahren<\\\/strong> (oder l\\u00e4nger) eine deutsche Fahrerlaubnis bzw. der <strong>Klasse B<\\\/strong> besitzt. Der Besitz einer Fahrerlaubnis aus einem EU oder <span class=\\\"caps\\\">EWR<\\\/span> Staat kann Ber\\u00fccksichtigung finden. Die Pr\\u00fcfung wird von der Fahrerlaubnisbeh\\u00f6rde vollzogen.<\\\/li>\\n<li style=\\\"text-align: left;\\\">der Antragsteller bei der Erteilung das <strong>Mindestalters<\\\/strong> von <strong>25 Jahren<\\\/strong> erreicht hat.<\\\/li>\\n<li style=\\\"text-align: left;\\\">ein Nachweis (gem\\u00e4\\u00df Anlage 7b FeV) der erfolgreichen Teilnahme an einer \\u201eFahrschulung\\u201c von mind. neun Unterrichtseinheiten (UE) von jeweils 90 Minuten (Theorie mind. vier und Praxis mind. f\\u00fcnf UE) vorliegt.<\\\/li>\\n<li style=\\\"text-align: left;\\\">zwischen Fahrschulung und Eintragung max. ein Jahr liegen.<\\\/li>\\n<\\\/ol>\\n<p style=\\\"text-align: center;\\\">Inhaber einer Fahrerlaubnis der Klasse B 196 sind berechtigt neben den Fahrzeugen der Klasse B auch Kraftr\\u00e4der (mit Beiwagen) der Klasse A1 (Hubraum 125 cm3, einer Motorleistung von nicht mehr als 11 kW, bei denen das Verh\\u00e4ltnis der Leistung zum Gewicht 0,1 kW\\\/kg nicht \\u00fcbersteigt) zu f\\u00fchren. Die f\\u00fcr die Klasse A1 vorgeschriebene Ausbildung muss nicht vollst\\u00e4ndig durchlaufen werden. Eine theoretische und praktische Pr\\u00fcfung muss nicht ablegt werden.<\\\/p>\\n<p style=\\\"text-align: center;\\\">Die Eintragung berechtigt nur zum Fahren innerhalb der Bundesrepublik.<\\\/p>\\n<p style=\\\"text-align: center;\\\">Mit der Eintragung dieser Schl\\u00fcsselzahl wird keine Fahrerlaubnis der Klasse A1 erworben! Eine Erweiterung auf die Klasse A2 nach \\u00a7 15 Absatz 3 FeV ist nicht m\\u00f6glich.<\\\/p>\\n<\\\/div>\\n<\\\/div>\\n<\\\/div>\\n<\\\/div>\\n<div class=\\\"html5-section block modul-text_bild\\\">\\n<div class=\\\"html5-header header\\\">\\n<h3 id=\\\"headline_1_1\\\" class=\\\"title\\\" style=\\\"text-align: center;\\\">Fahrerschulung<\\\/h3>\\n<\\\/div>\\n<div class=\\\"html5-section body\\\">\\n<div class=\\\"text \\\">\\n<div class=\\\"textile\\\">\\n<p style=\\\"text-align: center;\\\">Voraussetzung f\\u00fcr die Erteilung der Fahrerlaubnis mit der Schl\\u00fcsselzahl 196 ist die erfolgreiche Teilnahme an einer Fahrerschulung von mindestens neun Stunden in einer Fahrschule.<\\\/p>\\n<p style=\\\"text-align: center;\\\">Nach Abschluss der Fahrerschulung hat die Fahrschule dem Teilnehmer eine Bescheinigung \\u00fcber die erfolgreiche Teilnahme gem\\u00e4\\u00df Anlage 7b FeV auszustellen.<\\\/p>\\n<\\\/div>\\n<\\\/div>\\n<\\\/div>\\n<\\\/div>\\n<div class=\\\"html5-section block modul-text_bild\\\">\\n<div class=\\\"html5-header header\\\" style=\\\"text-align: center;\\\">\\n<h3 id=\\\"headline_1_2\\\" class=\\\"title\\\" style=\\\"text-align: center;\\\">Antragstellung<\\\/h3>\\n<\\\/div>\\n<div class=\\\"html5-section body\\\">\\n<div class=\\\"text \\\">\\n<div class=\\\"textile\\\">\\n<p style=\\\"text-align: center;\\\">Die Eintragung der Schl\\u00fcsselzahl 196 erfolgt unter Vorlage eines Identit\\u00e4tsnachweises, des Nachweises der erfolgreichen Teilnahme an einer \\u201eFahrschulung\\u201c und eines aktuellen biometrischen Lichtbildes.<\\\/p>\\n<p style=\\\"text-align: center;\\\">Die Geb\\u00fchr beim Amt betr\\u00e4gt <strong>37,30 \\u20ac<\\\/strong>.<\\\/p>\\n<\\\/div>\\n<\\\/div>\\n<\\\/div>\\n<\\\/div>\\n<\\\/div>\\n<p><!-- wp:paragraph --><\\\/p>\\n<p><!-- \\\/wp:paragraph --><\\\/p>\"},\"elements\":[],\"widgetType\":\"text-editor\"}],\"isInner\":false}],\"isInner\":false},{\"id\":\"289c428\",\"elType\":\"section\",\"settings\":[],\"elements\":[{\"id\":\"4412bd9\",\"elType\":\"column\",\"settings\":{\"_column_size\":100,\"_inline_size\":null},\"elements\":[],\"isInner\":false}],\"isInner\":false}]"],"_elementor_controls_usage":["a:3:{s:11:\"text-editor\";a:3:{s:5:\"count\";i:2;s:15:\"control_percent\";i:0;s:8:\"controls\";a:3:{s:7:\"content\";a:1:{s:14:\"section_editor\";a:1:{s:6:\"editor\";i:2;}}s:8:\"advanced\";a:5:{s:15:\"_section_border\";a:3:{s:14:\"_border_border\";i:1;s:13:\"_border_color\";i:1;s:13:\"_border_width\";i:1;}s:19:\"_section_background\";a:2:{s:22:\"_background_background\";i:1;s:17:\"_background_color\";i:1;}s:15:\"section_effects\";a:1:{s:6:\"sticky\";i:1;}s:14:\"_section_style\";a:2:{s:7:\"_margin\";i:1;s:8:\"_padding\";i:1;}s:18:\"_section_transform\";a:3:{s:24:\"_transform_scale_popover\";i:1;s:23:\"_transform_skew_popover\";i:1;s:23:\"_transform_skewX_effect\";i:1;}}s:5:\"style\";a:1:{s:13:\"section_style\";a:3:{s:28:\"text_shadow_text_shadow_type\";i:1;s:23:\"text_shadow_text_shadow\";i:1;s:5:\"align\";i:1;}}}}s:6:\"column\";a:3:{s:5:\"count\";i:2;s:15:\"control_percent\";i:0;s:8:\"controls\";a:1:{s:6:\"layout\";a:1:{s:6:\"layout\";a:1:{s:12:\"_inline_size\";i:1;}}}}s:7:\"section\";a:3:{s:5:\"count\";i:2;s:15:\"control_percent\";i:0;s:8:\"controls\";a:0:{}}}"],"_yoast_indexnow_last_ping":["1765618713"],"_uag_page_assets":["a:9:{s:3:\"css\";s:263:\".uag-blocks-common-selector{z-index:var(--z-index-desktop) !important}@media (max-width: 976px){.uag-blocks-common-selector{z-index:var(--z-index-tablet) !important}}@media (max-width: 767px){.uag-blocks-common-selector{z-index:var(--z-index-mobile) !important}}\n\";s:2:\"js\";s:0:\"\";s:18:\"current_block_list\";a:2:{i:0;s:10:\"core\/image\";i:1;s:14:\"core\/paragraph\";}s:8:\"uag_flag\";b:0;s:11:\"uag_version\";s:10:\"1774360284\";s:6:\"gfonts\";a:0:{}s:10:\"gfonts_url\";s:0:\"\";s:12:\"gfonts_files\";a:0:{}s:14:\"uag_faq_layout\";b:0;}"],"_uag_css_file_name":["uag-css-179.css"]},"uagb_featured_image_src":{"full":false,"thumbnail":false,"medium":false,"medium_large":false,"large":false,"1536x1536":false,"2048x2048":false,"trp-custom-language-flag":false},"uagb_author_info":{"display_name":"Modeer","author_link":"https:\/\/www.turbo-fahrschule.com\/ar\/author\/modeer"},"uagb_comment_info":0,"uagb_excerpt":"zur online Anmeldung Motorradfahren ohne Pr\u00fcfung!Der n\u00e4chste Theorieunterricht beginnt ab 20.02.2026 (Die Fahrstunden k\u00f6nnen fr\u00fcher beginnen) Bitte telefonisch oder hier [&hellip;]","_links":{"self":[{"href":"https:\/\/www.turbo-fahrschule.com\/ar\/wp-json\/wp\/v2\/pages\/179","targetHints":{"allow":["GET"]}}],"collection":[{"href":"https:\/\/www.turbo-fahrschule.com\/ar\/wp-json\/wp\/v2\/pages"}],"about":[{"href":"https:\/\/www.turbo-fahrschule.com\/ar\/wp-json\/wp\/v2\/types\/page"}],"author":[{"embeddable":true,"href":"https:\/\/www.turbo-fahrschule.com\/ar\/wp-json\/wp\/v2\/users\/1"}],"replies":[{"embeddable":true,"href":"https:\/\/www.turbo-fahrschule.com\/ar\/wp-json\/wp\/v2\/comments?post=179"}],"version-history":[{"count":18,"href":"https:\/\/www.turbo-fahrschule.com\/ar\/wp-json\/wp\/v2\/pages\/179\/revisions"}],"predecessor-version":[{"id":1460,"href":"https:\/\/www.turbo-fahrschule.com\/ar\/wp-json\/wp\/v2\/pages\/179\/revisions\/1460"}],"wp:attachment":[{"href":"https:\/\/www.turbo-fahrschule.com\/ar\/wp-json\/wp\/v2\/media?parent=179"}],"curies":[{"name":"wp","href":"https:\/\/api.w.org\/{rel}","templated":true}]}}