{"id":191,"date":"2020-07-30T19:54:01","date_gmt":"2020-07-30T19:54:01","guid":{"rendered":"http:\/\/www.turbo-fahrschule.com\/?page_id=191"},"modified":"2024-01-10T23:27:31","modified_gmt":"2024-01-10T23:27:31","slug":"fahrlehrer","status":"publish","type":"page","link":"https:\/\/www.turbo-fahrschule.com\/ar\/jobs\/fahrlehrer","title":{"rendered":"Fahrlehrer"},"content":{"rendered":"<h4><b>Stellenangebot: Fahrlehrer*innen gesucht f\u00fcr unser dynamisches Team in Berlin<\/b><\/h4>\n<p>Liebe Fahrlehrer*innen,<\/p>\n<p>wir suchen ab sofort engagierte Verst\u00e4rkung f\u00fcr unser stetig wachsendes Team in den Klassen A und BE. Bei uns steht die Freude am Fahren im Mittelpunkt, und wir suchen motivierte Kolleginnen und Kollegen, die unsere Leidenschaft f\u00fcr die Fahrausbildung teilen.<\/p>\n<p><strong>Das zeichnet dich aus:<\/strong><\/p>\n<ul>\n<li>Erfahrung im Umgang mit Fahranf\u00e4ngern<\/li>\n<li>Begeisterung f\u00fcr den Beruf des Fahrlehrers \/ der Fahrlehrerin<\/li>\n<li>Teamgeist und die Bereitschaft, in einem dynamischen Umfeld mitzuwirken<\/li>\n<li>Auch Kolleginnen und Kollegen im Ruhestand sind herzlich willkommen<\/li>\n<\/ul>\n<p><strong>Unsere Standorte: Charlottenburg, Tiergarten, Sch\u00f6neberg<\/strong><\/p>\n<p>Du hast die M\u00f6glichkeit, an einem oder mehreren unserer Standorte Teil unseres Teams zu werden. Wir bieten attraktive Konditionen und sch\u00e4tzen die Vielfalt an Erfahrungen, die jede*r Einzelne mitbringt.<\/p>\n<p><strong>Was dich bei uns erwartet:<\/strong><\/p>\n<ul>\n<li><strong>Wettbewerbsf\u00e4hige Verg\u00fctung: 24\u20ac\/h*<\/strong><\/li>\n<li>Gro\u00dfz\u00fcgige Urlaubsregelung: 25 Tage Urlaub<\/li>\n<li>Ein freundliches und engagiertes Team von Kolleginnen und Kollegen<\/li>\n<li>Privatnutzung des Fahrschulwagens<\/li>\n<li>Perspektiven auf Filialleitung und eventuelle \u00dcbernahmem\u00f6glichkeiten<\/li>\n<li>Modern ausgestattete Fahrschulfahrzeuge<\/li>\n<li>Kostenlose Getr\u00e4nke und Obst f\u00fcr dein Wohlbefinden<\/li>\n<\/ul>\n<p>Wenn du Interesse hast, Teil eines innovativen Teams zu werden und die Fahrausbildung aktiv mitzugestalten, dann freuen wir uns auf deine Bewerbung. Sende uns deine Unterlagen an [Kontaktinformationen].<\/p>\n<p>Gemeinsam schaffen wir eine sichere und positive Fahrumgebung f\u00fcr unsere Fahrsch\u00fcler*innen. Werde Teil unseres Teams und gestalte die Mobilit\u00e4t von morgen mit uns!<\/p>\n<p>*Die genannte Verg\u00fctung kann variieren und ist verhandelbar, abh\u00e4ngig von Erfahrung und Qualifikation.<\/p>\n<p style=\"text-align: left;\"><strong>Bei Interesse meldet Euch gerne unter +49176 100 79 722 oder per Mail an info@turbo-fahrschule.com\u00a0<\/strong><\/p>\n<p style=\"text-align: left;\">Derzeit k\u00f6nnen wir leider keine Bewerbungen von Praktikanten ber\u00fccksichtigen.<\/p>\n<p style=\"text-align: right;\">*(Brutto)<\/p>","protected":false},"excerpt":{"rendered":"<p>Stellenangebot: Fahrlehrer*innen gesucht f\u00fcr unser dynamisches Team in Berlin Liebe Fahrlehrer*innen, wir suchen ab sofort engagierte Verst\u00e4rkung f\u00fcr unser stetig [&hellip;]<\/p>","protected":false},"author":1,"featured_media":691,"parent":700,"menu_order":0,"comment_status":"closed","ping_status":"closed","template":"","meta":{"_uag_custom_page_level_css":"","site-sidebar-layout":"default","site-content-layout":"","ast-site-content-layout":"default","site-content-style":"default","site-sidebar-style":"default","ast-global-header-display":"","ast-banner-title-visibility":"","ast-main-header-display":"","ast-hfb-above-header-display":"","ast-hfb-below-header-display":"","ast-hfb-mobile-header-display":"","site-post-title":"","ast-breadcrumbs-content":"","ast-featured-img":"","footer-sml-layout":"","ast-disable-related-posts":"","theme-transparent-header-meta":"","adv-header-id-meta":"","stick-header-meta":"","header-above-stick-meta":"","header-main-stick-meta":"","header-below-stick-meta":"","astra-migrate-meta-layouts":"default","ast-page-background-enabled":"default","ast-page-background-meta":{"desktop":{"background-color":"var(--ast-global-color-5)","background-image":"","background-repeat":"repeat","background-position":"center center","background-size":"auto","background-attachment":"scroll","background-type":"","background-media":"","overlay-type":"","overlay-color":"","overlay-opacity":"","overlay-gradient":""},"tablet":{"background-color":"","background-image":"","background-repeat":"repeat","background-position":"center center","background-size":"auto","background-attachment":"scroll","background-type":"","background-media":"","overlay-type":"","overlay-color":"","overlay-opacity":"","overlay-gradient":""},"mobile":{"background-color":"","background-image":"","background-repeat":"repeat","background-position":"center center","background-size":"auto","background-attachment":"scroll","background-type":"","background-media":"","overlay-type":"","overlay-color":"","overlay-opacity":"","overlay-gradient":""}},"ast-content-background-meta":{"desktop":{"background-color":"var(--ast-global-color-4)","background-image":"","background-repeat":"repeat","background-position":"center center","background-size":"auto","background-attachment":"scroll","background-type":"","background-media":"","overlay-type":"","overlay-color":"","overlay-opacity":"","overlay-gradient":""},"tablet":{"background-color":"var(--ast-global-color-4)","background-image":"","background-repeat":"repeat","background-position":"center center","background-size":"auto","background-attachment":"scroll","background-type":"","background-media":"","overlay-type":"","overlay-color":"","overlay-opacity":"","overlay-gradient":""},"mobile":{"background-color":"var(--ast-global-color-4)","background-image":"","background-repeat":"repeat","background-position":"center center","background-size":"auto","background-attachment":"scroll","background-type":"","background-media":"","overlay-type":"","overlay-color":"","overlay-opacity":"","overlay-gradient":""}},"footnotes":""},"class_list":["post-191","page","type-page","status-publish","has-post-thumbnail","hentry"],"yoast_head":"<!-- This site is optimized with the Yoast SEO Premium plugin v26.8 (Yoast SEO v26.8) - https:\/\/yoast.com\/product\/yoast-seo-premium-wordpress\/ -->\n<title>Fahrlehrer - Turbo-Fahrschule Berlin<\/title>\n<meta name=\"robots\" content=\"index, follow, max-snippet:-1, max-image-preview:large, max-video-preview:-1\" \/>\n<link rel=\"canonical\" href=\"https:\/\/www.turbo-fahrschule.com\/ar\/jobs\/fahrlehrer\/\" \/>\n<meta property=\"og:locale\" content=\"ar_AR\" \/>\n<meta property=\"og:type\" content=\"article\" \/>\n<meta property=\"og:title\" content=\"Fahrlehrer\" \/>\n<meta property=\"og:description\" content=\"Stellenangebot: Fahrlehrer*innen gesucht f\u00fcr unser dynamisches Team in Berlin Liebe Fahrlehrer*innen, wir suchen ab sofort engagierte Verst\u00e4rkung f\u00fcr unser stetig [&hellip;]\" \/>\n<meta property=\"og:url\" content=\"https:\/\/www.turbo-fahrschule.com\/ar\/jobs\/fahrlehrer\/\" \/>\n<meta property=\"og:site_name\" content=\"Turbo-Fahrschule Berlin\" \/>\n<meta property=\"article:publisher\" content=\"https:\/\/www.facebook.com\/TurboFahrschule\/\" \/>\n<meta property=\"article:modified_time\" content=\"2024-01-10T23:27:31+00:00\" \/>\n<meta property=\"og:image\" content=\"https:\/\/www.turbo-fahrschule.com\/wp-content\/uploads\/2024\/01\/131538359_2751702088379598_9005448302421506770_n-e1704928271650.jpg\" \/>\n\t<meta property=\"og:image:width\" content=\"1080\" \/>\n\t<meta property=\"og:image:height\" content=\"383\" \/>\n\t<meta property=\"og:image:type\" content=\"image\/jpeg\" \/>\n<meta name=\"twitter:card\" content=\"summary_large_image\" \/>\n<meta name=\"twitter:label1\" content=\"\u0648\u0642\u062a \u0627\u0644\u0642\u0631\u0627\u0621\u0629 \u0627\u0644\u0645\u064f\u0642\u062f\u0651\u0631\" \/>\n\t<meta name=\"twitter:data1\" content=\"\u062f\u0642\u064a\u0642\u0629 \u0648\u0627\u062d\u062f\u0629\" \/>\n<script type=\"application\/ld+json\" class=\"yoast-schema-graph\">{\"@context\":\"https:\/\/schema.org\",\"@graph\":[{\"@type\":\"WebPage\",\"@id\":\"https:\/\/www.turbo-fahrschule.com\/jobs\/fahrlehrer\",\"url\":\"https:\/\/www.turbo-fahrschule.com\/jobs\/fahrlehrer\",\"name\":\"Fahrlehrer - Turbo-Fahrschule Berlin\",\"isPartOf\":{\"@id\":\"https:\/\/www.turbo-fahrschule.com\/#website\"},\"primaryImageOfPage\":{\"@id\":\"https:\/\/www.turbo-fahrschule.com\/jobs\/fahrlehrer#primaryimage\"},\"image\":{\"@id\":\"https:\/\/www.turbo-fahrschule.com\/jobs\/fahrlehrer#primaryimage\"},\"thumbnailUrl\":\"https:\/\/www.turbo-fahrschule.com\/wp-content\/uploads\/2024\/01\/131538359_2751702088379598_9005448302421506770_n-e1704928271650.jpg\",\"datePublished\":\"2020-07-30T19:54:01+00:00\",\"dateModified\":\"2024-01-10T23:27:31+00:00\",\"breadcrumb\":{\"@id\":\"https:\/\/www.turbo-fahrschule.com\/jobs\/fahrlehrer#breadcrumb\"},\"inLanguage\":\"ar\",\"potentialAction\":[{\"@type\":\"ReadAction\",\"target\":[\"https:\/\/www.turbo-fahrschule.com\/jobs\/fahrlehrer\"]}]},{\"@type\":\"ImageObject\",\"inLanguage\":\"ar\",\"@id\":\"https:\/\/www.turbo-fahrschule.com\/jobs\/fahrlehrer#primaryimage\",\"url\":\"https:\/\/www.turbo-fahrschule.com\/wp-content\/uploads\/2024\/01\/131538359_2751702088379598_9005448302421506770_n-e1704928271650.jpg\",\"contentUrl\":\"https:\/\/www.turbo-fahrschule.com\/wp-content\/uploads\/2024\/01\/131538359_2751702088379598_9005448302421506770_n-e1704928271650.jpg\",\"width\":1080,\"height\":383},{\"@type\":\"BreadcrumbList\",\"@id\":\"https:\/\/www.turbo-fahrschule.com\/jobs\/fahrlehrer#breadcrumb\",\"itemListElement\":[{\"@type\":\"ListItem\",\"position\":1,\"name\":\"Startseite\",\"item\":\"https:\/\/www.turbo-fahrschule.com\/\"},{\"@type\":\"ListItem\",\"position\":2,\"name\":\"Jobs\",\"item\":\"https:\/\/www.turbo-fahrschule.com\/jobs\"},{\"@type\":\"ListItem\",\"position\":3,\"name\":\"Fahrlehrer\"}]},{\"@type\":\"WebSite\",\"@id\":\"https:\/\/www.turbo-fahrschule.com\/#website\",\"url\":\"https:\/\/www.turbo-fahrschule.com\/\",\"name\":\"Turbo Fahrschule Berlin\",\"description\":\"mehr als 35 Jahre Erfahrungen\",\"publisher\":{\"@id\":\"https:\/\/www.turbo-fahrschule.com\/#organization\"},\"potentialAction\":[{\"@type\":\"SearchAction\",\"target\":{\"@type\":\"EntryPoint\",\"urlTemplate\":\"https:\/\/www.turbo-fahrschule.com\/?s={search_term_string}\"},\"query-input\":{\"@type\":\"PropertyValueSpecification\",\"valueRequired\":true,\"valueName\":\"search_term_string\"}}],\"inLanguage\":\"ar\"},{\"@type\":\"Organization\",\"@id\":\"https:\/\/www.turbo-fahrschule.com\/#organization\",\"name\":\"Turbo Fahrschule Berlin\",\"url\":\"https:\/\/www.turbo-fahrschule.com\/\",\"logo\":{\"@type\":\"ImageObject\",\"inLanguage\":\"ar\",\"@id\":\"https:\/\/www.turbo-fahrschule.com\/#\/schema\/logo\/image\/\",\"url\":\"https:\/\/www.turbo-fahrschule.com\/wp-content\/uploads\/2021\/05\/Logo.jpeg-Kopie-2.jpg\",\"contentUrl\":\"https:\/\/www.turbo-fahrschule.com\/wp-content\/uploads\/2021\/05\/Logo.jpeg-Kopie-2.jpg\",\"width\":2301,\"height\":2283,\"caption\":\"Turbo Fahrschule Berlin\"},\"image\":{\"@id\":\"https:\/\/www.turbo-fahrschule.com\/#\/schema\/logo\/image\/\"},\"sameAs\":[\"https:\/\/www.facebook.com\/TurboFahrschule\/\"]}]}<\/script>\n<!-- \/ Yoast SEO Premium plugin. -->","yoast_head_json":{"title":"Fahrlehrer - Turbo-Fahrschule Berlin","robots":{"index":"index","follow":"follow","max-snippet":"max-snippet:-1","max-image-preview":"max-image-preview:large","max-video-preview":"max-video-preview:-1"},"canonical":"https:\/\/www.turbo-fahrschule.com\/ar\/jobs\/fahrlehrer\/","og_locale":"ar_AR","og_type":"article","og_title":"Fahrlehrer","og_description":"Stellenangebot: Fahrlehrer*innen gesucht f\u00fcr unser dynamisches Team in Berlin Liebe Fahrlehrer*innen, wir suchen ab sofort engagierte Verst\u00e4rkung f\u00fcr unser stetig [&hellip;]","og_url":"https:\/\/www.turbo-fahrschule.com\/ar\/jobs\/fahrlehrer\/","og_site_name":"Turbo-Fahrschule Berlin","article_publisher":"https:\/\/www.facebook.com\/TurboFahrschule\/","article_modified_time":"2024-01-10T23:27:31+00:00","og_image":[{"width":1080,"height":383,"url":"https:\/\/www.turbo-fahrschule.com\/wp-content\/uploads\/2024\/01\/131538359_2751702088379598_9005448302421506770_n-e1704928271650.jpg","type":"image\/jpeg"}],"twitter_card":"summary_large_image","twitter_misc":{"\u0648\u0642\u062a \u0627\u0644\u0642\u0631\u0627\u0621\u0629 \u0627\u0644\u0645\u064f\u0642\u062f\u0651\u0631":"\u062f\u0642\u064a\u0642\u0629 \u0648\u0627\u062d\u062f\u0629"},"schema":{"@context":"https:\/\/schema.org","@graph":[{"@type":"WebPage","@id":"https:\/\/www.turbo-fahrschule.com\/jobs\/fahrlehrer","url":"https:\/\/www.turbo-fahrschule.com\/jobs\/fahrlehrer","name":"Fahrlehrer - Turbo-Fahrschule Berlin","isPartOf":{"@id":"https:\/\/www.turbo-fahrschule.com\/#website"},"primaryImageOfPage":{"@id":"https:\/\/www.turbo-fahrschule.com\/jobs\/fahrlehrer#primaryimage"},"image":{"@id":"https:\/\/www.turbo-fahrschule.com\/jobs\/fahrlehrer#primaryimage"},"thumbnailUrl":"https:\/\/www.turbo-fahrschule.com\/wp-content\/uploads\/2024\/01\/131538359_2751702088379598_9005448302421506770_n-e1704928271650.jpg","datePublished":"2020-07-30T19:54:01+00:00","dateModified":"2024-01-10T23:27:31+00:00","breadcrumb":{"@id":"https:\/\/www.turbo-fahrschule.com\/jobs\/fahrlehrer#breadcrumb"},"inLanguage":"ar","potentialAction":[{"@type":"ReadAction","target":["https:\/\/www.turbo-fahrschule.com\/jobs\/fahrlehrer"]}]},{"@type":"ImageObject","inLanguage":"ar","@id":"https:\/\/www.turbo-fahrschule.com\/jobs\/fahrlehrer#primaryimage","url":"https:\/\/www.turbo-fahrschule.com\/wp-content\/uploads\/2024\/01\/131538359_2751702088379598_9005448302421506770_n-e1704928271650.jpg","contentUrl":"https:\/\/www.turbo-fahrschule.com\/wp-content\/uploads\/2024\/01\/131538359_2751702088379598_9005448302421506770_n-e1704928271650.jpg","width":1080,"height":383},{"@type":"BreadcrumbList","@id":"https:\/\/www.turbo-fahrschule.com\/jobs\/fahrlehrer#breadcrumb","itemListElement":[{"@type":"ListItem","position":1,"name":"Startseite","item":"https:\/\/www.turbo-fahrschule.com\/"},{"@type":"ListItem","position":2,"name":"Jobs","item":"https:\/\/www.turbo-fahrschule.com\/jobs"},{"@type":"ListItem","position":3,"name":"Fahrlehrer"}]},{"@type":"WebSite","@id":"https:\/\/www.turbo-fahrschule.com\/#website","url":"https:\/\/www.turbo-fahrschule.com\/","name":"Turbo Fahrschule Berlin","description":"mehr als 35 Jahre Erfahrungen","publisher":{"@id":"https:\/\/www.turbo-fahrschule.com\/#organization"},"potentialAction":[{"@type":"SearchAction","target":{"@type":"EntryPoint","urlTemplate":"https:\/\/www.turbo-fahrschule.com\/?s={search_term_string}"},"query-input":{"@type":"PropertyValueSpecification","valueRequired":true,"valueName":"search_term_string"}}],"inLanguage":"ar"},{"@type":"Organization","@id":"https:\/\/www.turbo-fahrschule.com\/#organization","name":"Turbo Fahrschule Berlin","url":"https:\/\/www.turbo-fahrschule.com\/","logo":{"@type":"ImageObject","inLanguage":"ar","@id":"https:\/\/www.turbo-fahrschule.com\/#\/schema\/logo\/image\/","url":"https:\/\/www.turbo-fahrschule.com\/wp-content\/uploads\/2021\/05\/Logo.jpeg-Kopie-2.jpg","contentUrl":"https:\/\/www.turbo-fahrschule.com\/wp-content\/uploads\/2021\/05\/Logo.jpeg-Kopie-2.jpg","width":2301,"height":2283,"caption":"Turbo Fahrschule Berlin"},"image":{"@id":"https:\/\/www.turbo-fahrschule.com\/#\/schema\/logo\/image\/"},"sameAs":["https:\/\/www.facebook.com\/TurboFahrschule\/"]}]}},"spectra_custom_meta":{"classic-editor-remember":["classic-editor"],"_edit_lock":["1706463200:2"],"_edit_last":["1"],"_wp_page_template":["default"],"_heateor_sss_meta":["a:2:{s:7:\"sharing\";i:0;s:16:\"vertical_sharing\";i:0;}"],"_yoast_wpseo_content_score":["90"],"_yoast_wpseo_focuskeywords":["[]"],"_yoast_wpseo_keywordsynonyms":["[\"\"]"],"_yoast_wpseo_estimated-reading-time-minutes":["1"],"_aioseo_title":[null],"_aioseo_description":[null],"_aioseo_keywords":[""],"_aioseo_og_title":[null],"_aioseo_og_description":[null],"_aioseo_og_article_section":[null],"_aioseo_og_article_tags":[""],"_aioseo_twitter_title":[null],"_aioseo_twitter_description":[null],"footnotes":[""],"_elementor_template_type":["wp-page"],"_elementor_version":["3.18.3"],"_elementor_pro_version":["3.18.2"],"_elementor_data":["[{\"id\":\"38764b3a\",\"elType\":\"section\",\"settings\":[],\"elements\":[{\"id\":\"77675c46\",\"elType\":\"column\",\"settings\":{\"_column_size\":100},\"elements\":[{\"id\":\"3a86939d\",\"elType\":\"widget\",\"settings\":{\"editor\":\"<div>\\n<div data-message-author-role=\\\"assistant\\\" data-message-id=\\\"276734d4-18d7-40d8-a93e-9235d1494bf1\\\">\\n<div>\\n<p><b>Stellenangebot: Fahrlehrer*innen gesucht f\\u00fcr unser dynamisches Team in Berlin<\\\/b><\\\/p>\\n<p>Liebe Fahrlehrer*innen,<\\\/p>\\n<p>wir suchen ab sofort engagierte Verst\\u00e4rkung f\\u00fcr unser stetig wachsendes Team in den Klassen A und BE. Bei uns steht die Freude am Fahren im Mittelpunkt, und wir suchen motivierte Kolleginnen und Kollegen, die unsere Leidenschaft f\\u00fcr die Fahrausbildung teilen.<\\\/p>\\n<p><strong>Das zeichnet dich aus:<\\\/strong><\\\/p>\\n<ul>\\n<li>Erfahrung im Umgang mit Fahranf\\u00e4ngern<\\\/li>\\n<li>Begeisterung f\\u00fcr den Beruf des Fahrlehrers \\\/ der Fahrlehrerin<\\\/li>\\n<li>Teamgeist und die Bereitschaft, in einem dynamischen Umfeld mitzuwirken<\\\/li>\\n<li>Auch Kolleginnen und Kollegen im Ruhestand sind herzlich willkommen<\\\/li>\\n<\\\/ul>\\n<p><strong>Unsere Standorte: Charlottenburg, Tiergarten, Sch\\u00f6neberg<\\\/strong><\\\/p>\\n<p>Du hast die M\\u00f6glichkeit, an einem oder mehreren unserer Standorte Teil unseres Teams zu werden. Wir bieten attraktive Konditionen und sch\\u00e4tzen die Vielfalt an Erfahrungen, die jede*r Einzelne mitbringt.<\\\/p>\\n<p><strong>Was dich bei uns erwartet:<\\\/strong><\\\/p>\\n<ul>\\n<li>Wettbewerbsf\\u00e4hige Verg\\u00fctung: 24\\u20ac\\\/h*<\\\/li>\\n<li>Gro\\u00dfz\\u00fcgige Urlaubsregelung: 25 Tage Urlaub<\\\/li>\\n<li>Ein freundliches und engagiertes Team von Kolleginnen und Kollegen<\\\/li>\\n<li>Privatnutzung des Fahrschulwagens<\\\/li>\\n<li>Perspektiven auf Filialleitung und eventuelle \\u00dcbernahmem\\u00f6glichkeiten<\\\/li>\\n<li>Modern ausgestattete Fahrschulfahrzeuge<\\\/li>\\n<li>Kostenlose Getr\\u00e4nke und Obst f\\u00fcr dein Wohlbefinden<\\\/li>\\n<\\\/ul>\\n<p>Wenn du Interesse hast, Teil eines innovativen Teams zu werden und die Fahrausbildung aktiv mitzugestalten, dann freuen wir uns auf deine Bewerbung. Sende uns deine Unterlagen an [Kontaktinformationen].<\\\/p>\\n<p>Gemeinsam schaffen wir eine sichere und positive Fahrumgebung f\\u00fcr unsere Fahrsch\\u00fcler*innen. Werde Teil unseres Teams und gestalte die Mobilit\\u00e4t von morgen mit uns!<\\\/p>\\n<p>*Die genannte Verg\\u00fctung kann variieren und ist verhandelbar, abh\\u00e4ngig von Erfahrung und Qualifikation.<\\\/p>\\n<\\\/div>\\n<\\\/div>\\n<\\\/div>\\n<p style=\\\"text-align: center;\\\">\\u00a0<\\\/p>\\n<p style=\\\"text-align: center;\\\"><strong>Bei Interesse meldet Euch gerne unter +49176 100 79 722 oder per Mail an info@turbo-fahrschule.com\\u00a0<\\\/strong><\\\/p>\\n<p style=\\\"text-align: center;\\\"><strong>Derzeit k\\u00f6nnen wir leider keine Bewerbungen von Praktikanten ber\\u00fccksichtigen.<\\\/strong><\\\/p>\\n<p style=\\\"text-align: center;\\\">*(Brutto)<\\\/p>\\n<p>\\u00a0<\\\/p>\"},\"elements\":[],\"widgetType\":\"text-editor\"}],\"isInner\":false}],\"isInner\":false},{\"id\":\"c01aa4a\",\"elType\":\"section\",\"settings\":[],\"elements\":[{\"id\":\"e918f68\",\"elType\":\"column\",\"settings\":{\"_column_size\":100,\"_inline_size\":null},\"elements\":[{\"id\":\"d7b6a37\",\"elType\":\"widget\",\"settings\":{\"video_type\":\"hosted\",\"youtube_url\":\"https:\\\/\\\/www.youtube.com\\\/watch?v=XHOmBV4js_E\",\"vimeo_url\":\"https:\\\/\\\/vimeo.com\\\/235215203\",\"dailymotion_url\":\"https:\\\/\\\/www.dailymotion.com\\\/video\\\/x6tqhqb\",\"hosted_url\":{\"url\":\"https:\\\/\\\/www.turbo-fahrschule.com\\\/wp-content\\\/uploads\\\/2020\\\/07\\\/Turbo-Video-ad.mp4\",\"id\":192,\"size\":\"\",\"alt\":\"\",\"source\":\"library\"},\"videopress_url\":\"https:\\\/\\\/videopress.com\\\/v\\\/ZCAOzTNk\"},\"elements\":[],\"widgetType\":\"video\"}],\"isInner\":false}],\"isInner\":false}]"],"_thumbnail_id":["691"],"_elementor_controls_usage":["a:4:{s:11:\"text-editor\";a:3:{s:5:\"count\";i:1;s:15:\"control_percent\";i:0;s:8:\"controls\";a:1:{s:7:\"content\";a:1:{s:14:\"section_editor\";a:1:{s:6:\"editor\";i:1;}}}}s:6:\"column\";a:3:{s:5:\"count\";i:2;s:15:\"control_percent\";i:0;s:8:\"controls\";a:1:{s:6:\"layout\";a:1:{s:6:\"layout\";a:1:{s:12:\"_inline_size\";i:1;}}}}s:7:\"section\";a:3:{s:5:\"count\";i:2;s:15:\"control_percent\";i:0;s:8:\"controls\";a:0:{}}s:5:\"video\";a:3:{s:5:\"count\";i:1;s:15:\"control_percent\";i:1;s:8:\"controls\";a:1:{s:7:\"content\";a:1:{s:13:\"section_video\";a:2:{s:10:\"video_type\";i:1;s:10:\"hosted_url\";i:1;}}}}}"],"_uag_page_assets":["a:9:{s:3:\"css\";s:0:\"\";s:2:\"js\";s:0:\"\";s:18:\"current_block_list\";a:0:{}s:8:\"uag_flag\";b:0;s:11:\"uag_version\";s:10:\"1774360284\";s:6:\"gfonts\";a:0:{}s:10:\"gfonts_url\";s:0:\"\";s:12:\"gfonts_files\";a:0:{}s:14:\"uag_faq_layout\";b:0;}"]},"uagb_featured_image_src":{"full":["https:\/\/www.turbo-fahrschule.com\/wp-content\/uploads\/2024\/01\/131538359_2751702088379598_9005448302421506770_n-e1704928271650.jpg",1080,383,false],"thumbnail":["https:\/\/www.turbo-fahrschule.com\/wp-content\/uploads\/2024\/01\/131538359_2751702088379598_9005448302421506770_n-e1704928271650-150x150.jpg",150,150,true],"medium":["https:\/\/www.turbo-fahrschule.com\/wp-content\/uploads\/2024\/01\/131538359_2751702088379598_9005448302421506770_n-e1704928271650-300x106.jpg",300,106,true],"medium_large":["https:\/\/www.turbo-fahrschule.com\/wp-content\/uploads\/2024\/01\/131538359_2751702088379598_9005448302421506770_n-e1704928271650-768x272.jpg",768,272,true],"large":["https:\/\/www.turbo-fahrschule.com\/wp-content\/uploads\/2024\/01\/131538359_2751702088379598_9005448302421506770_n-e1704928271650-1024x363.jpg",1024,363,true],"1536x1536":["https:\/\/www.turbo-fahrschule.com\/wp-content\/uploads\/2024\/01\/131538359_2751702088379598_9005448302421506770_n-e1704928271650.jpg",1080,383,false],"2048x2048":["https:\/\/www.turbo-fahrschule.com\/wp-content\/uploads\/2024\/01\/131538359_2751702088379598_9005448302421506770_n-e1704928271650.jpg",1080,383,false],"trp-custom-language-flag":["https:\/\/www.turbo-fahrschule.com\/wp-content\/uploads\/2024\/01\/131538359_2751702088379598_9005448302421506770_n-e1704928271650.jpg",18,6,false]},"uagb_author_info":{"display_name":"Modeer","author_link":"https:\/\/www.turbo-fahrschule.com\/ar\/author\/modeer"},"uagb_comment_info":0,"uagb_excerpt":"Stellenangebot: Fahrlehrer*innen gesucht f\u00fcr unser dynamisches Team in Berlin Liebe Fahrlehrer*innen, wir suchen ab sofort engagierte Verst\u00e4rkung f\u00fcr unser stetig [&hellip;]","_links":{"self":[{"href":"https:\/\/www.turbo-fahrschule.com\/ar\/wp-json\/wp\/v2\/pages\/191","targetHints":{"allow":["GET"]}}],"collection":[{"href":"https:\/\/www.turbo-fahrschule.com\/ar\/wp-json\/wp\/v2\/pages"}],"about":[{"href":"https:\/\/www.turbo-fahrschule.com\/ar\/wp-json\/wp\/v2\/types\/page"}],"author":[{"embeddable":true,"href":"https:\/\/www.turbo-fahrschule.com\/ar\/wp-json\/wp\/v2\/users\/1"}],"replies":[{"embeddable":true,"href":"https:\/\/www.turbo-fahrschule.com\/ar\/wp-json\/wp\/v2\/comments?post=191"}],"version-history":[{"count":25,"href":"https:\/\/www.turbo-fahrschule.com\/ar\/wp-json\/wp\/v2\/pages\/191\/revisions"}],"predecessor-version":[{"id":731,"href":"https:\/\/www.turbo-fahrschule.com\/ar\/wp-json\/wp\/v2\/pages\/191\/revisions\/731"}],"up":[{"embeddable":true,"href":"https:\/\/www.turbo-fahrschule.com\/ar\/wp-json\/wp\/v2\/pages\/700"}],"wp:featuredmedia":[{"embeddable":true,"href":"https:\/\/www.turbo-fahrschule.com\/ar\/wp-json\/wp\/v2\/media\/691"}],"wp:attachment":[{"href":"https:\/\/www.turbo-fahrschule.com\/ar\/wp-json\/wp\/v2\/media?parent=191"}],"curies":[{"name":"wp","href":"https:\/\/api.w.org\/{rel}","templated":true}]}}