{"id":42,"date":"2019-02-07T18:35:44","date_gmt":"2019-02-07T18:35:44","guid":{"rendered":"http:\/\/www.berlin-turbo.de\/?page_id=42"},"modified":"2021-01-25T13:49:47","modified_gmt":"2021-01-25T13:49:47","slug":"preise","status":"publish","type":"page","link":"https:\/\/www.turbo-fahrschule.com\/ar\/info\/preise","title":{"rendered":"Preise"},"content":{"rendered":"<p>Sie erhalten in unsere Fahrschule eine Ausbildung die sich Ihren individuellen Bed\u00fcrfnissen anpasst, erfahrene Fahrlehrer, modernste Fahrzeuge und Lernmethoden. Ihr pers\u00f6nlicher Fahrlehrer steht Ihnen w\u00e4hrend der gesamten Ausbildung bei allen Fragen stets mit Rat und Tat zur Seite und begleitet Sie auf Ihrem pers\u00f6nlichen Weg zur erfolgreichen theoretischen &amp; praktischen Pr\u00fcfung!<\/p>\r\n\r\n\r\n\r\n<h2 class=\"wp-block-heading\"><strong>Preis\u00fcbersicht:<\/strong><\/h2>\r\n\r\n\r\n\r\n<figure class=\"wp-block-table\">\r\n<table>\r\n<tbody>\r\n<tr>\r\n<td>\u00a0<\/td>\r\n<td>Klasse B (PKW)<\/td>\r\n<td>\u00a0Klasse B(Automatik)<\/td>\r\n<\/tr>\r\n<tr>\r\n<td><strong>Grundbetrag inkl. Theorie und <\/strong><strong>Lern-App<\/strong><\/td>\r\n<td><strong>Bitte Anrufen <\/strong><\/td>\r\n<td><strong><strong>Bitte Anrufen<\/strong><\/strong><\/td>\r\n<\/tr>\r\n<tr>\r\n<td><strong>Fahrstunde \u00e1 40 Min.:<\/strong><\/td>\r\n<td><strong><strong>Bitte Anrufen<\/strong><\/strong><\/td>\r\n<td><strong><strong>Bitte Anrufen<\/strong><\/strong><\/td>\r\n<\/tr>\r\n<tr>\r\n<td><strong>Fahrstunde \u00e1 45 Min.:<\/strong><\/td>\r\n<td><strong><strong>Bitte Anrufen<\/strong><\/strong><\/td>\r\n<td><strong><strong>Bitte Anrufen<\/strong><\/strong><\/td>\r\n<\/tr>\r\n<tr>\r\n<td><strong>Sonderfahrt \u00e1 45 Min.:<\/strong><\/td>\r\n<td><strong><strong>Bitte Anrufen<\/strong><\/strong><\/td>\r\n<td><strong><strong>Bitte Anrufen<\/strong><\/strong><\/td>\r\n<\/tr>\r\n<tr>\r\n<td><strong>Vorstellung zur prakt. Pr\u00fcfung: \u00a0<\/strong><\/td>\r\n<td><strong><strong>Bitte Anrufen<\/strong><\/strong><\/td>\r\n<td><strong><strong>Bitte Anrufen<\/strong><\/strong><\/td>\r\n<\/tr>\r\n<\/tbody>\r\n<\/table>\r\n<\/figure>\r\n\r\n\r\n\r\n<p>Der\u00a0Grundbetrag bei Klasse B\u00a0und B (Automatik) beinhaltet:<br \/>Die Anmeldung, 12 allgemeine und 2 klassenspezifische Theorie-stunden sowie lernen und \u00fcben am PC der Fahrschule und eine <span style=\"font-size: 15.2015px;\">Lern-App.<\/span><span style=\"font-size: 0.95em;\">\u00a0<\/span><\/p>\r\n\r\n\r\n\r\n<h2 class=\"wp-block-heading\"><strong>Theoretische Pr\u00fcfung<\/strong><\/h2>\r\n\r\n\r\n\r\n<p>Die theoretische Pr\u00fcfung kann in folgenden anerkannten Pr\u00fcfungssprachen abgelegt werden:<\/p>\r\n\r\n\r\n\r\n<ul class=\"wp-block-list\">\r\n<li>Deutsch<\/li>\r\n<li>Arabisch<\/li>\r\n<li>Englisch<\/li>\r\n<li>Franz\u00f6sisch<\/li>\r\n<li>Italienisch<\/li>\r\n<li>Kroatisch<\/li>\r\n<li>Rum\u00e4nisch<\/li>\r\n<li>Russisch<\/li>\r\n<li>Griechisch<\/li>\r\n<li>Polnisch<\/li>\r\n<li>Portugiesisch<\/li>\r\n<li>Spanisch<\/li>\r\n<li>T\u00fcrkisch<\/li>\r\n<\/ul>\r\n\r\n\r\n\r\n<ul class=\"wp-block-list\">\r\n<li>\u00a0<\/li>\r\n<\/ul>\r\n\r\n\r\n\r\n<p>und kostet bei T\u00dcV und Dekra <strong>\u20ac22,49<\/strong>\u00a0<\/p>\r\n<p>und f\u00fcr die praktische\u00a0 Pr\u00fcfung\u00a0 <strong>\u20ac116,93<\/strong><\/p>","protected":false},"excerpt":{"rendered":"<p>Sie erhalten in unsere Fahrschule eine Ausbildung die sich Ihren individuellen Bed\u00fcrfnissen anpasst, erfahrene Fahrlehrer, modernste Fahrzeuge und Lernmethoden. Ihr [&hellip;]<\/p>","protected":false},"author":1,"featured_media":0,"parent":182,"menu_order":0,"comment_status":"closed","ping_status":"closed","template":"","meta":{"_uag_custom_page_level_css":"","site-sidebar-layout":"default","site-content-layout":"","ast-site-content-layout":"default","site-content-style":"default","site-sidebar-style":"default","ast-global-header-display":"","ast-banner-title-visibility":"","ast-main-header-display":"","ast-hfb-above-header-display":"","ast-hfb-below-header-display":"","ast-hfb-mobile-header-display":"","site-post-title":"","ast-breadcrumbs-content":"","ast-featured-img":"","footer-sml-layout":"","ast-disable-related-posts":"","theme-transparent-header-meta":"","adv-header-id-meta":"","stick-header-meta":"","header-above-stick-meta":"","header-main-stick-meta":"","header-below-stick-meta":"","astra-migrate-meta-layouts":"default","ast-page-background-enabled":"default","ast-page-background-meta":{"desktop":{"background-color":"var(--ast-global-color-5)","background-image":"","background-repeat":"repeat","background-position":"center center","background-size":"auto","background-attachment":"scroll","background-type":"","background-media":"","overlay-type":"","overlay-color":"","overlay-opacity":"","overlay-gradient":""},"tablet":{"background-color":"","background-image":"","background-repeat":"repeat","background-position":"center center","background-size":"auto","background-attachment":"scroll","background-type":"","background-media":"","overlay-type":"","overlay-color":"","overlay-opacity":"","overlay-gradient":""},"mobile":{"background-color":"","background-image":"","background-repeat":"repeat","background-position":"center center","background-size":"auto","background-attachment":"scroll","background-type":"","background-media":"","overlay-type":"","overlay-color":"","overlay-opacity":"","overlay-gradient":""}},"ast-content-background-meta":{"desktop":{"background-color":"var(--ast-global-color-4)","background-image":"","background-repeat":"repeat","background-position":"center center","background-size":"auto","background-attachment":"scroll","background-type":"","background-media":"","overlay-type":"","overlay-color":"","overlay-opacity":"","overlay-gradient":""},"tablet":{"background-color":"var(--ast-global-color-4)","background-image":"","background-repeat":"repeat","background-position":"center center","background-size":"auto","background-attachment":"scroll","background-type":"","background-media":"","overlay-type":"","overlay-color":"","overlay-opacity":"","overlay-gradient":""},"mobile":{"background-color":"var(--ast-global-color-4)","background-image":"","background-repeat":"repeat","background-position":"center center","background-size":"auto","background-attachment":"scroll","background-type":"","background-media":"","overlay-type":"","overlay-color":"","overlay-opacity":"","overlay-gradient":""}},"footnotes":""},"class_list":["post-42","page","type-page","status-publish","hentry"],"yoast_head":"<!-- This site is optimized with the Yoast SEO Premium plugin v26.8 (Yoast SEO v26.8) - https:\/\/yoast.com\/product\/yoast-seo-premium-wordpress\/ -->\n<title>Preise - Turbo-Fahrschule Berlin<\/title>\n<meta name=\"robots\" content=\"index, follow, max-snippet:-1, max-image-preview:large, max-video-preview:-1\" \/>\n<link rel=\"canonical\" href=\"https:\/\/www.turbo-fahrschule.com\/ar\/info\/preise\/\" \/>\n<meta property=\"og:locale\" content=\"ar_AR\" \/>\n<meta property=\"og:type\" content=\"article\" \/>\n<meta property=\"og:title\" content=\"Preise\" \/>\n<meta property=\"og:description\" content=\"Sie erhalten in unsere Fahrschule eine Ausbildung die sich Ihren individuellen Bed\u00fcrfnissen anpasst, erfahrene Fahrlehrer, modernste Fahrzeuge und Lernmethoden. Ihr [&hellip;]\" \/>\n<meta property=\"og:url\" content=\"https:\/\/www.turbo-fahrschule.com\/ar\/info\/preise\/\" \/>\n<meta property=\"og:site_name\" content=\"Turbo-Fahrschule Berlin\" \/>\n<meta property=\"article:publisher\" content=\"https:\/\/www.facebook.com\/TurboFahrschule\/\" \/>\n<meta property=\"article:modified_time\" content=\"2021-01-25T13:49:47+00:00\" \/>\n<meta property=\"og:image\" content=\"https:\/\/www.turbo-fahrschule.com\/wp-content\/uploads\/2021\/05\/Logo.jpeg-Kopie-2.jpg\" \/>\n\t<meta property=\"og:image:width\" content=\"2301\" \/>\n\t<meta property=\"og:image:height\" content=\"2283\" \/>\n\t<meta property=\"og:image:type\" content=\"image\/jpeg\" \/>\n<meta name=\"twitter:card\" content=\"summary_large_image\" \/>\n<meta name=\"twitter:label1\" content=\"\u0648\u0642\u062a \u0627\u0644\u0642\u0631\u0627\u0621\u0629 \u0627\u0644\u0645\u064f\u0642\u062f\u0651\u0631\" \/>\n\t<meta name=\"twitter:data1\" content=\"\u062f\u0642\u064a\u0642\u0629 \u0648\u0627\u062d\u062f\u0629\" \/>\n<script type=\"application\/ld+json\" class=\"yoast-schema-graph\">{\"@context\":\"https:\/\/schema.org\",\"@graph\":[{\"@type\":\"WebPage\",\"@id\":\"https:\/\/www.turbo-fahrschule.com\/info\/preise\",\"url\":\"https:\/\/www.turbo-fahrschule.com\/info\/preise\",\"name\":\"Preise - Turbo-Fahrschule Berlin\",\"isPartOf\":{\"@id\":\"https:\/\/www.turbo-fahrschule.com\/#website\"},\"datePublished\":\"2019-02-07T18:35:44+00:00\",\"dateModified\":\"2021-01-25T13:49:47+00:00\",\"breadcrumb\":{\"@id\":\"https:\/\/www.turbo-fahrschule.com\/info\/preise#breadcrumb\"},\"inLanguage\":\"ar\",\"potentialAction\":[{\"@type\":\"ReadAction\",\"target\":[\"https:\/\/www.turbo-fahrschule.com\/info\/preise\"]}]},{\"@type\":\"BreadcrumbList\",\"@id\":\"https:\/\/www.turbo-fahrschule.com\/info\/preise#breadcrumb\",\"itemListElement\":[{\"@type\":\"ListItem\",\"position\":1,\"name\":\"Startseite\",\"item\":\"https:\/\/www.turbo-fahrschule.com\/\"},{\"@type\":\"ListItem\",\"position\":2,\"name\":\"Info\",\"item\":\"https:\/\/www.turbo-fahrschule.com\/info\"},{\"@type\":\"ListItem\",\"position\":3,\"name\":\"Preise\"}]},{\"@type\":\"WebSite\",\"@id\":\"https:\/\/www.turbo-fahrschule.com\/#website\",\"url\":\"https:\/\/www.turbo-fahrschule.com\/\",\"name\":\"Turbo Fahrschule Berlin\",\"description\":\"mehr als 35 Jahre Erfahrungen\",\"publisher\":{\"@id\":\"https:\/\/www.turbo-fahrschule.com\/#organization\"},\"potentialAction\":[{\"@type\":\"SearchAction\",\"target\":{\"@type\":\"EntryPoint\",\"urlTemplate\":\"https:\/\/www.turbo-fahrschule.com\/?s={search_term_string}\"},\"query-input\":{\"@type\":\"PropertyValueSpecification\",\"valueRequired\":true,\"valueName\":\"search_term_string\"}}],\"inLanguage\":\"ar\"},{\"@type\":\"Organization\",\"@id\":\"https:\/\/www.turbo-fahrschule.com\/#organization\",\"name\":\"Turbo Fahrschule Berlin\",\"url\":\"https:\/\/www.turbo-fahrschule.com\/\",\"logo\":{\"@type\":\"ImageObject\",\"inLanguage\":\"ar\",\"@id\":\"https:\/\/www.turbo-fahrschule.com\/#\/schema\/logo\/image\/\",\"url\":\"https:\/\/www.turbo-fahrschule.com\/wp-content\/uploads\/2021\/05\/Logo.jpeg-Kopie-2.jpg\",\"contentUrl\":\"https:\/\/www.turbo-fahrschule.com\/wp-content\/uploads\/2021\/05\/Logo.jpeg-Kopie-2.jpg\",\"width\":2301,\"height\":2283,\"caption\":\"Turbo Fahrschule Berlin\"},\"image\":{\"@id\":\"https:\/\/www.turbo-fahrschule.com\/#\/schema\/logo\/image\/\"},\"sameAs\":[\"https:\/\/www.facebook.com\/TurboFahrschule\/\"]}]}<\/script>\n<!-- \/ Yoast SEO Premium plugin. -->","yoast_head_json":{"title":"Preise - Turbo-Fahrschule Berlin","robots":{"index":"index","follow":"follow","max-snippet":"max-snippet:-1","max-image-preview":"max-image-preview:large","max-video-preview":"max-video-preview:-1"},"canonical":"https:\/\/www.turbo-fahrschule.com\/ar\/info\/preise\/","og_locale":"ar_AR","og_type":"article","og_title":"Preise","og_description":"Sie erhalten in unsere Fahrschule eine Ausbildung die sich Ihren individuellen Bed\u00fcrfnissen anpasst, erfahrene Fahrlehrer, modernste Fahrzeuge und Lernmethoden. Ihr [&hellip;]","og_url":"https:\/\/www.turbo-fahrschule.com\/ar\/info\/preise\/","og_site_name":"Turbo-Fahrschule Berlin","article_publisher":"https:\/\/www.facebook.com\/TurboFahrschule\/","article_modified_time":"2021-01-25T13:49:47+00:00","og_image":[{"width":2301,"height":2283,"url":"https:\/\/www.turbo-fahrschule.com\/wp-content\/uploads\/2021\/05\/Logo.jpeg-Kopie-2.jpg","type":"image\/jpeg"}],"twitter_card":"summary_large_image","twitter_misc":{"\u0648\u0642\u062a \u0627\u0644\u0642\u0631\u0627\u0621\u0629 \u0627\u0644\u0645\u064f\u0642\u062f\u0651\u0631":"\u062f\u0642\u064a\u0642\u0629 \u0648\u0627\u062d\u062f\u0629"},"schema":{"@context":"https:\/\/schema.org","@graph":[{"@type":"WebPage","@id":"https:\/\/www.turbo-fahrschule.com\/info\/preise","url":"https:\/\/www.turbo-fahrschule.com\/info\/preise","name":"Preise - Turbo-Fahrschule Berlin","isPartOf":{"@id":"https:\/\/www.turbo-fahrschule.com\/#website"},"datePublished":"2019-02-07T18:35:44+00:00","dateModified":"2021-01-25T13:49:47+00:00","breadcrumb":{"@id":"https:\/\/www.turbo-fahrschule.com\/info\/preise#breadcrumb"},"inLanguage":"ar","potentialAction":[{"@type":"ReadAction","target":["https:\/\/www.turbo-fahrschule.com\/info\/preise"]}]},{"@type":"BreadcrumbList","@id":"https:\/\/www.turbo-fahrschule.com\/info\/preise#breadcrumb","itemListElement":[{"@type":"ListItem","position":1,"name":"Startseite","item":"https:\/\/www.turbo-fahrschule.com\/"},{"@type":"ListItem","position":2,"name":"Info","item":"https:\/\/www.turbo-fahrschule.com\/info"},{"@type":"ListItem","position":3,"name":"Preise"}]},{"@type":"WebSite","@id":"https:\/\/www.turbo-fahrschule.com\/#website","url":"https:\/\/www.turbo-fahrschule.com\/","name":"Turbo Fahrschule Berlin","description":"mehr als 35 Jahre Erfahrungen","publisher":{"@id":"https:\/\/www.turbo-fahrschule.com\/#organization"},"potentialAction":[{"@type":"SearchAction","target":{"@type":"EntryPoint","urlTemplate":"https:\/\/www.turbo-fahrschule.com\/?s={search_term_string}"},"query-input":{"@type":"PropertyValueSpecification","valueRequired":true,"valueName":"search_term_string"}}],"inLanguage":"ar"},{"@type":"Organization","@id":"https:\/\/www.turbo-fahrschule.com\/#organization","name":"Turbo Fahrschule Berlin","url":"https:\/\/www.turbo-fahrschule.com\/","logo":{"@type":"ImageObject","inLanguage":"ar","@id":"https:\/\/www.turbo-fahrschule.com\/#\/schema\/logo\/image\/","url":"https:\/\/www.turbo-fahrschule.com\/wp-content\/uploads\/2021\/05\/Logo.jpeg-Kopie-2.jpg","contentUrl":"https:\/\/www.turbo-fahrschule.com\/wp-content\/uploads\/2021\/05\/Logo.jpeg-Kopie-2.jpg","width":2301,"height":2283,"caption":"Turbo Fahrschule Berlin"},"image":{"@id":"https:\/\/www.turbo-fahrschule.com\/#\/schema\/logo\/image\/"},"sameAs":["https:\/\/www.facebook.com\/TurboFahrschule\/"]}]}},"spectra_custom_meta":{"_edit_lock":["1735545464:2"],"classic-editor-remember":["classic-editor"],"_edit_last":["1"],"_heateor_sss_meta":["a:2:{s:7:\"sharing\";i:0;s:16:\"vertical_sharing\";i:0;}"],"_wp_page_template":["default"],"_uag_page_assets":["a:9:{s:3:\"css\";s:263:\".uag-blocks-common-selector{z-index:var(--z-index-desktop) !important}@media (max-width: 976px){.uag-blocks-common-selector{z-index:var(--z-index-tablet) !important}}@media (max-width: 767px){.uag-blocks-common-selector{z-index:var(--z-index-mobile) !important}}\n\";s:2:\"js\";s:0:\"\";s:18:\"current_block_list\";a:4:{i:0;s:14:\"core\/paragraph\";i:1;s:12:\"core\/heading\";i:2;s:10:\"core\/table\";i:3;s:9:\"core\/list\";}s:8:\"uag_flag\";b:0;s:11:\"uag_version\";s:10:\"1774360284\";s:6:\"gfonts\";a:0:{}s:10:\"gfonts_url\";s:0:\"\";s:12:\"gfonts_files\";a:0:{}s:14:\"uag_faq_layout\";b:0;}"],"_uag_css_file_name":["uag-css-42.css"]},"uagb_featured_image_src":{"full":false,"thumbnail":false,"medium":false,"medium_large":false,"large":false,"1536x1536":false,"2048x2048":false,"trp-custom-language-flag":false},"uagb_author_info":{"display_name":"Modeer","author_link":"https:\/\/www.turbo-fahrschule.com\/ar\/author\/modeer"},"uagb_comment_info":0,"uagb_excerpt":"Sie erhalten in unsere Fahrschule eine Ausbildung die sich Ihren individuellen Bed\u00fcrfnissen anpasst, erfahrene Fahrlehrer, modernste Fahrzeuge und Lernmethoden. Ihr [&hellip;]","_links":{"self":[{"href":"https:\/\/www.turbo-fahrschule.com\/ar\/wp-json\/wp\/v2\/pages\/42","targetHints":{"allow":["GET"]}}],"collection":[{"href":"https:\/\/www.turbo-fahrschule.com\/ar\/wp-json\/wp\/v2\/pages"}],"about":[{"href":"https:\/\/www.turbo-fahrschule.com\/ar\/wp-json\/wp\/v2\/types\/page"}],"author":[{"embeddable":true,"href":"https:\/\/www.turbo-fahrschule.com\/ar\/wp-json\/wp\/v2\/users\/1"}],"replies":[{"embeddable":true,"href":"https:\/\/www.turbo-fahrschule.com\/ar\/wp-json\/wp\/v2\/comments?post=42"}],"version-history":[{"count":11,"href":"https:\/\/www.turbo-fahrschule.com\/ar\/wp-json\/wp\/v2\/pages\/42\/revisions"}],"predecessor-version":[{"id":378,"href":"https:\/\/www.turbo-fahrschule.com\/ar\/wp-json\/wp\/v2\/pages\/42\/revisions\/378"}],"up":[{"embeddable":true,"href":"https:\/\/www.turbo-fahrschule.com\/ar\/wp-json\/wp\/v2\/pages\/182"}],"wp:attachment":[{"href":"https:\/\/www.turbo-fahrschule.com\/ar\/wp-json\/wp\/v2\/media?parent=42"}],"curies":[{"name":"wp","href":"https:\/\/api.w.org\/{rel}","templated":true}]}}