{"id":176,"date":"2020-07-23T10:40:21","date_gmt":"2020-07-23T10:40:21","guid":{"rendered":"http:\/\/www.turbo-fahrschule.com\/?page_id=176"},"modified":"2026-03-24T13:49:30","modified_gmt":"2026-03-24T13:49:30","slug":"aufbauseminar-asf","status":"publish","type":"page","link":"https:\/\/www.turbo-fahrschule.com\/en\/aufbauseminar-asf","title":{"rendered":"Aufbauseminar ASF"},"content":{"rendered":"<\/p>\n\n\n<h2 class=\"wp-block-heading has-text-align-center\" id=\"h-das-nachste-aufbauseminar-asf-findet\">Das n\u00e4chste Aufbauseminar (ASF) findet<\/h2>\n\n\n\n<h2 class=\"wp-block-heading has-text-align-center\" id=\"h-ab-dem-12-05-2026-statt\">ab dem 12.05.2026 statt.<\/h2>\n\n\n\n<h2 class=\"wp-block-heading has-text-align-center\" id=\"h-jetzt-anmelden-tel-030-398-37-537\">Jetzt anmelden <strong>Tel. 030 398 37 537<\/strong> <\/h2>\n\n\n\n<h2 class=\"wp-block-heading\" id=\"h-jetzt-anmelden-fur-den-asf\">Jetzt anmelden <strong>f\u00fcr den ASF <\/strong><\/h2>\n\n\n\n<h2 class=\"wp-block-heading has-text-align-center\" id=\"h-online-anmelden-hier-klicken\"><strong><a href=\"https:\/\/www.clickclickdrive.de\/partner\/student-registration\/91dfe206687f4df28fb9241533d12b73\" target=\"_blank\" rel=\"noreferrer noopener\">Online anmelden hier <\/a><\/strong><a href=\"https:\/\/www.clickclickdrive.de\/partner\/student-registration\/91dfe206687f4df28fb9241533d12b73\" target=\"_blank\" rel=\"noreferrer noopener\">klicken<\/a><\/h2>\n\n\n\n<p style=\"font-size:25px\"><strong>Was<\/strong> <strong>ist ein Aufbauseminar?<\/strong><\/p>\n\n\n\n<p style=\"font-size:18px\">Das Aufbauseminar f\u00fcr Fahranf\u00e4nger (auch ASF) richtet sich an Fahranf\u00e4nger*innen mit auff\u00e4lligem Verkehrsverhalten, sowie Fehlern in der Probezeit.<\/p>\n\n\n\n<p style=\"font-size:18px\">Das Seminar soll den Teilnehmer*innen helfen, in Zukunft sicherer und m\u00f6glichst ohne weitere Auff\u00e4lligkeiten am Stra\u00dfenverkehr teilzunehmen.<\/p>\n\n\n\n<p style=\"font-size:25px\"><strong>Wie ist das Aufbauseminar aufgebaut?<\/strong><\/p>\n\n\n\n<p style=\"font-size:18px\">Das Aufbauseminar teilt sich auf 4 Termine \u00e0 135 min und einer 30-min\u00fctigen Beobachtungsfahrt auf. Diese werden innerhalb von ca. 3 Wochen in einer Gruppe von 6-12 Teilnehmern absolviert. <\/p>\n\n\n\n<p style=\"font-size:18px\">Ziel des Seminars ist es, den Teilnehmer*innen zu helfen Gefahren wahrzunehmen, zu bewerten und zu vermeiden, sowie r\u00fccksichtsvolles und kooperatives Fahren n\u00e4herzubringen. Weitere Themen wie Emotionen beim Fahren und Beherrschung des Fahrzeugs sind ebenfalls Teil des Aufbauseminars.<\/p>\n\n\n\n<p style=\"font-size:25px\"><strong>Wann geht&#8217;s los?<\/strong><\/p>\n\n\n\n<p style=\"font-size:18px\">Wir bieten regelm\u00e4\u00dfig Aufbauseminare an. Informieren Sie sich jetzt wann das n\u00e4chste Seminar startet!<\/p>\n\n\n\n<p style=\"font-size:19px\">Rufen Sie uns an unter <strong>030 398 37 537<\/strong> oder schreiben Sie uns eine Mail an<strong> info@turbo-fahrschule.com<\/strong><\/p>\n\n\n<h4><strong>Das Aufbauseminar kostet momentan nur<span style=\"color: #005700;\"> 199\u20ac<\/span><\/strong><\/h4>","protected":false},"excerpt":{"rendered":"<p>Das n\u00e4chste Aufbauseminar (ASF) findet ab dem 12.05.2026 statt. Jetzt anmelden Tel. 030 398 37 537 Jetzt anmelden f\u00fcr den [&hellip;]<\/p>","protected":false},"author":1,"featured_media":0,"parent":0,"menu_order":0,"comment_status":"closed","ping_status":"closed","template":"","meta":{"_uag_custom_page_level_css":"","site-sidebar-layout":"default","site-content-layout":"","ast-site-content-layout":"default","site-content-style":"default","site-sidebar-style":"default","ast-global-header-display":"","ast-banner-title-visibility":"","ast-main-header-display":"","ast-hfb-above-header-display":"","ast-hfb-below-header-display":"","ast-hfb-mobile-header-display":"","site-post-title":"","ast-breadcrumbs-content":"","ast-featured-img":"","footer-sml-layout":"","ast-disable-related-posts":"","theme-transparent-header-meta":"","adv-header-id-meta":"","stick-header-meta":"","header-above-stick-meta":"","header-main-stick-meta":"","header-below-stick-meta":"","astra-migrate-meta-layouts":"default","ast-page-background-enabled":"default","ast-page-background-meta":{"desktop":{"background-color":"var(--ast-global-color-5)","background-image":"","background-repeat":"repeat","background-position":"center center","background-size":"auto","background-attachment":"scroll","background-type":"","background-media":"","overlay-type":"","overlay-color":"","overlay-opacity":"","overlay-gradient":""},"tablet":{"background-color":"","background-image":"","background-repeat":"repeat","background-position":"center center","background-size":"auto","background-attachment":"scroll","background-type":"","background-media":"","overlay-type":"","overlay-color":"","overlay-opacity":"","overlay-gradient":""},"mobile":{"background-color":"","background-image":"","background-repeat":"repeat","background-position":"center center","background-size":"auto","background-attachment":"scroll","background-type":"","background-media":"","overlay-type":"","overlay-color":"","overlay-opacity":"","overlay-gradient":""}},"ast-content-background-meta":{"desktop":{"background-color":"var(--ast-global-color-4)","background-image":"","background-repeat":"repeat","background-position":"center center","background-size":"auto","background-attachment":"scroll","background-type":"","background-media":"","overlay-type":"","overlay-color":"","overlay-opacity":"","overlay-gradient":""},"tablet":{"background-color":"var(--ast-global-color-4)","background-image":"","background-repeat":"repeat","background-position":"center center","background-size":"auto","background-attachment":"scroll","background-type":"","background-media":"","overlay-type":"","overlay-color":"","overlay-opacity":"","overlay-gradient":""},"mobile":{"background-color":"var(--ast-global-color-4)","background-image":"","background-repeat":"repeat","background-position":"center center","background-size":"auto","background-attachment":"scroll","background-type":"","background-media":"","overlay-type":"","overlay-color":"","overlay-opacity":"","overlay-gradient":""}},"footnotes":""},"class_list":["post-176","page","type-page","status-publish","hentry"],"yoast_head":"<!-- This site is optimized with the Yoast SEO Premium plugin v26.8 (Yoast SEO v26.8) - https:\/\/yoast.com\/product\/yoast-seo-premium-wordpress\/ -->\n<title>Aufbauseminar ASF - Turbo-Fahrschule Berlin<\/title>\n<meta name=\"description\" content=\"Fehler in der Probezeit? Du m\u00f6chtest deinen F\u00fchrerschein behalten? Melde dich jetzt an! Turbo-Fahrschule Berlin - Mehr als 35 Jahre Erfahrung\" \/>\n<meta name=\"robots\" content=\"index, follow, max-snippet:-1, max-image-preview:large, max-video-preview:-1\" \/>\n<link rel=\"canonical\" href=\"https:\/\/www.turbo-fahrschule.com\/en\/aufbauseminar-asf\/\" \/>\n<meta property=\"og:locale\" content=\"en_GB\" \/>\n<meta property=\"og:type\" content=\"article\" \/>\n<meta property=\"og:title\" content=\"Aufbauseminar ASF\" \/>\n<meta property=\"og:description\" content=\"Fehler in der Probezeit? Du m\u00f6chtest deinen F\u00fchrerschein behalten? Melde dich jetzt an! Turbo-Fahrschule Berlin - Mehr als 35 Jahre Erfahrung\" \/>\n<meta property=\"og:url\" content=\"https:\/\/www.turbo-fahrschule.com\/en\/aufbauseminar-asf\/\" \/>\n<meta property=\"og:site_name\" content=\"Turbo-Fahrschule Berlin\" \/>\n<meta property=\"article:publisher\" content=\"https:\/\/www.facebook.com\/TurboFahrschule\/\" \/>\n<meta property=\"article:modified_time\" content=\"2026-03-24T13:49:30+00:00\" \/>\n<meta property=\"og:image\" content=\"https:\/\/www.turbo-fahrschule.com\/wp-content\/uploads\/2021\/05\/Logo.jpeg-Kopie-2.jpg\" \/>\n\t<meta property=\"og:image:width\" content=\"2301\" \/>\n\t<meta property=\"og:image:height\" content=\"2283\" \/>\n\t<meta property=\"og:image:type\" content=\"image\/jpeg\" \/>\n<meta name=\"twitter:card\" content=\"summary_large_image\" \/>\n<meta name=\"twitter:label1\" content=\"Estimated reading time\" \/>\n\t<meta name=\"twitter:data1\" content=\"1 minute\" \/>\n<script type=\"application\/ld+json\" class=\"yoast-schema-graph\">{\"@context\":\"https:\/\/schema.org\",\"@graph\":[{\"@type\":\"WebPage\",\"@id\":\"https:\/\/www.turbo-fahrschule.com\/aufbauseminar-asf\",\"url\":\"https:\/\/www.turbo-fahrschule.com\/aufbauseminar-asf\",\"name\":\"Aufbauseminar ASF - Turbo-Fahrschule Berlin\",\"isPartOf\":{\"@id\":\"https:\/\/www.turbo-fahrschule.com\/#website\"},\"datePublished\":\"2020-07-23T10:40:21+00:00\",\"dateModified\":\"2026-03-24T13:49:30+00:00\",\"description\":\"Fehler in der Probezeit? Du m\u00f6chtest deinen F\u00fchrerschein behalten? Melde dich jetzt an! Turbo-Fahrschule Berlin - Mehr als 35 Jahre Erfahrung\",\"breadcrumb\":{\"@id\":\"https:\/\/www.turbo-fahrschule.com\/aufbauseminar-asf#breadcrumb\"},\"inLanguage\":\"en-GB\",\"potentialAction\":[{\"@type\":\"ReadAction\",\"target\":[\"https:\/\/www.turbo-fahrschule.com\/aufbauseminar-asf\"]}]},{\"@type\":\"BreadcrumbList\",\"@id\":\"https:\/\/www.turbo-fahrschule.com\/aufbauseminar-asf#breadcrumb\",\"itemListElement\":[{\"@type\":\"ListItem\",\"position\":1,\"name\":\"Startseite\",\"item\":\"https:\/\/www.turbo-fahrschule.com\/\"},{\"@type\":\"ListItem\",\"position\":2,\"name\":\"Aufbauseminar ASF\"}]},{\"@type\":\"WebSite\",\"@id\":\"https:\/\/www.turbo-fahrschule.com\/#website\",\"url\":\"https:\/\/www.turbo-fahrschule.com\/\",\"name\":\"Turbo Fahrschule Berlin\",\"description\":\"mehr als 35 Jahre Erfahrungen\",\"publisher\":{\"@id\":\"https:\/\/www.turbo-fahrschule.com\/#organization\"},\"potentialAction\":[{\"@type\":\"SearchAction\",\"target\":{\"@type\":\"EntryPoint\",\"urlTemplate\":\"https:\/\/www.turbo-fahrschule.com\/?s={search_term_string}\"},\"query-input\":{\"@type\":\"PropertyValueSpecification\",\"valueRequired\":true,\"valueName\":\"search_term_string\"}}],\"inLanguage\":\"en-GB\"},{\"@type\":\"Organization\",\"@id\":\"https:\/\/www.turbo-fahrschule.com\/#organization\",\"name\":\"Turbo Fahrschule Berlin\",\"url\":\"https:\/\/www.turbo-fahrschule.com\/\",\"logo\":{\"@type\":\"ImageObject\",\"inLanguage\":\"en-GB\",\"@id\":\"https:\/\/www.turbo-fahrschule.com\/#\/schema\/logo\/image\/\",\"url\":\"https:\/\/www.turbo-fahrschule.com\/wp-content\/uploads\/2021\/05\/Logo.jpeg-Kopie-2.jpg\",\"contentUrl\":\"https:\/\/www.turbo-fahrschule.com\/wp-content\/uploads\/2021\/05\/Logo.jpeg-Kopie-2.jpg\",\"width\":2301,\"height\":2283,\"caption\":\"Turbo Fahrschule Berlin\"},\"image\":{\"@id\":\"https:\/\/www.turbo-fahrschule.com\/#\/schema\/logo\/image\/\"},\"sameAs\":[\"https:\/\/www.facebook.com\/TurboFahrschule\/\"]}]}<\/script>\n<!-- \/ Yoast SEO Premium plugin. -->","yoast_head_json":{"title":"Aufbauseminar ASF - Turbo-Fahrschule Berlin","description":"Fehler in der Probezeit? Du m\u00f6chtest deinen F\u00fchrerschein behalten? Melde dich jetzt an! Turbo-Fahrschule Berlin - Mehr als 35 Jahre Erfahrung","robots":{"index":"index","follow":"follow","max-snippet":"max-snippet:-1","max-image-preview":"max-image-preview:large","max-video-preview":"max-video-preview:-1"},"canonical":"https:\/\/www.turbo-fahrschule.com\/en\/aufbauseminar-asf\/","og_locale":"en_GB","og_type":"article","og_title":"Aufbauseminar ASF","og_description":"Fehler in der Probezeit? Du m\u00f6chtest deinen F\u00fchrerschein behalten? Melde dich jetzt an! Turbo-Fahrschule Berlin - Mehr als 35 Jahre Erfahrung","og_url":"https:\/\/www.turbo-fahrschule.com\/en\/aufbauseminar-asf\/","og_site_name":"Turbo-Fahrschule Berlin","article_publisher":"https:\/\/www.facebook.com\/TurboFahrschule\/","article_modified_time":"2026-03-24T13:49:30+00:00","og_image":[{"width":2301,"height":2283,"url":"https:\/\/www.turbo-fahrschule.com\/wp-content\/uploads\/2021\/05\/Logo.jpeg-Kopie-2.jpg","type":"image\/jpeg"}],"twitter_card":"summary_large_image","twitter_misc":{"Estimated reading time":"1 minute"},"schema":{"@context":"https:\/\/schema.org","@graph":[{"@type":"WebPage","@id":"https:\/\/www.turbo-fahrschule.com\/aufbauseminar-asf","url":"https:\/\/www.turbo-fahrschule.com\/aufbauseminar-asf","name":"Aufbauseminar ASF - Turbo-Fahrschule Berlin","isPartOf":{"@id":"https:\/\/www.turbo-fahrschule.com\/#website"},"datePublished":"2020-07-23T10:40:21+00:00","dateModified":"2026-03-24T13:49:30+00:00","description":"Fehler in der Probezeit? Du m\u00f6chtest deinen F\u00fchrerschein behalten? Melde dich jetzt an! Turbo-Fahrschule Berlin - Mehr als 35 Jahre Erfahrung","breadcrumb":{"@id":"https:\/\/www.turbo-fahrschule.com\/aufbauseminar-asf#breadcrumb"},"inLanguage":"en-GB","potentialAction":[{"@type":"ReadAction","target":["https:\/\/www.turbo-fahrschule.com\/aufbauseminar-asf"]}]},{"@type":"BreadcrumbList","@id":"https:\/\/www.turbo-fahrschule.com\/aufbauseminar-asf#breadcrumb","itemListElement":[{"@type":"ListItem","position":1,"name":"Startseite","item":"https:\/\/www.turbo-fahrschule.com\/"},{"@type":"ListItem","position":2,"name":"Aufbauseminar ASF"}]},{"@type":"WebSite","@id":"https:\/\/www.turbo-fahrschule.com\/#website","url":"https:\/\/www.turbo-fahrschule.com\/","name":"Turbo Fahrschule Berlin","description":"mehr als 35 Jahre Erfahrungen","publisher":{"@id":"https:\/\/www.turbo-fahrschule.com\/#organization"},"potentialAction":[{"@type":"SearchAction","target":{"@type":"EntryPoint","urlTemplate":"https:\/\/www.turbo-fahrschule.com\/?s={search_term_string}"},"query-input":{"@type":"PropertyValueSpecification","valueRequired":true,"valueName":"search_term_string"}}],"inLanguage":"en-GB"},{"@type":"Organization","@id":"https:\/\/www.turbo-fahrschule.com\/#organization","name":"Turbo Fahrschule Berlin","url":"https:\/\/www.turbo-fahrschule.com\/","logo":{"@type":"ImageObject","inLanguage":"en-GB","@id":"https:\/\/www.turbo-fahrschule.com\/#\/schema\/logo\/image\/","url":"https:\/\/www.turbo-fahrschule.com\/wp-content\/uploads\/2021\/05\/Logo.jpeg-Kopie-2.jpg","contentUrl":"https:\/\/www.turbo-fahrschule.com\/wp-content\/uploads\/2021\/05\/Logo.jpeg-Kopie-2.jpg","width":2301,"height":2283,"caption":"Turbo Fahrschule Berlin"},"image":{"@id":"https:\/\/www.turbo-fahrschule.com\/#\/schema\/logo\/image\/"},"sameAs":["https:\/\/www.facebook.com\/TurboFahrschule\/"]}]}},"spectra_custom_meta":{"classic-editor-remember":["block-editor"],"_edit_lock":["1774360174:2"],"_edit_last":["2"],"_wp_page_template":["default"],"_heateor_sss_meta":["a:2:{s:7:\"sharing\";i:0;s:16:\"vertical_sharing\";i:0;}"],"_yoast_wpseo_metadesc":["Fehler in der Probezeit? Du m\u00f6chtest deinen F\u00fchrerschein behalten? Melde dich jetzt an! %%sitename%% - Mehr als 35 Jahre Erfahrung"],"_yoast_wpseo_content_score":["90"],"_yoast_wpseo_focuskeywords":["[{\"keyword\":\"Fehler in der Probezeit\",\"score\":67},{\"keyword\":\"Aufbauseminar\",\"score\":41}]"],"_yoast_wpseo_keywordsynonyms":["[\"ASF \",\"Punkte abbauen\",\"\"]"],"_yoast_wpseo_estimated-reading-time-minutes":["1"],"_yoast_wpseo_focuskw":["Aufbauseminar Berlin"],"_yoast_wpseo_linkdex":["54"],"_yoast_indexnow_last_ping":["1774360170"],"_uag_page_assets":["a:9:{s:3:\"css\";s:263:\".uag-blocks-common-selector{z-index:var(--z-index-desktop) !important}@media (max-width: 976px){.uag-blocks-common-selector{z-index:var(--z-index-tablet) !important}}@media (max-width: 767px){.uag-blocks-common-selector{z-index:var(--z-index-mobile) !important}}\n\";s:2:\"js\";s:0:\"\";s:18:\"current_block_list\";a:2:{i:0;s:12:\"core\/heading\";i:1;s:14:\"core\/paragraph\";}s:8:\"uag_flag\";b:0;s:11:\"uag_version\";s:10:\"1774360284\";s:6:\"gfonts\";a:0:{}s:10:\"gfonts_url\";s:0:\"\";s:12:\"gfonts_files\";a:0:{}s:14:\"uag_faq_layout\";b:0;}"],"_uag_css_file_name":["uag-css-176.css"]},"uagb_featured_image_src":{"full":false,"thumbnail":false,"medium":false,"medium_large":false,"large":false,"1536x1536":false,"2048x2048":false,"trp-custom-language-flag":false},"uagb_author_info":{"display_name":"Modeer","author_link":"https:\/\/www.turbo-fahrschule.com\/en\/author\/modeer"},"uagb_comment_info":0,"uagb_excerpt":"Das n\u00e4chste Aufbauseminar (ASF) findet ab dem 12.05.2026 statt. Jetzt anmelden Tel. 030 398 37 537 Jetzt anmelden f\u00fcr den [&hellip;]","_links":{"self":[{"href":"https:\/\/www.turbo-fahrschule.com\/en\/wp-json\/wp\/v2\/pages\/176","targetHints":{"allow":["GET"]}}],"collection":[{"href":"https:\/\/www.turbo-fahrschule.com\/en\/wp-json\/wp\/v2\/pages"}],"about":[{"href":"https:\/\/www.turbo-fahrschule.com\/en\/wp-json\/wp\/v2\/types\/page"}],"author":[{"embeddable":true,"href":"https:\/\/www.turbo-fahrschule.com\/en\/wp-json\/wp\/v2\/users\/1"}],"replies":[{"embeddable":true,"href":"https:\/\/www.turbo-fahrschule.com\/en\/wp-json\/wp\/v2\/comments?post=176"}],"version-history":[{"count":20,"href":"https:\/\/www.turbo-fahrschule.com\/en\/wp-json\/wp\/v2\/pages\/176\/revisions"}],"predecessor-version":[{"id":1527,"href":"https:\/\/www.turbo-fahrschule.com\/en\/wp-json\/wp\/v2\/pages\/176\/revisions\/1527"}],"wp:attachment":[{"href":"https:\/\/www.turbo-fahrschule.com\/en\/wp-json\/wp\/v2\/media?parent=176"}],"curies":[{"name":"wp","href":"https:\/\/api.w.org\/{rel}","templated":true}]}}