{"id":182,"date":"2020-07-30T16:58:10","date_gmt":"2020-07-30T16:58:10","guid":{"rendered":"http:\/\/www.turbo-fahrschule.com\/?page_id=182"},"modified":"2025-05-03T12:00:08","modified_gmt":"2025-05-03T12:00:08","slug":"info","status":"publish","type":"page","link":"https:\/\/www.turbo-fahrschule.com\/en\/info","title":{"rendered":"Info"},"content":{"rendered":"<p><img decoding=\"async\" class=\"alignnone size-full wp-image-184\" src=\"http:\/\/www.turbo-fahrschule.com\/wp-content\/uploads\/2020\/07\/logo-dekra-de-small.jpg\" alt=\"\" width=\"140\" height=\"56\" \/><\/p>\n<p>Pr\u00fcfungsgeb\u00fchren f\u00fcr die theoretische und praktische Fahrerlaubeispr\u00fcfung bei <strong>DEKRA<\/strong><\/p>\n<p><b>Zur theoretischen und praktischen Pr\u00fcfung bringen Sie bitte mit: <\/b><\/p>\n<ul class=\"list\">\n<li>Personalausweis oder Reisepass oder das von der Beh\u00f6rde benannte Personaldokument<\/li>\n<li>Ausbildungsnachweis\/ Ausbildungsbescheinigung der Fahrschule<\/li>\n<\/ul>\n<p><b>Pr\u00fcfungsgeb\u00fchren zur Erlangung einer Fahrerlaubnis:<\/b><\/p>\n<ul class=\"list\">\n<li><b>Klasse B:<\/b>\n<ul>\n<li>Theoriepr\u00fcfung 24,99 Euro<\/li>\n<li>Praktische Pr\u00fcfung 129,83 Euro<\/li>\n<\/ul>\n<\/li>\n<\/ul>\n<p style=\"text-align: right;\"><strong>\u0631\u062c\u0627\u0621 \u062a\u062d\u0648\u064a\u0644 \u0631\u0633\u0648\u0645 \u0627\u0644\u0627\u0645\u062a\u062d\u0627\u0646 \u0627\u0644\u0639\u0645\u0644\u064a \u0623\u0648 \u0627\u0644\u0646\u0638\u0631\u064a \u0644\u062d\u0633\u0627\u0628 \u0627\u0644\u062f\u0643\u0631\u0627 \u0627\u0644\u0628\u0646\u0643\u064a \u0627\u0644\u0645\u0630\u0643\u0648\u0631 \u0623\u0633\u0641\u0644 \u0642\u0628\u0644 \u0645\u0648\u0639\u062f \u0627\u0644\u0627\u0645\u062a\u062d\u0627\u0646 \u0628\u0639\u0634\u0631\u0629 \u0623\u064a\u0627\u0645 <\/strong><\/p>\n<p>F\u00fcr einen reibungslosen Ablauf der Pr\u00fcfungen \u00fcberweisen Sie die entsprechende Pr\u00fcfgeb\u00fchr mit den erforderlichen Angaben bitte bis sp\u00e4testens 10 Tage vor dem Pr\u00fcftermin auf das unten angef\u00fchrte Konto.<\/p>\n<p><strong>Zahlungsempf\u00e4nger:<\/strong> DEKRA Automobil GmbH<\/p>\n<p><strong>IBAN:<\/strong> DE26500100600007740604<\/p>\n<p><strong>Verwendungszweck:\u00a0 <\/strong><\/p>\n<p>Name, Vorname<strong><br \/>\n<\/strong><\/p>\n<p>+<\/p>\n<p>Geburtsdatum<\/p>\n<p>+<\/p>\n<p>Geb\u00fchr f\u00fcr Theoriepr\u00fcfung (\u20ac24,99)<\/p>\n<p>oder<\/p>\n<p>Geb\u00fchr f\u00fcr Praktische Pr\u00fcfung (\u20ac129,83)<\/p>","protected":false},"excerpt":{"rendered":"<p>Pr\u00fcfungsgeb\u00fchren f\u00fcr die theoretische und praktische Fahrerlaubeispr\u00fcfung bei DEKRA Zur theoretischen und praktischen Pr\u00fcfung bringen Sie bitte mit: Personalausweis oder [&hellip;]<\/p>","protected":false},"author":1,"featured_media":0,"parent":0,"menu_order":0,"comment_status":"closed","ping_status":"closed","template":"","meta":{"_uag_custom_page_level_css":"","site-sidebar-layout":"default","site-content-layout":"","ast-site-content-layout":"default","site-content-style":"default","site-sidebar-style":"default","ast-global-header-display":"","ast-banner-title-visibility":"","ast-main-header-display":"","ast-hfb-above-header-display":"","ast-hfb-below-header-display":"","ast-hfb-mobile-header-display":"","site-post-title":"","ast-breadcrumbs-content":"","ast-featured-img":"","footer-sml-layout":"","ast-disable-related-posts":"","theme-transparent-header-meta":"","adv-header-id-meta":"","stick-header-meta":"","header-above-stick-meta":"","header-main-stick-meta":"","header-below-stick-meta":"","astra-migrate-meta-layouts":"default","ast-page-background-enabled":"default","ast-page-background-meta":{"desktop":{"background-color":"var(--ast-global-color-5)","background-image":"","background-repeat":"repeat","background-position":"center center","background-size":"auto","background-attachment":"scroll","background-type":"","background-media":"","overlay-type":"","overlay-color":"","overlay-opacity":"","overlay-gradient":""},"tablet":{"background-color":"","background-image":"","background-repeat":"repeat","background-position":"center center","background-size":"auto","background-attachment":"scroll","background-type":"","background-media":"","overlay-type":"","overlay-color":"","overlay-opacity":"","overlay-gradient":""},"mobile":{"background-color":"","background-image":"","background-repeat":"repeat","background-position":"center center","background-size":"auto","background-attachment":"scroll","background-type":"","background-media":"","overlay-type":"","overlay-color":"","overlay-opacity":"","overlay-gradient":""}},"ast-content-background-meta":{"desktop":{"background-color":"var(--ast-global-color-4)","background-image":"","background-repeat":"repeat","background-position":"center center","background-size":"auto","background-attachment":"scroll","background-type":"","background-media":"","overlay-type":"","overlay-color":"","overlay-opacity":"","overlay-gradient":""},"tablet":{"background-color":"var(--ast-global-color-4)","background-image":"","background-repeat":"repeat","background-position":"center center","background-size":"auto","background-attachment":"scroll","background-type":"","background-media":"","overlay-type":"","overlay-color":"","overlay-opacity":"","overlay-gradient":""},"mobile":{"background-color":"var(--ast-global-color-4)","background-image":"","background-repeat":"repeat","background-position":"center center","background-size":"auto","background-attachment":"scroll","background-type":"","background-media":"","overlay-type":"","overlay-color":"","overlay-opacity":"","overlay-gradient":""}},"footnotes":""},"class_list":["post-182","page","type-page","status-publish","hentry"],"yoast_head":"<!-- This site is optimized with the Yoast SEO Premium plugin v26.8 (Yoast SEO v26.8) - https:\/\/yoast.com\/product\/yoast-seo-premium-wordpress\/ -->\n<title>Info - Turbo-Fahrschule Berlin<\/title>\n<meta name=\"robots\" content=\"index, follow, max-snippet:-1, max-image-preview:large, max-video-preview:-1\" \/>\n<link rel=\"canonical\" href=\"https:\/\/www.turbo-fahrschule.com\/en\/info\/\" \/>\n<meta property=\"og:locale\" content=\"en_GB\" \/>\n<meta property=\"og:type\" content=\"article\" \/>\n<meta property=\"og:title\" content=\"Info\" \/>\n<meta property=\"og:description\" content=\"Pr\u00fcfungsgeb\u00fchren f\u00fcr die theoretische und praktische Fahrerlaubeispr\u00fcfung bei DEKRA Zur theoretischen und praktischen Pr\u00fcfung bringen Sie bitte mit: Personalausweis oder [&hellip;]\" \/>\n<meta property=\"og:url\" content=\"https:\/\/www.turbo-fahrschule.com\/en\/info\/\" \/>\n<meta property=\"og:site_name\" content=\"Turbo-Fahrschule Berlin\" \/>\n<meta property=\"article:publisher\" content=\"https:\/\/www.facebook.com\/TurboFahrschule\/\" \/>\n<meta property=\"article:modified_time\" content=\"2025-05-03T12:00:08+00:00\" \/>\n<meta property=\"og:image\" content=\"http:\/\/www.turbo-fahrschule.com\/wp-content\/uploads\/2020\/07\/logo-dekra-de-small.jpg\" \/>\n<meta name=\"twitter:card\" content=\"summary_large_image\" \/>\n<meta name=\"twitter:label1\" content=\"Estimated reading time\" \/>\n\t<meta name=\"twitter:data1\" content=\"1 minute\" \/>\n<script type=\"application\/ld+json\" class=\"yoast-schema-graph\">{\"@context\":\"https:\/\/schema.org\",\"@graph\":[{\"@type\":\"WebPage\",\"@id\":\"https:\/\/www.turbo-fahrschule.com\/info\",\"url\":\"https:\/\/www.turbo-fahrschule.com\/info\",\"name\":\"Info - Turbo-Fahrschule Berlin\",\"isPartOf\":{\"@id\":\"https:\/\/www.turbo-fahrschule.com\/#website\"},\"primaryImageOfPage\":{\"@id\":\"https:\/\/www.turbo-fahrschule.com\/info#primaryimage\"},\"image\":{\"@id\":\"https:\/\/www.turbo-fahrschule.com\/info#primaryimage\"},\"thumbnailUrl\":\"http:\/\/www.turbo-fahrschule.com\/wp-content\/uploads\/2020\/07\/logo-dekra-de-small.jpg\",\"datePublished\":\"2020-07-30T16:58:10+00:00\",\"dateModified\":\"2025-05-03T12:00:08+00:00\",\"breadcrumb\":{\"@id\":\"https:\/\/www.turbo-fahrschule.com\/info#breadcrumb\"},\"inLanguage\":\"en-GB\",\"potentialAction\":[{\"@type\":\"ReadAction\",\"target\":[\"https:\/\/www.turbo-fahrschule.com\/info\"]}]},{\"@type\":\"ImageObject\",\"inLanguage\":\"en-GB\",\"@id\":\"https:\/\/www.turbo-fahrschule.com\/info#primaryimage\",\"url\":\"http:\/\/www.turbo-fahrschule.com\/wp-content\/uploads\/2020\/07\/logo-dekra-de-small.jpg\",\"contentUrl\":\"http:\/\/www.turbo-fahrschule.com\/wp-content\/uploads\/2020\/07\/logo-dekra-de-small.jpg\"},{\"@type\":\"BreadcrumbList\",\"@id\":\"https:\/\/www.turbo-fahrschule.com\/info#breadcrumb\",\"itemListElement\":[{\"@type\":\"ListItem\",\"position\":1,\"name\":\"Startseite\",\"item\":\"https:\/\/www.turbo-fahrschule.com\/\"},{\"@type\":\"ListItem\",\"position\":2,\"name\":\"Info\"}]},{\"@type\":\"WebSite\",\"@id\":\"https:\/\/www.turbo-fahrschule.com\/#website\",\"url\":\"https:\/\/www.turbo-fahrschule.com\/\",\"name\":\"Turbo Fahrschule Berlin\",\"description\":\"mehr als 35 Jahre Erfahrungen\",\"publisher\":{\"@id\":\"https:\/\/www.turbo-fahrschule.com\/#organization\"},\"potentialAction\":[{\"@type\":\"SearchAction\",\"target\":{\"@type\":\"EntryPoint\",\"urlTemplate\":\"https:\/\/www.turbo-fahrschule.com\/?s={search_term_string}\"},\"query-input\":{\"@type\":\"PropertyValueSpecification\",\"valueRequired\":true,\"valueName\":\"search_term_string\"}}],\"inLanguage\":\"en-GB\"},{\"@type\":\"Organization\",\"@id\":\"https:\/\/www.turbo-fahrschule.com\/#organization\",\"name\":\"Turbo Fahrschule Berlin\",\"url\":\"https:\/\/www.turbo-fahrschule.com\/\",\"logo\":{\"@type\":\"ImageObject\",\"inLanguage\":\"en-GB\",\"@id\":\"https:\/\/www.turbo-fahrschule.com\/#\/schema\/logo\/image\/\",\"url\":\"https:\/\/www.turbo-fahrschule.com\/wp-content\/uploads\/2021\/05\/Logo.jpeg-Kopie-2.jpg\",\"contentUrl\":\"https:\/\/www.turbo-fahrschule.com\/wp-content\/uploads\/2021\/05\/Logo.jpeg-Kopie-2.jpg\",\"width\":2301,\"height\":2283,\"caption\":\"Turbo Fahrschule Berlin\"},\"image\":{\"@id\":\"https:\/\/www.turbo-fahrschule.com\/#\/schema\/logo\/image\/\"},\"sameAs\":[\"https:\/\/www.facebook.com\/TurboFahrschule\/\"]}]}<\/script>\n<!-- \/ Yoast SEO Premium plugin. -->","yoast_head_json":{"title":"Info - Turbo-Fahrschule Berlin","robots":{"index":"index","follow":"follow","max-snippet":"max-snippet:-1","max-image-preview":"max-image-preview:large","max-video-preview":"max-video-preview:-1"},"canonical":"https:\/\/www.turbo-fahrschule.com\/en\/info\/","og_locale":"en_GB","og_type":"article","og_title":"Info","og_description":"Pr\u00fcfungsgeb\u00fchren f\u00fcr die theoretische und praktische Fahrerlaubeispr\u00fcfung bei DEKRA Zur theoretischen und praktischen Pr\u00fcfung bringen Sie bitte mit: Personalausweis oder [&hellip;]","og_url":"https:\/\/www.turbo-fahrschule.com\/en\/info\/","og_site_name":"Turbo-Fahrschule Berlin","article_publisher":"https:\/\/www.facebook.com\/TurboFahrschule\/","article_modified_time":"2025-05-03T12:00:08+00:00","og_image":[{"url":"http:\/\/www.turbo-fahrschule.com\/wp-content\/uploads\/2020\/07\/logo-dekra-de-small.jpg","type":"","width":"","height":""}],"twitter_card":"summary_large_image","twitter_misc":{"Estimated reading time":"1 minute"},"schema":{"@context":"https:\/\/schema.org","@graph":[{"@type":"WebPage","@id":"https:\/\/www.turbo-fahrschule.com\/info","url":"https:\/\/www.turbo-fahrschule.com\/info","name":"Info - Turbo-Fahrschule Berlin","isPartOf":{"@id":"https:\/\/www.turbo-fahrschule.com\/#website"},"primaryImageOfPage":{"@id":"https:\/\/www.turbo-fahrschule.com\/info#primaryimage"},"image":{"@id":"https:\/\/www.turbo-fahrschule.com\/info#primaryimage"},"thumbnailUrl":"http:\/\/www.turbo-fahrschule.com\/wp-content\/uploads\/2020\/07\/logo-dekra-de-small.jpg","datePublished":"2020-07-30T16:58:10+00:00","dateModified":"2025-05-03T12:00:08+00:00","breadcrumb":{"@id":"https:\/\/www.turbo-fahrschule.com\/info#breadcrumb"},"inLanguage":"en-GB","potentialAction":[{"@type":"ReadAction","target":["https:\/\/www.turbo-fahrschule.com\/info"]}]},{"@type":"ImageObject","inLanguage":"en-GB","@id":"https:\/\/www.turbo-fahrschule.com\/info#primaryimage","url":"http:\/\/www.turbo-fahrschule.com\/wp-content\/uploads\/2020\/07\/logo-dekra-de-small.jpg","contentUrl":"http:\/\/www.turbo-fahrschule.com\/wp-content\/uploads\/2020\/07\/logo-dekra-de-small.jpg"},{"@type":"BreadcrumbList","@id":"https:\/\/www.turbo-fahrschule.com\/info#breadcrumb","itemListElement":[{"@type":"ListItem","position":1,"name":"Startseite","item":"https:\/\/www.turbo-fahrschule.com\/"},{"@type":"ListItem","position":2,"name":"Info"}]},{"@type":"WebSite","@id":"https:\/\/www.turbo-fahrschule.com\/#website","url":"https:\/\/www.turbo-fahrschule.com\/","name":"Turbo Fahrschule Berlin","description":"mehr als 35 Jahre Erfahrungen","publisher":{"@id":"https:\/\/www.turbo-fahrschule.com\/#organization"},"potentialAction":[{"@type":"SearchAction","target":{"@type":"EntryPoint","urlTemplate":"https:\/\/www.turbo-fahrschule.com\/?s={search_term_string}"},"query-input":{"@type":"PropertyValueSpecification","valueRequired":true,"valueName":"search_term_string"}}],"inLanguage":"en-GB"},{"@type":"Organization","@id":"https:\/\/www.turbo-fahrschule.com\/#organization","name":"Turbo Fahrschule Berlin","url":"https:\/\/www.turbo-fahrschule.com\/","logo":{"@type":"ImageObject","inLanguage":"en-GB","@id":"https:\/\/www.turbo-fahrschule.com\/#\/schema\/logo\/image\/","url":"https:\/\/www.turbo-fahrschule.com\/wp-content\/uploads\/2021\/05\/Logo.jpeg-Kopie-2.jpg","contentUrl":"https:\/\/www.turbo-fahrschule.com\/wp-content\/uploads\/2021\/05\/Logo.jpeg-Kopie-2.jpg","width":2301,"height":2283,"caption":"Turbo Fahrschule Berlin"},"image":{"@id":"https:\/\/www.turbo-fahrschule.com\/#\/schema\/logo\/image\/"},"sameAs":["https:\/\/www.facebook.com\/TurboFahrschule\/"]}]}},"spectra_custom_meta":{"classic-editor-remember":["classic-editor"],"_edit_lock":["1758020684:2"],"_edit_last":["2"],"_wp_page_template":["default"],"_heateor_sss_meta":["a:2:{s:7:\"sharing\";i:0;s:16:\"vertical_sharing\";i:0;}"],"_yoast_wpseo_content_score":["90"],"_yoast_wpseo_estimated-reading-time-minutes":["1"],"_uag_page_assets":["a:9:{s:3:\"css\";s:0:\"\";s:2:\"js\";s:0:\"\";s:18:\"current_block_list\";a:0:{}s:8:\"uag_flag\";b:0;s:11:\"uag_version\";s:10:\"1774360284\";s:6:\"gfonts\";a:0:{}s:10:\"gfonts_url\";s:0:\"\";s:12:\"gfonts_files\";a:0:{}s:14:\"uag_faq_layout\";b:0;}"]},"uagb_featured_image_src":{"full":false,"thumbnail":false,"medium":false,"medium_large":false,"large":false,"1536x1536":false,"2048x2048":false,"trp-custom-language-flag":false},"uagb_author_info":{"display_name":"Modeer","author_link":"https:\/\/www.turbo-fahrschule.com\/en\/author\/modeer"},"uagb_comment_info":0,"uagb_excerpt":"Pr\u00fcfungsgeb\u00fchren f\u00fcr die theoretische und praktische Fahrerlaubeispr\u00fcfung bei DEKRA Zur theoretischen und praktischen Pr\u00fcfung bringen Sie bitte mit: Personalausweis oder [&hellip;]","_links":{"self":[{"href":"https:\/\/www.turbo-fahrschule.com\/en\/wp-json\/wp\/v2\/pages\/182","targetHints":{"allow":["GET"]}}],"collection":[{"href":"https:\/\/www.turbo-fahrschule.com\/en\/wp-json\/wp\/v2\/pages"}],"about":[{"href":"https:\/\/www.turbo-fahrschule.com\/en\/wp-json\/wp\/v2\/types\/page"}],"author":[{"embeddable":true,"href":"https:\/\/www.turbo-fahrschule.com\/en\/wp-json\/wp\/v2\/users\/1"}],"replies":[{"embeddable":true,"href":"https:\/\/www.turbo-fahrschule.com\/en\/wp-json\/wp\/v2\/comments?post=182"}],"version-history":[{"count":6,"href":"https:\/\/www.turbo-fahrschule.com\/en\/wp-json\/wp\/v2\/pages\/182\/revisions"}],"predecessor-version":[{"id":1006,"href":"https:\/\/www.turbo-fahrschule.com\/en\/wp-json\/wp\/v2\/pages\/182\/revisions\/1006"}],"wp:attachment":[{"href":"https:\/\/www.turbo-fahrschule.com\/en\/wp-json\/wp\/v2\/media?parent=182"}],"curies":[{"name":"wp","href":"https:\/\/api.w.org\/{rel}","templated":true}]}}