{"id":40,"date":"2019-02-07T18:28:53","date_gmt":"2019-02-07T18:28:53","guid":{"rendered":"http:\/\/www.berlin-turbo.de\/?page_id=40"},"modified":"2025-07-05T20:44:47","modified_gmt":"2025-07-05T20:44:47","slug":"fahrerlaubnis","status":"publish","type":"page","link":"https:\/\/www.turbo-fahrschule.com\/en\/fahrerlaubnis","title":{"rendered":"Fahrerlaubnis"},"content":{"rendered":"<h2 class=\"wp-block-heading has-text-align-center\" id=\"h-informationen-f-r-den-antrag-zur-erteilung-der-fahrerlaubnis\"> Informationen f\u00fcr den <a href=\"https:\/\/www.berlin.de\/labo\/mobilitaet\/fahrerlaubnisse-personen-und-gueterbefoerderung\/dienstleistungen\/service.213924.php\/dienstleistung\/121627\/\" target=\"_blank\" rel=\"noreferrer noopener\">Antrag zur Erteilung der Fahrerlaubnis<\/a> <\/h2>\n\n\n\n<p><mark style=\"background-color:rgba(0, 0, 0, 0)\" class=\"has-inline-color has-ast-global-color-0-color\"><strong><em>Sie k\u00f6nnen den Antrag aber auch ganz bequem bei uns (ohne Termin) zu den regul\u00e4ren \u00d6ffnungszeiten stellen<\/em><\/strong>.<\/mark><\/p>\n\n\n\n<p><strong><em> Es kostet Sie nur die Antragsgeb\u00fchr, <mark style=\"background-color:rgba(0, 0, 0, 0);color:#cf2e2e\" class=\"has-inline-color\">Die Fahrschule nimmt keine extra Geb\u00fchr f\u00fcr den Antrag.<\/mark><\/em><\/strong><\/p>\n\n\n\n<p>Den F\u00fchrerschein-Antrag k\u00f6nnen Sie auch beim <a href=\"https:\/\/www.berlin.de\/labo\/\" target=\"_blank\" rel=\"noreferrer noopener\">Landesamt f\u00fcr B\u00fcrger-und Ordnungsangelegenheiten<\/a> \/ zust\u00e4ndige Meldestelle \/ B\u00fcrgeramt. <\/p>\n\n\n\n<p><strong> Ben\u00f6tigte Unterlagen f\u00fcr den <a href=\"https:\/\/www.berlin.de\/labo\/mobilitaet\/fahrerlaubnisse-personen-und-gueterbefoerderung\/dienstleistungen\/service.213924.php\/dienstleistung\/121627\/\" target=\"_blank\" rel=\"noreferrer noopener\">Antrag zur Erteilung der Fahrerlaubnis<\/a>:<\/strong><\/p>\n\n\n\n<ul class=\"wp-block-list\">\n<li>Personalausweis<\/li>\n\n\n\n<li>Ein Lichtbild<\/li>\n\n\n\n<li>Sehtestbescheinigung (nicht \u00e4lter als ein Jahr)<\/li>\n\n\n\n<li>Teilnahmebescheinigung \u00fcber lebensrettende Sofortma\u00dfnahmen<\/li>\n\n\n\n<li>51,21 \u20ac Antragsgeb\u00fchr f\u00fcr die Beh\u00f6rde<\/li>\n<\/ul>\n\n\n\n<p> Sollten Sie weitere Fragen zum Antragsverfahren haben, beantworten wir Ihnen diese gerne jederzeit telefonisch oder direkt vor Ort in einer unserer Filialen.<\/p>\n\n\n\n<h3 class=\"wp-block-heading\" id=\"h-wieviel-kostet-mich-der-f-hrerschein\"><strong>Wieviel kostet mich der F\u00fchrerschein?<\/strong><\/h3>\n\n\n\n<p>Das ist die am h\u00e4ufigsten gestellte Frage von angehenden Fahrsch\u00fclern und kann leider nicht pauschal beantwortet werden, da sie von mehreren Faktoren abh\u00e4ngt, wie unter anderem:<\/p>\n\n\n\n<ul class=\"wp-block-list\">\n<li>Haben Sie bereits Erfahrung als PKW-Fahrer?<\/li>\n\n\n\n<li>Wie schnell k\u00f6nnen Sie das Gelernte sicher anwenden?<\/li>\n\n\n\n<li>Wie engagiert sind Sie?<\/li>\n\n\n\n<li>Wie gut kommen Sie mit Ihrem Lernaufwand voran?<\/li>\n\n\n\n<li>Welche Art des F\u00fchrerscheins m\u00f6chten Sie machen? (PKW, Kraftr\u00e4der etc.)<\/li>\n<\/ul>\n\n\n\n<p>Daher ist es ganz individuell, wie schnell und mit wie vielen Fahrstunden Sie Ihre Ausbildung abschlie\u00dfen, doch liegt es uns nat\u00fcrlich am Herzen, dass Sie so schnell und gut vorbereitet wie m\u00f6glich Ihren F\u00fchrerschein erhalten. <\/p>\n\n\n\n<p>Sie k\u00f6nnen in unseren Filialen vor Ort eine aktuelle Preisliste der Fahrstunden erhalten.<\/p>\n\n\n\n<p>Bei allen rund um die Fahrerlaubnis sind wir nat\u00fcrlich und gerne f\u00fcr Sie da!<\/p>\n\n\n\n<figure class=\"wp-block-image size-full\"><img fetchpriority=\"high\" decoding=\"async\" width=\"802\" height=\"736\" src=\"https:\/\/www.turbo-fahrschule.com\/wp-content\/uploads\/2025\/07\/Turbo-fahrschule-Preisliste.jpg\" alt=\"\" class=\"wp-image-1361\" srcset=\"https:\/\/www.turbo-fahrschule.com\/wp-content\/uploads\/2025\/07\/Turbo-fahrschule-Preisliste.jpg 802w, https:\/\/www.turbo-fahrschule.com\/wp-content\/uploads\/2025\/07\/Turbo-fahrschule-Preisliste-300x275.jpg 300w, https:\/\/www.turbo-fahrschule.com\/wp-content\/uploads\/2025\/07\/Turbo-fahrschule-Preisliste-768x705.jpg 768w, https:\/\/www.turbo-fahrschule.com\/wp-content\/uploads\/2025\/07\/Turbo-fahrschule-Preisliste-13x12.jpg 13w\" sizes=\"(max-width: 802px) 100vw, 802px\" \/><\/figure>\n\n\n\n<p><\/p>","protected":false},"excerpt":{"rendered":"<p>Informationen f\u00fcr den Antrag zur Erteilung der Fahrerlaubnis Sie k\u00f6nnen den Antrag aber auch ganz bequem bei uns (ohne Termin) [&hellip;]<\/p>","protected":false},"author":1,"featured_media":0,"parent":0,"menu_order":0,"comment_status":"closed","ping_status":"closed","template":"","meta":{"_uag_custom_page_level_css":"","site-sidebar-layout":"default","site-content-layout":"","ast-site-content-layout":"default","site-content-style":"default","site-sidebar-style":"default","ast-global-header-display":"","ast-banner-title-visibility":"","ast-main-header-display":"","ast-hfb-above-header-display":"","ast-hfb-below-header-display":"","ast-hfb-mobile-header-display":"","site-post-title":"","ast-breadcrumbs-content":"","ast-featured-img":"","footer-sml-layout":"","ast-disable-related-posts":"","theme-transparent-header-meta":"","adv-header-id-meta":"","stick-header-meta":"","header-above-stick-meta":"","header-main-stick-meta":"","header-below-stick-meta":"","astra-migrate-meta-layouts":"default","ast-page-background-enabled":"default","ast-page-background-meta":{"desktop":{"background-color":"var(--ast-global-color-5)","background-image":"","background-repeat":"repeat","background-position":"center center","background-size":"auto","background-attachment":"scroll","background-type":"","background-media":"","overlay-type":"","overlay-color":"","overlay-opacity":"","overlay-gradient":""},"tablet":{"background-color":"","background-image":"","background-repeat":"repeat","background-position":"center center","background-size":"auto","background-attachment":"scroll","background-type":"","background-media":"","overlay-type":"","overlay-color":"","overlay-opacity":"","overlay-gradient":""},"mobile":{"background-color":"","background-image":"","background-repeat":"repeat","background-position":"center center","background-size":"auto","background-attachment":"scroll","background-type":"","background-media":"","overlay-type":"","overlay-color":"","overlay-opacity":"","overlay-gradient":""}},"ast-content-background-meta":{"desktop":{"background-color":"var(--ast-global-color-4)","background-image":"","background-repeat":"repeat","background-position":"center center","background-size":"auto","background-attachment":"scroll","background-type":"","background-media":"","overlay-type":"","overlay-color":"","overlay-opacity":"","overlay-gradient":""},"tablet":{"background-color":"var(--ast-global-color-4)","background-image":"","background-repeat":"repeat","background-position":"center center","background-size":"auto","background-attachment":"scroll","background-type":"","background-media":"","overlay-type":"","overlay-color":"","overlay-opacity":"","overlay-gradient":""},"mobile":{"background-color":"var(--ast-global-color-4)","background-image":"","background-repeat":"repeat","background-position":"center center","background-size":"auto","background-attachment":"scroll","background-type":"","background-media":"","overlay-type":"","overlay-color":"","overlay-opacity":"","overlay-gradient":""}},"footnotes":""},"class_list":["post-40","page","type-page","status-publish","hentry"],"yoast_head":"<!-- This site is optimized with the Yoast SEO Premium plugin v26.8 (Yoast SEO v26.8) - https:\/\/yoast.com\/product\/yoast-seo-premium-wordpress\/ -->\n<title>Fahrerlaubnis - Turbo-Fahrschule Berlin<\/title>\n<meta name=\"robots\" content=\"index, follow, max-snippet:-1, max-image-preview:large, max-video-preview:-1\" \/>\n<link rel=\"canonical\" href=\"https:\/\/www.turbo-fahrschule.com\/en\/fahrerlaubnis\/\" \/>\n<meta property=\"og:locale\" content=\"en_GB\" \/>\n<meta property=\"og:type\" content=\"article\" \/>\n<meta property=\"og:title\" content=\"Fahrerlaubnis\" \/>\n<meta property=\"og:description\" content=\"Informationen f\u00fcr den Antrag zur Erteilung der Fahrerlaubnis Sie k\u00f6nnen den Antrag aber auch ganz bequem bei uns (ohne Termin) [&hellip;]\" \/>\n<meta property=\"og:url\" content=\"https:\/\/www.turbo-fahrschule.com\/en\/fahrerlaubnis\/\" \/>\n<meta property=\"og:site_name\" content=\"Turbo-Fahrschule Berlin\" \/>\n<meta property=\"article:publisher\" content=\"https:\/\/www.facebook.com\/TurboFahrschule\/\" \/>\n<meta property=\"article:modified_time\" content=\"2025-07-05T20:44:47+00:00\" \/>\n<meta property=\"og:image\" content=\"https:\/\/www.turbo-fahrschule.com\/wp-content\/uploads\/2025\/07\/Turbo-fahrschule-Preisliste.jpg\" \/>\n\t<meta property=\"og:image:width\" content=\"802\" \/>\n\t<meta property=\"og:image:height\" content=\"736\" \/>\n\t<meta property=\"og:image:type\" content=\"image\/jpeg\" \/>\n<meta name=\"twitter:card\" content=\"summary_large_image\" \/>\n<meta name=\"twitter:label1\" content=\"Estimated reading time\" \/>\n\t<meta name=\"twitter:data1\" content=\"2 minutes\" \/>\n<script type=\"application\/ld+json\" class=\"yoast-schema-graph\">{\"@context\":\"https:\/\/schema.org\",\"@graph\":[{\"@type\":\"WebPage\",\"@id\":\"https:\/\/www.turbo-fahrschule.com\/fahrerlaubnis\",\"url\":\"https:\/\/www.turbo-fahrschule.com\/fahrerlaubnis\",\"name\":\"Fahrerlaubnis - Turbo-Fahrschule Berlin\",\"isPartOf\":{\"@id\":\"https:\/\/www.turbo-fahrschule.com\/#website\"},\"primaryImageOfPage\":{\"@id\":\"https:\/\/www.turbo-fahrschule.com\/fahrerlaubnis#primaryimage\"},\"image\":{\"@id\":\"https:\/\/www.turbo-fahrschule.com\/fahrerlaubnis#primaryimage\"},\"thumbnailUrl\":\"https:\/\/www.turbo-fahrschule.com\/wp-content\/uploads\/2025\/07\/Turbo-fahrschule-Preisliste.jpg\",\"datePublished\":\"2019-02-07T18:28:53+00:00\",\"dateModified\":\"2025-07-05T20:44:47+00:00\",\"breadcrumb\":{\"@id\":\"https:\/\/www.turbo-fahrschule.com\/fahrerlaubnis#breadcrumb\"},\"inLanguage\":\"en-GB\",\"potentialAction\":[{\"@type\":\"ReadAction\",\"target\":[\"https:\/\/www.turbo-fahrschule.com\/fahrerlaubnis\"]}]},{\"@type\":\"ImageObject\",\"inLanguage\":\"en-GB\",\"@id\":\"https:\/\/www.turbo-fahrschule.com\/fahrerlaubnis#primaryimage\",\"url\":\"https:\/\/www.turbo-fahrschule.com\/wp-content\/uploads\/2025\/07\/Turbo-fahrschule-Preisliste.jpg\",\"contentUrl\":\"https:\/\/www.turbo-fahrschule.com\/wp-content\/uploads\/2025\/07\/Turbo-fahrschule-Preisliste.jpg\"},{\"@type\":\"BreadcrumbList\",\"@id\":\"https:\/\/www.turbo-fahrschule.com\/fahrerlaubnis#breadcrumb\",\"itemListElement\":[{\"@type\":\"ListItem\",\"position\":1,\"name\":\"Startseite\",\"item\":\"https:\/\/www.turbo-fahrschule.com\/\"},{\"@type\":\"ListItem\",\"position\":2,\"name\":\"Fahrerlaubnis\"}]},{\"@type\":\"WebSite\",\"@id\":\"https:\/\/www.turbo-fahrschule.com\/#website\",\"url\":\"https:\/\/www.turbo-fahrschule.com\/\",\"name\":\"Turbo Fahrschule Berlin\",\"description\":\"mehr als 35 Jahre Erfahrungen\",\"publisher\":{\"@id\":\"https:\/\/www.turbo-fahrschule.com\/#organization\"},\"potentialAction\":[{\"@type\":\"SearchAction\",\"target\":{\"@type\":\"EntryPoint\",\"urlTemplate\":\"https:\/\/www.turbo-fahrschule.com\/?s={search_term_string}\"},\"query-input\":{\"@type\":\"PropertyValueSpecification\",\"valueRequired\":true,\"valueName\":\"search_term_string\"}}],\"inLanguage\":\"en-GB\"},{\"@type\":\"Organization\",\"@id\":\"https:\/\/www.turbo-fahrschule.com\/#organization\",\"name\":\"Turbo Fahrschule Berlin\",\"url\":\"https:\/\/www.turbo-fahrschule.com\/\",\"logo\":{\"@type\":\"ImageObject\",\"inLanguage\":\"en-GB\",\"@id\":\"https:\/\/www.turbo-fahrschule.com\/#\/schema\/logo\/image\/\",\"url\":\"https:\/\/www.turbo-fahrschule.com\/wp-content\/uploads\/2021\/05\/Logo.jpeg-Kopie-2.jpg\",\"contentUrl\":\"https:\/\/www.turbo-fahrschule.com\/wp-content\/uploads\/2021\/05\/Logo.jpeg-Kopie-2.jpg\",\"width\":2301,\"height\":2283,\"caption\":\"Turbo Fahrschule Berlin\"},\"image\":{\"@id\":\"https:\/\/www.turbo-fahrschule.com\/#\/schema\/logo\/image\/\"},\"sameAs\":[\"https:\/\/www.facebook.com\/TurboFahrschule\/\"]}]}<\/script>\n<!-- \/ Yoast SEO Premium plugin. -->","yoast_head_json":{"title":"Fahrerlaubnis - Turbo-Fahrschule Berlin","robots":{"index":"index","follow":"follow","max-snippet":"max-snippet:-1","max-image-preview":"max-image-preview:large","max-video-preview":"max-video-preview:-1"},"canonical":"https:\/\/www.turbo-fahrschule.com\/en\/fahrerlaubnis\/","og_locale":"en_GB","og_type":"article","og_title":"Fahrerlaubnis","og_description":"Informationen f\u00fcr den Antrag zur Erteilung der Fahrerlaubnis Sie k\u00f6nnen den Antrag aber auch ganz bequem bei uns (ohne Termin) [&hellip;]","og_url":"https:\/\/www.turbo-fahrschule.com\/en\/fahrerlaubnis\/","og_site_name":"Turbo-Fahrschule Berlin","article_publisher":"https:\/\/www.facebook.com\/TurboFahrschule\/","article_modified_time":"2025-07-05T20:44:47+00:00","og_image":[{"width":802,"height":736,"url":"https:\/\/www.turbo-fahrschule.com\/wp-content\/uploads\/2025\/07\/Turbo-fahrschule-Preisliste.jpg","type":"image\/jpeg"}],"twitter_card":"summary_large_image","twitter_misc":{"Estimated reading time":"2 minutes"},"schema":{"@context":"https:\/\/schema.org","@graph":[{"@type":"WebPage","@id":"https:\/\/www.turbo-fahrschule.com\/fahrerlaubnis","url":"https:\/\/www.turbo-fahrschule.com\/fahrerlaubnis","name":"Fahrerlaubnis - Turbo-Fahrschule Berlin","isPartOf":{"@id":"https:\/\/www.turbo-fahrschule.com\/#website"},"primaryImageOfPage":{"@id":"https:\/\/www.turbo-fahrschule.com\/fahrerlaubnis#primaryimage"},"image":{"@id":"https:\/\/www.turbo-fahrschule.com\/fahrerlaubnis#primaryimage"},"thumbnailUrl":"https:\/\/www.turbo-fahrschule.com\/wp-content\/uploads\/2025\/07\/Turbo-fahrschule-Preisliste.jpg","datePublished":"2019-02-07T18:28:53+00:00","dateModified":"2025-07-05T20:44:47+00:00","breadcrumb":{"@id":"https:\/\/www.turbo-fahrschule.com\/fahrerlaubnis#breadcrumb"},"inLanguage":"en-GB","potentialAction":[{"@type":"ReadAction","target":["https:\/\/www.turbo-fahrschule.com\/fahrerlaubnis"]}]},{"@type":"ImageObject","inLanguage":"en-GB","@id":"https:\/\/www.turbo-fahrschule.com\/fahrerlaubnis#primaryimage","url":"https:\/\/www.turbo-fahrschule.com\/wp-content\/uploads\/2025\/07\/Turbo-fahrschule-Preisliste.jpg","contentUrl":"https:\/\/www.turbo-fahrschule.com\/wp-content\/uploads\/2025\/07\/Turbo-fahrschule-Preisliste.jpg"},{"@type":"BreadcrumbList","@id":"https:\/\/www.turbo-fahrschule.com\/fahrerlaubnis#breadcrumb","itemListElement":[{"@type":"ListItem","position":1,"name":"Startseite","item":"https:\/\/www.turbo-fahrschule.com\/"},{"@type":"ListItem","position":2,"name":"Fahrerlaubnis"}]},{"@type":"WebSite","@id":"https:\/\/www.turbo-fahrschule.com\/#website","url":"https:\/\/www.turbo-fahrschule.com\/","name":"Turbo Fahrschule Berlin","description":"mehr als 35 Jahre Erfahrungen","publisher":{"@id":"https:\/\/www.turbo-fahrschule.com\/#organization"},"potentialAction":[{"@type":"SearchAction","target":{"@type":"EntryPoint","urlTemplate":"https:\/\/www.turbo-fahrschule.com\/?s={search_term_string}"},"query-input":{"@type":"PropertyValueSpecification","valueRequired":true,"valueName":"search_term_string"}}],"inLanguage":"en-GB"},{"@type":"Organization","@id":"https:\/\/www.turbo-fahrschule.com\/#organization","name":"Turbo Fahrschule Berlin","url":"https:\/\/www.turbo-fahrschule.com\/","logo":{"@type":"ImageObject","inLanguage":"en-GB","@id":"https:\/\/www.turbo-fahrschule.com\/#\/schema\/logo\/image\/","url":"https:\/\/www.turbo-fahrschule.com\/wp-content\/uploads\/2021\/05\/Logo.jpeg-Kopie-2.jpg","contentUrl":"https:\/\/www.turbo-fahrschule.com\/wp-content\/uploads\/2021\/05\/Logo.jpeg-Kopie-2.jpg","width":2301,"height":2283,"caption":"Turbo Fahrschule Berlin"},"image":{"@id":"https:\/\/www.turbo-fahrschule.com\/#\/schema\/logo\/image\/"},"sameAs":["https:\/\/www.facebook.com\/TurboFahrschule\/"]}]}},"spectra_custom_meta":{"_edit_lock":["1751871382:2"],"classic-editor-remember":["block-editor"],"_edit_last":["1"],"_heateor_sss_meta":["a:2:{s:7:\"sharing\";i:0;s:16:\"vertical_sharing\";i:0;}"],"_yoast_wpseo_content_score":["90"],"_yoast_wpseo_focuskeywords":["[]"],"_yoast_wpseo_keywordsynonyms":["[\"\"]"],"_yoast_wpseo_estimated-reading-time-minutes":["2"],"_uag_page_assets":["a:9:{s:3:\"css\";s:263:\".uag-blocks-common-selector{z-index:var(--z-index-desktop) !important}@media (max-width: 976px){.uag-blocks-common-selector{z-index:var(--z-index-tablet) !important}}@media (max-width: 767px){.uag-blocks-common-selector{z-index:var(--z-index-mobile) !important}}\n\";s:2:\"js\";s:0:\"\";s:18:\"current_block_list\";a:5:{i:0;s:12:\"core\/heading\";i:1;s:14:\"core\/paragraph\";i:2;s:9:\"core\/list\";i:3;s:14:\"core\/list-item\";i:4;s:10:\"core\/image\";}s:8:\"uag_flag\";b:0;s:11:\"uag_version\";s:10:\"1774360284\";s:6:\"gfonts\";a:0:{}s:10:\"gfonts_url\";s:0:\"\";s:12:\"gfonts_files\";a:0:{}s:14:\"uag_faq_layout\";b:0;}"],"_uag_css_file_name":["uag-css-40.css"]},"uagb_featured_image_src":{"full":false,"thumbnail":false,"medium":false,"medium_large":false,"large":false,"1536x1536":false,"2048x2048":false,"trp-custom-language-flag":false},"uagb_author_info":{"display_name":"Modeer","author_link":"https:\/\/www.turbo-fahrschule.com\/en\/author\/modeer"},"uagb_comment_info":0,"uagb_excerpt":"Informationen f\u00fcr den Antrag zur Erteilung der Fahrerlaubnis Sie k\u00f6nnen den Antrag aber auch ganz bequem bei uns (ohne Termin) [&hellip;]","_links":{"self":[{"href":"https:\/\/www.turbo-fahrschule.com\/en\/wp-json\/wp\/v2\/pages\/40","targetHints":{"allow":["GET"]}}],"collection":[{"href":"https:\/\/www.turbo-fahrschule.com\/en\/wp-json\/wp\/v2\/pages"}],"about":[{"href":"https:\/\/www.turbo-fahrschule.com\/en\/wp-json\/wp\/v2\/types\/page"}],"author":[{"embeddable":true,"href":"https:\/\/www.turbo-fahrschule.com\/en\/wp-json\/wp\/v2\/users\/1"}],"replies":[{"embeddable":true,"href":"https:\/\/www.turbo-fahrschule.com\/en\/wp-json\/wp\/v2\/comments?post=40"}],"version-history":[{"count":13,"href":"https:\/\/www.turbo-fahrschule.com\/en\/wp-json\/wp\/v2\/pages\/40\/revisions"}],"predecessor-version":[{"id":1368,"href":"https:\/\/www.turbo-fahrschule.com\/en\/wp-json\/wp\/v2\/pages\/40\/revisions\/1368"}],"wp:attachment":[{"href":"https:\/\/www.turbo-fahrschule.com\/en\/wp-json\/wp\/v2\/media?parent=40"}],"curies":[{"name":"wp","href":"https:\/\/api.w.org\/{rel}","templated":true}]}}