{"id":57,"date":"2019-02-07T19:20:29","date_gmt":"2019-02-07T19:20:29","guid":{"rendered":"http:\/\/www.berlin-turbo.de\/?page_id=57"},"modified":"2019-02-07T19:20:29","modified_gmt":"2019-02-07T19:20:29","slug":"unsere-agb","status":"publish","type":"page","link":"https:\/\/www.turbo-fahrschule.com\/en\/unsere-agb","title":{"rendered":"Unsere AGB"},"content":{"rendered":"<h3 class=\"wp-block-heading\"><strong>Allgemeine Nutzungsbedingungen f\u00fcr Turbo-Fahrschule Berlin<\/strong><\/h3>\n\n\n\n<p><strong>1. Informationen zum Urheberrecht<\/strong><br> Alle Informationen dieser Web-Seite werden wie angegeben ohne Anspruch  auf Richtigkeit, Vollst\u00e4ndigkeit oder Aktualit\u00e4t zur Verf\u00fcgung gestellt.<br> Wenn nicht ausdr\u00fccklich anderweitig in dieser Publikation zu verstehen  gegeben, und zwar in Zusammenhang mit einem bestimmten Ausschnitt, einer  Datei, oder einem Dokument, ist jedermann dazu berechtigt, dieses  Dokument anzusehen, zu kopieren, zu drucken und zu verteilen, unter den  folgenden Bedingungen:<br> Das Dokument darf nur f\u00fcr nichtkommerzielle Informationszwecke genutzt  werden. Jede Kopie dieses Dokuments oder eines Teils davon muss diese  urheberrechtliche Erkl\u00e4rung und das urheberrechtliche Schutzzeichen des  Betreibers enthalten. Das Dokument, jede Kopie des Dokuments oder eines  Teils davon d\u00fcrfen nicht ohne schriftliche Zustimmung des Betreibers  ver\u00e4ndert werden. Der Betreiber beh\u00e4lt sich das Recht vor, diese  Genehmigung jederzeit zu widerrufen, und jede Nutzung muss sofort  eingestellt werden, sobald eine schriftliche Bekanntmachung seitens des  Betreibers ver\u00f6ffentlicht wird.<\/p>\n\n\n\n<p><strong>2. Vertragliche Zusicherungen und Verzichterkl\u00e4rungen<\/strong><br> Die Website Turbo-Fahrschule steht Ihnen \u2013 soweit nicht anders  vereinbart \u2013 kostenlos zur Verf\u00fcgung. Die Betreiber \u00fcbernehmen keinerlei  Gew\u00e4hr f\u00fcr Richtigkeit der enthaltenen Informationen, Verf\u00fcgbarkeit der  Dienste, Verlust von auf Turbo-Fahrschule abgespeicherten Daten oder  Nutzbarkeit f\u00fcr irgendeinen bestimmten Zweck.<br> Die Betreiber haften auch nicht f\u00fcr Folgesch\u00e4den, die auf einer Nutzung des Angebotes beruhen.<br> Soweit ein Haftungsausschluss nicht in Betracht kommt, haften die  Betreiber lediglich f\u00fcr grobe Fahrl\u00e4ssigkeit und Vorsatz. Produkt- und  Firmennamen sind Marken der jeweiligen Eigent\u00fcmer und werden auf diesen  Seiten ausschlie\u00dflich zu Informationszwecken eingesetzt.<br> Diese Publikation k\u00f6nnte technische oder andere Ungenauigkeiten  enthalten oder Schreib- oder Tippfehler. Von Zeit zu Zeit werden der  vorliegenden Information \u00e4nderungen hinzugef\u00fcgt; diese \u00e4nderungen werden  in neuen Ausgaben der Publikation eingef\u00fcgt. Der Betreiber kann  jederzeit Verbesserungen und\/oder Ver\u00e4nderungen an den Angeboten  vornehmen, die in dieser Publikation beschrieben werden.<\/p>\n\n\n\n<p><strong>3. Meinungs\u00e4u\u00dferungen bei Kommentaren und im Forum<\/strong><br> Aufgrund der sich st\u00e4ndig ver\u00e4ndernden Inhalte bei Kommentaren und im  Forum ist es dem Betreiber nicht m\u00f6glich, alle Beitr\u00e4ge l\u00fcckenlos zu  sichten, inhaltlich zu pr\u00fcfen und die unmittelbare aktive Kontrolle  dar\u00fcber auszu\u00fcben. Es wird keine Verantwortung f\u00fcr den Inhalt, die  Korrektheit und die Form der eingestellten Beitr\u00e4ge \u00fcbernommen.<\/p>\n\n\n\n<p>3a. Spezielle Bestimmungen f\u00fcr angemeldete Nutzer<br>\nMit der Anmeldung bei Turbo-Fahrschule erkl\u00e4rt sich der Nutzer \u2013 \nnachfolgend \u00bbMitglied\u00ab gegen\u00fcber dem Betreiber mit folgenden \nNutzungsbedingungen einverstanden:<br>\nMitglieder, die sich an Diskussionsforen und Kommentaren beteiligen, verpflichten sich dazu,<\/p>\n\n\n\n<p>* 1. Sich in Ihren Beitr\u00e4gen jeglicher Beleidigungen, strafbarer Inhalte, Pornographie und grober Ausdrucksweise zu enthalten,<br>\n* 2. Die alleinige Verantwortung f\u00fcr die von ihnen eingestellten Inhalte\n zu tragen, Rechte Dritter (insbesondere Marken-, Urheber- und \nPers\u00f6nlichkeitsrechte) nicht zu verletzen und die Betreiber von \n\u00bbTurbo-Fahrschule\u00ab von durch ihre Beitr\u00e4ge ausgel\u00f6sten Anspr\u00fcchen \nDritter vollst\u00e4ndig freizustellen.<br>\n* 3. Weder in Foren noch in Kommentaren Werbung irgendwelcher Art \neinzustellen oder Foren und Kommentare zu irgendeiner Art gewerblicher \nT\u00e4tigkeit zu nutzen. Insbesondere gilt das f\u00fcr die Ver\u00f6ffentlichung von \n\u00bb0900\u00ab-Rufnummern zu irgendeinem Zweck.<\/p>\n\n\n\n<p>Es besteht keinerlei Anspruch auf Ver\u00f6ffentlichung von eingereichten \nKommentaren oder Forenbeitr\u00e4gen. Die Betreiber von \u00bbTurbo-Fahrschule\u00ab \nbehalten sich vor, Kommentare und Forenbeitr\u00e4ge nach eigenem Ermessen zu\n editieren oder zu l\u00f6schen. Bei Verletzungen der Pflichten unter 1), 2) \nund 3) behalten sich die Betreiber ferner vor, die Mitgliedschaft \nzeitlich begrenzt zu sperren oder dauernd zu l\u00f6schen.<\/p>\n\n\n\n<p><strong>4. Einreichen von Beitr\u00e4gen und Artikeln<\/strong><br> Soweit das Mitglied von der M\u00f6glichkeit Gebrauch macht, eigene Beitr\u00e4ge  f\u00fcr redaktionellen Teil von \u00bbTurbo-Fahrschule\u00ab einzureichen, gilt  Folgendes:<br> Voraussetzung f\u00fcr das Posten eigener Beitr\u00e4ge ist, dass das Mitglied  seinen vollst\u00e4ndigen und korrekten Vor- und Nachnamen in sein  \u00bbTurbo-Fahrschule\u00ab \u2013 Benutzerprofil eingetragen hat oder nach dem  Einreichen des Artikels dort eintr\u00e4gt. Mit dem dort eingetragenen Namen  wird der eingereichte Beitrag bei Ver\u00f6ffentlichung (\u00f6ffentlich)  gekennzeichnet.<br> Das Mitglied gibt f\u00fcr alle Beitr\u00e4ge, die von ihm oder ihr zuk\u00fcnftig auf  \u00bbTurbo-Fahrschule\u00ab eingereicht werden, folgende Erkl\u00e4rungen ab:<\/p>\n\n\n\n<p>* 1. Das Mitglied versichert, das die eingereichten Beitr\u00e4ge frei von\n Rechten Dritter, insbesondere Urheber-, Marken- oder \nPers\u00f6nlichkeitsrechten sind. Dies gilt f\u00fcr alle eingereichten Beitr\u00e4ge \nund Bildwerke.<br>\n* 2. Das Mitglied r\u00e4umt den Betreibern von \u00bbTurbo-Fahrschule\u00ab ein \nuneingeschr\u00e4nktes Nutzungsrecht an den eingereichten Beitr\u00e4gen ein. \nDieses umfasst die Ver\u00f6ffentlichung im Internet auf \u00bbTurbo-Fahrschule\u00ab \nsowie auf anderen Internetservern, in Newslettern, Printmedien und \nanderen Publikationen.<br>\n* 3. Eingereichte Beitr\u00e4ge werden auf Verlangen des Mitgliedes per Email\n an die Adresse des Webmasters wieder gel\u00f6scht bzw. anonymisiert. Die \nL\u00f6schung bzw. Anonymisierung erfolgt innerhalb von 7 Tagen nach der \nMitteilung. F\u00fcr Folgesch\u00e4den, die dem Mitglied aus der versp\u00e4teten \nL\u00f6schung des Beitrages entstehen haften die Betreiber nur insoweit, als \nsie nicht auf einer Pflichtverletzung des Mitgliedes (oben unter 1), 2) \nund 3) ) und soweit sie dar\u00fcber hinaus auf grobem Verschulden oder \nVorsatz der Betreiber von \u00bbTurbo-Fahrschule\u00ab beruhen. Wir weisen in \ndiesem Zusammenhang ausdr\u00fccklich darauf hin, dass \u00bbTurbo-Fahrschule\u00ab \nregelm\u00e4\u00dfig von Suchmaschinen indexiert wird, und dass wir keinen \nEinfluss darauf haben, ob, wo und wie lange bei uns ver\u00f6ffentlichte \nBeitr\u00e4ge m\u00f6glicherweise auch nach L\u00f6schung bei \u00bbTurbo-Fahrschule\u00ab in \nDatenbanken von Suchmaschinen und Webkatalogen gespeichert werden und \nabrufbar sind.<br>\n* 4. Es besteht keinerlei Anspruch auf Speicherung, Ver\u00f6ffentlichung \noder Archivierung der eingereichten Beitr\u00e4ge. Die Betreiber behalten \nsich vor, eingereichte Beitr\u00e4ge ohne Angabe von Gr\u00fcnden nicht zu \nver\u00f6ffentlichen, vor Ver\u00f6ffentlichung zu editieren oder nach \nVer\u00f6ffentlichung nach freiem Ermessen wieder zu l\u00f6schen.<br>\n* 5. Durch die Ver\u00f6ffentlichung eingereichter Beitr\u00e4ge entstehen \nkeinerlei Verg\u00fctungsanspr\u00fcche (Honorare, Lizenzgeb\u00fchren, \nAufwendungsentsch\u00e4digungen oder \u00e4hnliches) des Mitgliedes gegen\u00fcber \n\u00bbTurbo-Fahrschule\u00ab. Die Mitarbeit ist ehrenamtlich (unentgeltlich).<\/p>\n\n\n\n<p><strong>5. Erkl\u00e4rung zum Datenschutz (Privacy Policy)<\/strong><br> Sofern innerhalb des Internetangebotes die M\u00f6glichkeit zur Eingabe  pers\u00f6nlicher oder gesch\u00e4ftlicher Daten genutzt wird, so erfolgt die  Preisgabe dieser Daten seitens des Nutzers auf ausdr\u00fccklich freiwilliger  Basis. Die Inanspruchnahme unseres Dienstes ist \u2013 soweit technisch  m\u00f6glich und zumutbar \u2013 auch ohne Angabe solcher Daten bzw. unter Angabe  anonymisierter Daten oder eines Pseudonyms gestattet. Weitere wichtige  Informationen zum Thema Datenschutz finden sich in unserer Erkl\u00e4rung zum  Datenschutz (Privacy Policy).<\/p>\n\n\n\n<p><strong>6. Registrierung und Passwort<\/strong><br> Der Benutzer ist verpflichtet, die Kombination Benutzername\/Passwort  vertraulich zu behandeln und nicht an Dritte weiterzugeben. Bei Verdacht  auf Missbrauch der Zugangsdaten ist der Betreiber zu informieren.<\/p>\n\n\n\n<p><strong>7. Hinweis gem\u00e4\u00df Teledienstgesetz<\/strong><br> F\u00fcr Internetseiten Dritter, auf die die dieses Angebot durch sog. Links  verweist, tragen die jeweiligen Anbieter die Verantwortung. Der  Betreiber ist f\u00fcr den Inhalt solcher Seiten Dritter nicht  verantwortlich. Des Weiteren kann die Web-Seite ohne unser Wissen von  anderen Seiten mittels sog. Links angelinkt werden. Der Betreiber  \u00fcbernimmt keine Verantwortung f\u00fcr Darstellungen, Inhalt oder irgendeine  Verbindung zu dieser Web-Seite in Web-Seiten Dritter. F\u00fcr fremde Inhalte  ist der Betreiber nur dann verantwortlich, wenn von ihnen (d.h. auch  von einem rechtswidrigen oder strafbaren Inhalt) positive Kenntnis  vorliegt und es technisch m\u00f6glich und zumutbar ist, deren Nutzung zu  verhindern. Der Betreiber ist nach dem Teledienstgesetz jedoch nicht  verpflichtet, die fremden Inhalte st\u00e4ndig zu \u00fcberpr\u00fcfen.<\/p>\n\n\n\n<p><strong>Kontakt<\/strong><br> Fragen rund um Turbo-Fahrschule bitte an den Webmaster richten.<\/p>\n\n\n\n<p><strong>Rechtswirksamkeit<\/strong><br> Diese Allgemeinen Nutzungsbedingungen beziehen sich auf Turbo-Fahrschule.<br> Sofern Teile oder einzelne Formulierungen dieses Textes der geltenden  Rechtslage nicht, nicht mehr oder nicht vollst\u00e4ndig entsprechen sollten,  bleiben die \u00fcbrigen Teile des Dokumentes in ihrem Inhalt und ihrer  G\u00fcltigkeit davon unber\u00fchrt.<\/p>","protected":false},"excerpt":{"rendered":"<p>Allgemeine Nutzungsbedingungen f\u00fcr Turbo-Fahrschule Berlin 1. Informationen zum Urheberrecht Alle Informationen dieser Web-Seite werden wie angegeben ohne Anspruch auf Richtigkeit, [&hellip;]<\/p>","protected":false},"author":1,"featured_media":0,"parent":0,"menu_order":0,"comment_status":"closed","ping_status":"closed","template":"","meta":{"_uag_custom_page_level_css":"","site-sidebar-layout":"default","site-content-layout":"","ast-site-content-layout":"default","site-content-style":"default","site-sidebar-style":"default","ast-global-header-display":"","ast-banner-title-visibility":"","ast-main-header-display":"","ast-hfb-above-header-display":"","ast-hfb-below-header-display":"","ast-hfb-mobile-header-display":"","site-post-title":"","ast-breadcrumbs-content":"","ast-featured-img":"","footer-sml-layout":"","ast-disable-related-posts":"","theme-transparent-header-meta":"","adv-header-id-meta":"","stick-header-meta":"","header-above-stick-meta":"","header-main-stick-meta":"","header-below-stick-meta":"","astra-migrate-meta-layouts":"default","ast-page-background-enabled":"default","ast-page-background-meta":{"desktop":{"background-color":"var(--ast-global-color-5)","background-image":"","background-repeat":"repeat","background-position":"center center","background-size":"auto","background-attachment":"scroll","background-type":"","background-media":"","overlay-type":"","overlay-color":"","overlay-opacity":"","overlay-gradient":""},"tablet":{"background-color":"","background-image":"","background-repeat":"repeat","background-position":"center center","background-size":"auto","background-attachment":"scroll","background-type":"","background-media":"","overlay-type":"","overlay-color":"","overlay-opacity":"","overlay-gradient":""},"mobile":{"background-color":"","background-image":"","background-repeat":"repeat","background-position":"center center","background-size":"auto","background-attachment":"scroll","background-type":"","background-media":"","overlay-type":"","overlay-color":"","overlay-opacity":"","overlay-gradient":""}},"ast-content-background-meta":{"desktop":{"background-color":"var(--ast-global-color-4)","background-image":"","background-repeat":"repeat","background-position":"center center","background-size":"auto","background-attachment":"scroll","background-type":"","background-media":"","overlay-type":"","overlay-color":"","overlay-opacity":"","overlay-gradient":""},"tablet":{"background-color":"var(--ast-global-color-4)","background-image":"","background-repeat":"repeat","background-position":"center center","background-size":"auto","background-attachment":"scroll","background-type":"","background-media":"","overlay-type":"","overlay-color":"","overlay-opacity":"","overlay-gradient":""},"mobile":{"background-color":"var(--ast-global-color-4)","background-image":"","background-repeat":"repeat","background-position":"center center","background-size":"auto","background-attachment":"scroll","background-type":"","background-media":"","overlay-type":"","overlay-color":"","overlay-opacity":"","overlay-gradient":""}},"footnotes":""},"class_list":["post-57","page","type-page","status-publish","hentry"],"yoast_head":"<!-- This site is optimized with the Yoast SEO Premium plugin v26.8 (Yoast SEO v26.8) - https:\/\/yoast.com\/product\/yoast-seo-premium-wordpress\/ -->\n<title>Unsere AGB - Turbo-Fahrschule Berlin<\/title>\n<meta name=\"robots\" content=\"index, follow, max-snippet:-1, max-image-preview:large, max-video-preview:-1\" \/>\n<link rel=\"canonical\" href=\"https:\/\/www.turbo-fahrschule.com\/en\/unsere-agb\/\" \/>\n<meta property=\"og:locale\" content=\"en_GB\" \/>\n<meta property=\"og:type\" content=\"article\" \/>\n<meta property=\"og:title\" content=\"Unsere AGB\" \/>\n<meta property=\"og:description\" content=\"Allgemeine Nutzungsbedingungen f\u00fcr Turbo-Fahrschule Berlin 1. Informationen zum Urheberrecht Alle Informationen dieser Web-Seite werden wie angegeben ohne Anspruch auf Richtigkeit, [&hellip;]\" \/>\n<meta property=\"og:url\" content=\"https:\/\/www.turbo-fahrschule.com\/en\/unsere-agb\/\" \/>\n<meta property=\"og:site_name\" content=\"Turbo-Fahrschule Berlin\" \/>\n<meta property=\"article:publisher\" content=\"https:\/\/www.facebook.com\/TurboFahrschule\/\" \/>\n<meta property=\"og:image\" content=\"https:\/\/www.turbo-fahrschule.com\/wp-content\/uploads\/2021\/05\/Logo.jpeg-Kopie-2.jpg\" \/>\n\t<meta property=\"og:image:width\" content=\"2301\" \/>\n\t<meta property=\"og:image:height\" content=\"2283\" \/>\n\t<meta property=\"og:image:type\" content=\"image\/jpeg\" \/>\n<meta name=\"twitter:card\" content=\"summary_large_image\" \/>\n<meta name=\"twitter:label1\" content=\"Estimated reading time\" \/>\n\t<meta name=\"twitter:data1\" content=\"6 minutes\" \/>\n<script type=\"application\/ld+json\" class=\"yoast-schema-graph\">{\"@context\":\"https:\/\/schema.org\",\"@graph\":[{\"@type\":\"WebPage\",\"@id\":\"https:\/\/www.turbo-fahrschule.com\/unsere-agb\",\"url\":\"https:\/\/www.turbo-fahrschule.com\/unsere-agb\",\"name\":\"Unsere AGB - Turbo-Fahrschule Berlin\",\"isPartOf\":{\"@id\":\"https:\/\/www.turbo-fahrschule.com\/#website\"},\"datePublished\":\"2019-02-07T19:20:29+00:00\",\"breadcrumb\":{\"@id\":\"https:\/\/www.turbo-fahrschule.com\/unsere-agb#breadcrumb\"},\"inLanguage\":\"en-GB\",\"potentialAction\":[{\"@type\":\"ReadAction\",\"target\":[\"https:\/\/www.turbo-fahrschule.com\/unsere-agb\"]}]},{\"@type\":\"BreadcrumbList\",\"@id\":\"https:\/\/www.turbo-fahrschule.com\/unsere-agb#breadcrumb\",\"itemListElement\":[{\"@type\":\"ListItem\",\"position\":1,\"name\":\"Startseite\",\"item\":\"https:\/\/www.turbo-fahrschule.com\/\"},{\"@type\":\"ListItem\",\"position\":2,\"name\":\"Unsere AGB\"}]},{\"@type\":\"WebSite\",\"@id\":\"https:\/\/www.turbo-fahrschule.com\/#website\",\"url\":\"https:\/\/www.turbo-fahrschule.com\/\",\"name\":\"Turbo Fahrschule Berlin\",\"description\":\"mehr als 35 Jahre Erfahrungen\",\"publisher\":{\"@id\":\"https:\/\/www.turbo-fahrschule.com\/#organization\"},\"potentialAction\":[{\"@type\":\"SearchAction\",\"target\":{\"@type\":\"EntryPoint\",\"urlTemplate\":\"https:\/\/www.turbo-fahrschule.com\/?s={search_term_string}\"},\"query-input\":{\"@type\":\"PropertyValueSpecification\",\"valueRequired\":true,\"valueName\":\"search_term_string\"}}],\"inLanguage\":\"en-GB\"},{\"@type\":\"Organization\",\"@id\":\"https:\/\/www.turbo-fahrschule.com\/#organization\",\"name\":\"Turbo Fahrschule Berlin\",\"url\":\"https:\/\/www.turbo-fahrschule.com\/\",\"logo\":{\"@type\":\"ImageObject\",\"inLanguage\":\"en-GB\",\"@id\":\"https:\/\/www.turbo-fahrschule.com\/#\/schema\/logo\/image\/\",\"url\":\"https:\/\/www.turbo-fahrschule.com\/wp-content\/uploads\/2021\/05\/Logo.jpeg-Kopie-2.jpg\",\"contentUrl\":\"https:\/\/www.turbo-fahrschule.com\/wp-content\/uploads\/2021\/05\/Logo.jpeg-Kopie-2.jpg\",\"width\":2301,\"height\":2283,\"caption\":\"Turbo Fahrschule Berlin\"},\"image\":{\"@id\":\"https:\/\/www.turbo-fahrschule.com\/#\/schema\/logo\/image\/\"},\"sameAs\":[\"https:\/\/www.facebook.com\/TurboFahrschule\/\"]}]}<\/script>\n<!-- \/ Yoast SEO Premium plugin. -->","yoast_head_json":{"title":"Unsere AGB - Turbo-Fahrschule Berlin","robots":{"index":"index","follow":"follow","max-snippet":"max-snippet:-1","max-image-preview":"max-image-preview:large","max-video-preview":"max-video-preview:-1"},"canonical":"https:\/\/www.turbo-fahrschule.com\/en\/unsere-agb\/","og_locale":"en_GB","og_type":"article","og_title":"Unsere AGB","og_description":"Allgemeine Nutzungsbedingungen f\u00fcr Turbo-Fahrschule Berlin 1. Informationen zum Urheberrecht Alle Informationen dieser Web-Seite werden wie angegeben ohne Anspruch auf Richtigkeit, [&hellip;]","og_url":"https:\/\/www.turbo-fahrschule.com\/en\/unsere-agb\/","og_site_name":"Turbo-Fahrschule Berlin","article_publisher":"https:\/\/www.facebook.com\/TurboFahrschule\/","og_image":[{"width":2301,"height":2283,"url":"https:\/\/www.turbo-fahrschule.com\/wp-content\/uploads\/2021\/05\/Logo.jpeg-Kopie-2.jpg","type":"image\/jpeg"}],"twitter_card":"summary_large_image","twitter_misc":{"Estimated reading time":"6 minutes"},"schema":{"@context":"https:\/\/schema.org","@graph":[{"@type":"WebPage","@id":"https:\/\/www.turbo-fahrschule.com\/unsere-agb","url":"https:\/\/www.turbo-fahrschule.com\/unsere-agb","name":"Unsere AGB - Turbo-Fahrschule Berlin","isPartOf":{"@id":"https:\/\/www.turbo-fahrschule.com\/#website"},"datePublished":"2019-02-07T19:20:29+00:00","breadcrumb":{"@id":"https:\/\/www.turbo-fahrschule.com\/unsere-agb#breadcrumb"},"inLanguage":"en-GB","potentialAction":[{"@type":"ReadAction","target":["https:\/\/www.turbo-fahrschule.com\/unsere-agb"]}]},{"@type":"BreadcrumbList","@id":"https:\/\/www.turbo-fahrschule.com\/unsere-agb#breadcrumb","itemListElement":[{"@type":"ListItem","position":1,"name":"Startseite","item":"https:\/\/www.turbo-fahrschule.com\/"},{"@type":"ListItem","position":2,"name":"Unsere AGB"}]},{"@type":"WebSite","@id":"https:\/\/www.turbo-fahrschule.com\/#website","url":"https:\/\/www.turbo-fahrschule.com\/","name":"Turbo Fahrschule Berlin","description":"mehr als 35 Jahre Erfahrungen","publisher":{"@id":"https:\/\/www.turbo-fahrschule.com\/#organization"},"potentialAction":[{"@type":"SearchAction","target":{"@type":"EntryPoint","urlTemplate":"https:\/\/www.turbo-fahrschule.com\/?s={search_term_string}"},"query-input":{"@type":"PropertyValueSpecification","valueRequired":true,"valueName":"search_term_string"}}],"inLanguage":"en-GB"},{"@type":"Organization","@id":"https:\/\/www.turbo-fahrschule.com\/#organization","name":"Turbo Fahrschule Berlin","url":"https:\/\/www.turbo-fahrschule.com\/","logo":{"@type":"ImageObject","inLanguage":"en-GB","@id":"https:\/\/www.turbo-fahrschule.com\/#\/schema\/logo\/image\/","url":"https:\/\/www.turbo-fahrschule.com\/wp-content\/uploads\/2021\/05\/Logo.jpeg-Kopie-2.jpg","contentUrl":"https:\/\/www.turbo-fahrschule.com\/wp-content\/uploads\/2021\/05\/Logo.jpeg-Kopie-2.jpg","width":2301,"height":2283,"caption":"Turbo Fahrschule Berlin"},"image":{"@id":"https:\/\/www.turbo-fahrschule.com\/#\/schema\/logo\/image\/"},"sameAs":["https:\/\/www.facebook.com\/TurboFahrschule\/"]}]}},"spectra_custom_meta":{"_edit_lock":["1640263373:3"],"classic-editor-remember":["classic-editor"],"_uag_page_assets":["a:9:{s:3:\"css\";s:263:\".uag-blocks-common-selector{z-index:var(--z-index-desktop) !important}@media (max-width: 976px){.uag-blocks-common-selector{z-index:var(--z-index-tablet) !important}}@media (max-width: 767px){.uag-blocks-common-selector{z-index:var(--z-index-mobile) !important}}\n\";s:2:\"js\";s:0:\"\";s:18:\"current_block_list\";a:2:{i:0;s:12:\"core\/heading\";i:1;s:14:\"core\/paragraph\";}s:8:\"uag_flag\";b:0;s:11:\"uag_version\";s:10:\"1774360284\";s:6:\"gfonts\";a:0:{}s:10:\"gfonts_url\";s:0:\"\";s:12:\"gfonts_files\";a:0:{}s:14:\"uag_faq_layout\";b:0;}"],"_uag_css_file_name":["uag-css-57.css"]},"uagb_featured_image_src":{"full":false,"thumbnail":false,"medium":false,"medium_large":false,"large":false,"1536x1536":false,"2048x2048":false,"trp-custom-language-flag":false},"uagb_author_info":{"display_name":"Modeer","author_link":"https:\/\/www.turbo-fahrschule.com\/en\/author\/modeer"},"uagb_comment_info":0,"uagb_excerpt":"Allgemeine Nutzungsbedingungen f\u00fcr Turbo-Fahrschule Berlin 1. Informationen zum Urheberrecht Alle Informationen dieser Web-Seite werden wie angegeben ohne Anspruch auf Richtigkeit, [&hellip;]","_links":{"self":[{"href":"https:\/\/www.turbo-fahrschule.com\/en\/wp-json\/wp\/v2\/pages\/57","targetHints":{"allow":["GET"]}}],"collection":[{"href":"https:\/\/www.turbo-fahrschule.com\/en\/wp-json\/wp\/v2\/pages"}],"about":[{"href":"https:\/\/www.turbo-fahrschule.com\/en\/wp-json\/wp\/v2\/types\/page"}],"author":[{"embeddable":true,"href":"https:\/\/www.turbo-fahrschule.com\/en\/wp-json\/wp\/v2\/users\/1"}],"replies":[{"embeddable":true,"href":"https:\/\/www.turbo-fahrschule.com\/en\/wp-json\/wp\/v2\/comments?post=57"}],"version-history":[{"count":1,"href":"https:\/\/www.turbo-fahrschule.com\/en\/wp-json\/wp\/v2\/pages\/57\/revisions"}],"predecessor-version":[{"id":58,"href":"https:\/\/www.turbo-fahrschule.com\/en\/wp-json\/wp\/v2\/pages\/57\/revisions\/58"}],"wp:attachment":[{"href":"https:\/\/www.turbo-fahrschule.com\/en\/wp-json\/wp\/v2\/media?parent=57"}],"curies":[{"name":"wp","href":"https:\/\/api.w.org\/{rel}","templated":true}]}}